{"id":1907,"date":"2025-04-24T16:52:41","date_gmt":"2025-04-24T16:52:41","guid":{"rendered":"https:\/\/www.mblaw.org\/?page_id=1907"},"modified":"2025-08-21T10:07:12","modified_gmt":"2025-08-21T10:07:12","slug":"san-antonio-rideshare-accidente-abogado","status":"publish","type":"page","link":"https:\/\/www.mblaw.org\/es\/san-antonio-rideshare-accidente-abogado\/","title":{"rendered":"San Antonio Abogado de accidentes de coche compartido"},"content":{"rendered":"<div id=\"ez-toc-container\" class=\"ez-toc-v2_0_82_2 counter-hierarchy ez-toc-counter ez-toc-transparent ez-toc-container-direction\">\n<div class=\"ez-toc-title-container\">\n<p class=\"ez-toc-title ez-toc-toggle\" style=\"cursor:pointer\">\u00cdndice<\/p>\n<span class=\"ez-toc-title-toggle\"><a href=\"#\" class=\"ez-toc-pull-right ez-toc-btn ez-toc-btn-xs ez-toc-btn-default ez-toc-toggle\" aria-label=\"Toggle Table of Content\"><span class=\"ez-toc-js-icon-con\"><span class=\"\"><span class=\"eztoc-hide\" style=\"display:none;\">Toggle<\/span><span class=\"ez-toc-icon-toggle-span\"><svg style=\"fill: #999;color:#999\" xmlns=\"http:\/\/www.w3.org\/2000\/svg\" class=\"list-377408\" width=\"20px\" height=\"20px\" viewbox=\"0 0 24 24\" fill=\"none\"><path d=\"M6 6H4v2h2V6zm14 0H8v2h12V6zM4 11h2v2H4v-2zm16 0H8v2h12v-2zM4 16h2v2H4v-2zm16 0H8v2h12v-2z\" fill=\"currentColor\"><\/path><\/svg><svg style=\"fill: #999;color:#999\" class=\"arrow-unsorted-368013\" xmlns=\"http:\/\/www.w3.org\/2000\/svg\" width=\"10px\" height=\"10px\" viewbox=\"0 0 24 24\" version=\"1.2\" baseprofile=\"tiny\"><path d=\"M18.2 9.3l-6.2-6.3-6.2 6.3c-.2.2-.3.4-.3.7s.1.5.3.7c.2.2.4.3.7.3h11c.3 0 .5-.1.7-.3.2-.2.3-.5.3-.7s-.1-.5-.3-.7zM5.8 14.7l6.2 6.3 6.2-6.3c.2-.2.3-.5.3-.7s-.1-.5-.3-.7c-.2-.2-.4-.3-.7-.3h-11c-.3 0-.5.1-.7.3-.2.2-.3.5-.3.7s.1.5.3.7z\"\/><\/svg><\/span><\/span><\/span><\/a><\/span><\/div>\n<nav><ul class='ez-toc-list ez-toc-list-level-1 eztoc-toggle-hide-by-default' ><li class='ez-toc-page-1 ez-toc-heading-level-2'><a class=\"ez-toc-link ez-toc-heading-1\" href=\"https:\/\/www.mblaw.org\/es\/san-antonio-rideshare-accidente-abogado\/#san-antonio-rideshare-accident-attorney\" >San Antonio Abogado de accidentes de coche compartido<\/a><\/li><li class='ez-toc-page-1 ez-toc-heading-level-2'><a class=\"ez-toc-link ez-toc-heading-2\" href=\"https:\/\/www.mblaw.org\/es\/san-antonio-rideshare-accidente-abogado\/#why-choose-us-for-uber-lyft-accidents\" >\u00bfPor qu\u00e9 elegirnos para accidentes de Uber y Lyft?<\/a><\/li><li class='ez-toc-page-1 ez-toc-heading-level-2'><a class=\"ez-toc-link ez-toc-heading-3\" href=\"https:\/\/www.mblaw.org\/es\/san-antonio-rideshare-accidente-abogado\/#understanding-rideshare-accidents-in-san-antonio-tx\" >La comprensi\u00f3n de los accidentes de Rideshare en San Antonio, TX<\/a><ul class='ez-toc-list-level-3' ><li class='ez-toc-heading-level-3'><a class=\"ez-toc-link ez-toc-heading-4\" href=\"https:\/\/www.mblaw.org\/es\/san-antonio-rideshare-accidente-abogado\/#san-antonio-rideshare-accident\" >San Antonio Accidente de transporte compartido<\/a><\/li><\/ul><\/li><li class='ez-toc-page-1 ez-toc-heading-level-2'><a class=\"ez-toc-link ez-toc-heading-5\" href=\"https:\/\/www.mblaw.org\/es\/san-antonio-rideshare-accidente-abogado\/#common-causes-of-rideshare-accidents\" >Causas comunes de los accidentes de coche compartido<\/a><\/li><li class='ez-toc-page-1 ez-toc-heading-level-2'><a class=\"ez-toc-link ez-toc-heading-6\" href=\"https:\/\/www.mblaw.org\/es\/san-antonio-rideshare-accidente-abogado\/#what-to-do-if-youre-involved-in-a-rideshare-accident\" >Qu\u00e9 hacer si se ve implicado en un accidente de coche compartido<\/a><\/li><li class='ez-toc-page-1 ez-toc-heading-level-2'><a class=\"ez-toc-link ez-toc-heading-7\" href=\"https:\/\/www.mblaw.org\/es\/san-antonio-rideshare-accidente-abogado\/#faqs\" >Preguntas frecuentes<\/a><ul class='ez-toc-list-level-3' ><li class='ez-toc-heading-level-3'><a class=\"ez-toc-link ez-toc-heading-8\" href=\"https:\/\/www.mblaw.org\/es\/san-antonio-rideshare-accidente-abogado\/#how-much-does-a-lawyer-get-from-a-car-accident-settlement-in-texas\" >\u00bfCu\u00e1nto obtiene un abogado de un acuerdo por accidente de tr\u00e1fico en Texas?<\/a><\/li><li class='ez-toc-page-1 ez-toc-heading-level-3'><a class=\"ez-toc-link ez-toc-heading-9\" href=\"https:\/\/www.mblaw.org\/es\/san-antonio-rideshare-accidente-abogado\/#how-do-i-file-a-claim-against-uber-for-an-accident\" >\u00bfC\u00f3mo reclamo a Uber por un accidente?<\/a><\/li><li class='ez-toc-page-1 ez-toc-heading-level-3'><a class=\"ez-toc-link ez-toc-heading-10\" href=\"https:\/\/www.mblaw.org\/es\/san-antonio-rideshare-accidente-abogado\/#what-happens-if-an-uber-driver-gets-in-an-accident\" >\u00bfQu\u00e9 ocurre si un conductor de Uber sufre un accidente?<\/a><\/li><li class='ez-toc-page-1 ez-toc-heading-level-3'><a class=\"ez-toc-link ez-toc-heading-11\" href=\"https:\/\/www.mblaw.org\/es\/san-antonio-rideshare-accidente-abogado\/#how-do-i-get-the-optimal-settlement-from-a-car-accident\" >\u00bfC\u00f3mo obtener una indemnizaci\u00f3n \u00f3ptima por accidente de tr\u00e1fico?<\/a><\/li><\/ul><\/li><li class='ez-toc-page-1 ez-toc-heading-level-2'><a class=\"ez-toc-link ez-toc-heading-12\" href=\"https:\/\/www.mblaw.org\/es\/san-antonio-rideshare-accidente-abogado\/#contact-the-law-offices-of-miller-bicklein-pc-today-to-discuss-your-rideshare-accident-case\" >P\u00f3ngase en contacto con las Oficinas Legales de Miller y Bicklein, P.C., hoy para discutir su caso de accidente Rideshare<\/a><\/li><\/ul><\/nav><\/div>\n<h2><span class=\"ez-toc-section\" id=\"san-antonio-rideshare-accident-attorney\"><\/span>San Antonio Abogado de accidentes de coche compartido<span class=\"ez-toc-section-end\"><\/span><\/h2>\n<p><img loading=\"lazy\" decoding=\"async\" class=\"alignnone wp-image-1963\" title=\"contrate a un abogado de accidentes de transporte compartido en san antonio\" src=\"https:\/\/mblaw.org\/wp-content\/uploads\/2025\/04\/hire-san-antonio-rideshare-accident-lawyer.webp\" alt=\"contrate a un abogado de accidentes de transporte compartido en san antonio\" width=\"1000\" height=\"500\" srcset=\"https:\/\/www.mblaw.org\/wp-content\/uploads\/2025\/04\/hire-san-antonio-rideshare-accident-lawyer.webp 1200w, https:\/\/www.mblaw.org\/wp-content\/uploads\/2025\/04\/hire-san-antonio-rideshare-accident-lawyer-300x150.webp 300w, https:\/\/www.mblaw.org\/wp-content\/uploads\/2025\/04\/hire-san-antonio-rideshare-accident-lawyer-1024x512.webp 1024w, https:\/\/www.mblaw.org\/wp-content\/uploads\/2025\/04\/hire-san-antonio-rideshare-accident-lawyer-768x384.webp 768w\" sizes=\"auto, (max-width: 1000px) 100vw, 1000px\" \/><\/p>\n<p>Los servicios de transporte compartido Uber y Lyft han transformado el transporte en las animadas calles de San Antonio al ofrecer un c\u00f3modo acceso mediante un simple toque en la pantalla. Sin embargo, esta comodidad de transporte tambi\u00e9n ha provocado un aumento del n\u00famero de accidentes de tr\u00e1fico. Tener un <strong>abogado experto en accidentes de coche compartido San Antonio<\/strong> es esencial cuando sufres lesiones como pasajero. Pueden explicarte tus derechos y ocuparse de las complejas cuestiones legales relacionadas con los accidentes de veh\u00edculos compartidos.<\/p>\n<p><a href=\"https:\/\/www.mblaw.org\/es\/acerca-de\/\">Las Oficinas Legales de Miller &amp; Bicklein, P.C.<\/a>, asiste activamente a los clientes a trav\u00e9s de complejos procedimientos legales para garantizar la justicia y los pagos que merecen.<\/p>\n<h2><span class=\"ez-toc-section\" id=\"why-choose-us-for-uber-lyft-accidents\"><\/span>\u00bfPor qu\u00e9 elegirnos para accidentes de Uber y Lyft?<span class=\"ez-toc-section-end\"><\/span><\/h2>\n<p>Las Oficinas Legales de Miller &amp; Bicklein, P.C., re\u00fanen m\u00e1s de 90 a\u00f1os de experiencia legal colectiva. Nuestro <a href=\"https:\/\/www.mblaw.org\/es\/san-antonio-abogado-de-lesiones-personales\/\">equipo de abogados de lesiones personales<\/a> demuestra una larga dedicaci\u00f3n al servicio de la comunidad San Antonio.<\/p>\n<p>Empleamos abogados litigantes expertos que tambi\u00e9n comparten lo que saben en seminarios legales, mostrando as\u00ed nuestro compromiso de seguir siendo l\u00edderes en avances legales. Poseemos conocimientos espec\u00edficos sobre las reclamaciones de accidentes de transporte compartido, por lo que podemos luchar en\u00e9rgicamente para obtener su compensaci\u00f3n leg\u00edtima en estos casos.<\/p>\n<h2><span class=\"ez-toc-section\" id=\"understanding-rideshare-accidents-in-san-antonio-tx\"><\/span>La comprensi\u00f3n de los accidentes de Rideshare en San Antonio, TX<span class=\"ez-toc-section-end\"><\/span><\/h2>\n<p>En 2023, la tasa de mortalidad por accidentes de tr\u00e1fico en Texas disminuy\u00f3 respecto al total del a\u00f1o anterior. En el mismo a\u00f1o, se produjeron <a href=\"https:\/\/www.txdot.gov\/content\/dam\/docs\/trf\/crash-reports-records\/2023\/01.pdf\">15.219 accidentes con heridos graves<\/a> en Texas, y 18.752 personas sufrieron heridas graves. Un total de 250.335 personas resultaron heridas en accidentes de tr\u00e1fico en 2023, mientras que 4.283 personas fallecieron como consecuencia de un accidente.<\/p>\n<p>Aunque no todos estos accidentes fueron de conductores compartidos, algunos s\u00ed lo fueron. La presencia de conductores de Uber y Lyft aumenta la complejidad de los accidentes de tr\u00e1fico.<\/p>\n<div class=\"consult-bkg cmn\">\n<div class=\"inr-cmn-box\">\n<div class=\"inr-cmn-box-logo\"><img loading=\"lazy\" decoding=\"async\" src=\"https:\/\/mblaw.org\/wp-content\/uploads\/2024\/11\/ftr-logo-1.webp\" alt=\"ftr-logo-1\" width=\"471\" height=\"158\" \/><\/div>\n<h3><span class=\"ez-toc-section\" id=\"san-antonio-rideshare-accident\"><\/span><strong>San Antonio Accidente de transporte compartido<\/strong><span class=\"ez-toc-section-end\"><\/span><\/h3>\n<p>Llame hoy a las Oficinas Legales de Miller &amp; Bicklein al <a href=\"tel:210-366-2400\">210-366-2400<\/a> para una consulta gratuita<\/p>\n<div class=\"inr-cmn-btnbx\">\n<div class=\"inr-cm-btn\"><a href=\"https:\/\/www.mblaw.org\/es\/pongase-en-contacto-con\/\">programar una consulta<\/a><\/div>\n<div class=\"inr-cm-cal\">\n<h6>Llame para una consulta <a href=\"tel:210-366-2400\">210-366-2400<\/a><\/h6>\n<\/div>\n<\/div>\n<\/div>\n<\/div>\n<h2><span class=\"ez-toc-section\" id=\"common-causes-of-rideshare-accidents\"><\/span>Causas comunes de los accidentes de coche compartido<span class=\"ez-toc-section-end\"><\/span><\/h2>\n<p>Los conductores de veh\u00edculos compartidos se enfrentan a mayores riesgos en el tr\u00e1fico urbano porque tienen que lidiar con m\u00e1s distracciones y presiones que los conductores habituales. Los conductores de Uber y Lyft controlan continuamente sus aplicaciones mientras gestionan rutas desconocidas y estrictas limitaciones de tiempo. <strong>Analizar las causas frecuentes de las colisiones puede aportar claridad sobre estos incidentes y determinar qu\u00e9 parte puede ser responsable:<\/strong><\/p>\n<ul>\n<li><strong>Conducci\u00f3n distra\u00edda<\/strong>. Una de las causas m\u00e1s comunes de accidentes, incluidos los accidentes de viajes compartidos, es la conducci\u00f3n distra\u00edda. Los conductores de veh\u00edculos compartidos a menudo corren el riesgo de desviar su atenci\u00f3n de la carretera, ya que a menudo deben depender de sus tel\u00e9fonos y aplicaciones para la navegaci\u00f3n y las solicitudes de viaje.<\/li>\n<li><strong>Fatiga del conductor<\/strong>. Los conductores de veh\u00edculos compartidos suelen trabajar muchas horas para maximizar sus ingresos. Conducir durante largos periodos de tiempo, especialmente sin descansos, puede hacer que est\u00e9n menos atentos en la carretera, lo que aumenta el riesgo de accidentes.<\/li>\n<li><strong>Problemas del veh\u00edculo<\/strong>. Un aspecto \u00fanico de los servicios de transporte compartido es que el conductor es responsable del mantenimiento de su veh\u00edculo, en lugar de una empresa (como un servicio de taxi o limusina). Los conductores pueden descuidar el mantenimiento adecuado, lo que puede causar accidentes cuando hay problemas importantes con el coche, como fallos en los frenos o los neum\u00e1ticos.<\/li>\n<\/ul>\n<h2><span class=\"ez-toc-section\" id=\"what-to-do-if-youre-involved-in-a-rideshare-accident\"><\/span>Qu\u00e9 hacer si se ve implicado en un accidente de coche compartido<span class=\"ez-toc-section-end\"><\/span><\/h2>\n<p>Si alguna vez se ve involucrado en un accidente de coche compartido, hay ciertas <a href=\"https:\/\/www.mblaw.org\/es\/blog\/que-hacer-despues-de-un-accidente-de-viaje-compartido-en-texas\/\">pasos a seguir para garantizar tu seguridad y asegurar todo lo que necesites tras el accidente<\/a>. <strong>Entre ellas figuran:<\/strong><\/p>\n<ul>\n<li><strong>Buscar atenci\u00f3n m\u00e9dica<\/strong>. Aseg\u00farate de buscar atenci\u00f3n m\u00e9dica inmediatamente, sobre todo si tienes lesiones graves y notables. Aunque sus lesiones parezcan menores o no se vean, pueden surgir problemas m\u00e1s adelante. Puede solicitar asistencia en el University Health System de San Antonio, que es un centro de traumatolog\u00eda puntero que presta atenci\u00f3n m\u00e9dica.<\/li>\n<li><strong>Notificar el accidente a la polic\u00eda<\/strong>. Informando del accidente a las fuerzas del orden, como la <a href=\"https:\/\/en.wikipedia.org\/wiki\/San_Antonio\" target=\"_blank\" rel=\"noopener\">San Antonio<\/a> Departamento de Polic\u00eda, puede asegurarse de que se hace un informe oficial, que puede utilizarse como prueba m\u00e1s adelante.<\/li>\n<li><strong>Documentarlo todo<\/strong>. Recopila informaci\u00f3n de contacto de todas las personas implicadas en el accidente, incluido el conductor del veh\u00edculo compartido y otros conductores. Recoge todas las pruebas que puedas del lugar del accidente, incluidas fotograf\u00edas, v\u00eddeos y declaraciones de testigos presenciales.<\/li>\n<li><strong>Informar a la empresa de transporte compartido<\/strong>. Debe haber un espacio en la aplicaci\u00f3n de viajes compartidos para informar del accidente. Aseg\u00farate de informar a la empresa para que quede constancia oficial, adem\u00e1s del informe de la polic\u00eda.<\/li>\n<li><strong>P\u00f3ngase en contacto con un abogado<\/strong>. Un abogado de viajes compartidos puede navegar por las secuelas del accidente, negociar con las compa\u00f1\u00edas de seguros, luchar por sus derechos y obtener cualquier compensaci\u00f3n que necesite por sus da\u00f1os.<\/li>\n<\/ul>\n<h2><span class=\"ez-toc-section\" id=\"faqs\"><\/span>Preguntas frecuentes<span class=\"ez-toc-section-end\"><\/span><\/h2>\n<h3><span class=\"ez-toc-section\" id=\"how-much-does-a-lawyer-get-from-a-car-accident-settlement-in-texas\"><\/span>\u00bfCu\u00e1nto obtiene un abogado de un acuerdo por accidente de tr\u00e1fico en Texas?<span class=\"ez-toc-section-end\"><\/span><\/h3>\n<p>Abogados de lesiones personales en <a href=\"https:\/\/en.wikipedia.org\/wiki\/Texas\" target=\"_blank\" rel=\"noopener\">Texas<\/a> suelen trabajar con acuerdos de honorarios condicionales, por los que s\u00f3lo cobran si ganan los casos de sus clientes. Los honorarios de contingencia que suelen cobrar los abogados de lesiones personales var\u00edan, pero son un porcentaje del importe del acuerdo. El porcentaje que cobran los <a href=\"https:\/\/www.mblaw.org\/es\/san-antonio-abogado-de-accidente-de-coche\/\">abogados de accidentes de coche<\/a> puede cambiar, dependiendo de lo r\u00e1pido que se resuelva el caso o de si se lleva a juicio. Los juicios requieren m\u00e1s tiempo y recursos, por lo que suelen ser m\u00e1s caros.<\/p>\n<h3><span class=\"ez-toc-section\" id=\"how-do-i-file-a-claim-against-uber-for-an-accident\"><\/span>\u00bfC\u00f3mo reclamo a Uber por un accidente?<span class=\"ez-toc-section-end\"><\/span><\/h3>\n<p>Antes de presentar una reclamaci\u00f3n contra Uber por un accidente, debes establecer qui\u00e9n es el culpable, as\u00ed como el estado de uso de la app por parte del conductor. La p\u00f3liza de responsabilidad de Uber entra en vigor si el conductor estaba operando el veh\u00edculo mientras estaba de servicio durante el incidente. Si la reclamaci\u00f3n al seguro de Uber es rechazada o evaluada injustamente, debes consultar a un abogado especializado en lesiones personales. Ellos pueden ayudarte a emprender acciones legales contra Uber o su conductor en funci\u00f3n de las circunstancias espec\u00edficas.<\/p>\n<h3><span class=\"ez-toc-section\" id=\"what-happens-if-an-uber-driver-gets-in-an-accident\"><\/span>\u00bfQu\u00e9 ocurre si un conductor de Uber sufre un accidente?<span class=\"ez-toc-section-end\"><\/span><\/h3>\n<p>La p\u00f3liza de seguro de Uber ofrece cobertura por da\u00f1os y lesiones si el accidente se produce mientras el conductor est\u00e1 utilizando la aplicaci\u00f3n. La cobertura de la p\u00f3liza de seguro de Uber var\u00eda en funci\u00f3n de si el conductor estaba a la espera de pasajeros, viajando para recoger a un pasajero o conduciendo con pasajeros en el veh\u00edculo.<\/p>\n<p>Los pasajeros y las v\u00edctimas de terceros suelen reclamar a trav\u00e9s del proveedor de seguros de Uber, pero tambi\u00e9n pueden tener que presentar reclamaciones de seguros personales o solicitar indemnizaciones a terceros.<\/p>\n<h3><span class=\"ez-toc-section\" id=\"how-do-i-get-the-optimal-settlement-from-a-car-accident\"><\/span>\u00bfC\u00f3mo obtener una indemnizaci\u00f3n \u00f3ptima por accidente de tr\u00e1fico?<span class=\"ez-toc-section-end\"><\/span><\/h3>\n<p>Un abogado con experiencia puede evaluar sus p\u00e9rdidas, como la p\u00e9rdida de ingresos y los gastos m\u00e9dicos, al tiempo que representa sus intereses durante las negociaciones. Una reclamaci\u00f3n bien fundamentada y organizada puede darle mayor ventaja en las negociaciones.<\/p>\n<h2><span class=\"ez-toc-section\" id=\"contact-the-law-offices-of-miller-bicklein-pc-today-to-discuss-your-rideshare-accident-case\"><\/span>P\u00f3ngase en contacto con las Oficinas Legales de Miller y Bicklein, P.C., hoy para discutir su caso de accidente Rideshare<span class=\"ez-toc-section-end\"><\/span><\/h2>\n<p>Si usted fue lesionado en un accidente de viaje compartido, un abogado de las Oficinas Legales de Miller y Bicklein, PC, puede obtener la compensaci\u00f3n que se merece. <a href=\"https:\/\/www.mblaw.org\/es\/pongase-en-contacto-con\/\">P\u00f3ngase en contacto con nosotros<\/a> para hablar de su caso.<\/p>","protected":false},"excerpt":{"rendered":"<p>San Antonio Rideshare Accident Attorney Rideshare services Uber and Lyft have transformed transportation in San Antonio&#8217;s lively streets by delivering convenient access through a simple screen tap. However, this transportation convenience has also resulted in an increased number of vehicle accidents. Having a skilled San Antonio rideshare accident lawyer is essential when you sustain injuries &hellip; <\/p>\n<p class=\"link-more\"><a href=\"https:\/\/www.mblaw.org\/es\/san-antonio-rideshare-accidente-abogado\/\" class=\"more-link\">Seguir leyendo<span class=\"screen-reader-text\"> &#8220;San Antonio Rideshare Accident Lawyer&#8221;<\/span><\/a><\/p>","protected":false},"author":1,"featured_media":0,"parent":0,"menu_order":0,"comment_status":"closed","ping_status":"closed","template":"","meta":{"_acf_changed":false,"footnotes":""},"class_list":["post-1907","page","type-page","status-publish","hentry","entry"],"acf":[],"aioseo_notices":[],"_links":{"self":[{"href":"https:\/\/www.mblaw.org\/es\/wp-json\/wp\/v2\/pages\/1907","targetHints":{"allow":["GET"]}}],"collection":[{"href":"https:\/\/www.mblaw.org\/es\/wp-json\/wp\/v2\/pages"}],"about":[{"href":"https:\/\/www.mblaw.org\/es\/wp-json\/wp\/v2\/types\/page"}],"author":[{"embeddable":true,"href":"https:\/\/www.mblaw.org\/es\/wp-json\/wp\/v2\/users\/1"}],"replies":[{"embeddable":true,"href":"https:\/\/www.mblaw.org\/es\/wp-json\/wp\/v2\/comments?post=1907"}],"version-history":[{"count":15,"href":"https:\/\/www.mblaw.org\/es\/wp-json\/wp\/v2\/pages\/1907\/revisions"}],"predecessor-version":[{"id":2620,"href":"https:\/\/www.mblaw.org\/es\/wp-json\/wp\/v2\/pages\/1907\/revisions\/2620"}],"wp:attachment":[{"href":"https:\/\/www.mblaw.org\/es\/wp-json\/wp\/v2\/media?parent=1907"}],"curies":[{"name":"wp","href":"https:\/\/api.w.org\/{rel}","templated":true}]}}