{"id":1914,"date":"2025-04-24T17:03:32","date_gmt":"2025-04-24T17:03:32","guid":{"rendered":"https:\/\/www.mblaw.org\/?page_id=1914"},"modified":"2025-08-21T10:20:09","modified_gmt":"2025-08-21T10:20:09","slug":"odessa-rideshare-accidente-abogado","status":"publish","type":"page","link":"https:\/\/www.mblaw.org\/es\/odessa-rideshare-accidente-abogado\/","title":{"rendered":"Odessa Abogado de accidentes de coche compartido"},"content":{"rendered":"<div id=\"ez-toc-container\" class=\"ez-toc-v2_0_82_2 counter-hierarchy ez-toc-counter ez-toc-transparent ez-toc-container-direction\">\n<div class=\"ez-toc-title-container\">\n<p class=\"ez-toc-title ez-toc-toggle\" style=\"cursor:pointer\">\u00cdndice<\/p>\n<span class=\"ez-toc-title-toggle\"><a href=\"#\" class=\"ez-toc-pull-right ez-toc-btn ez-toc-btn-xs ez-toc-btn-default ez-toc-toggle\" aria-label=\"Toggle Table of Content\"><span class=\"ez-toc-js-icon-con\"><span class=\"\"><span class=\"eztoc-hide\" style=\"display:none;\">Toggle<\/span><span class=\"ez-toc-icon-toggle-span\"><svg style=\"fill: #999;color:#999\" xmlns=\"http:\/\/www.w3.org\/2000\/svg\" class=\"list-377408\" width=\"20px\" height=\"20px\" viewbox=\"0 0 24 24\" fill=\"none\"><path d=\"M6 6H4v2h2V6zm14 0H8v2h12V6zM4 11h2v2H4v-2zm16 0H8v2h12v-2zM4 16h2v2H4v-2zm16 0H8v2h12v-2z\" fill=\"currentColor\"><\/path><\/svg><svg style=\"fill: #999;color:#999\" class=\"arrow-unsorted-368013\" xmlns=\"http:\/\/www.w3.org\/2000\/svg\" width=\"10px\" height=\"10px\" viewbox=\"0 0 24 24\" version=\"1.2\" baseprofile=\"tiny\"><path d=\"M18.2 9.3l-6.2-6.3-6.2 6.3c-.2.2-.3.4-.3.7s.1.5.3.7c.2.2.4.3.7.3h11c.3 0 .5-.1.7-.3.2-.2.3-.5.3-.7s-.1-.5-.3-.7zM5.8 14.7l6.2 6.3 6.2-6.3c.2-.2.3-.5.3-.7s-.1-.5-.3-.7c-.2-.2-.4-.3-.7-.3h-11c-.3 0-.5.1-.7.3-.2.2-.3.5-.3.7s.1.5.3.7z\"\/><\/svg><\/span><\/span><\/span><\/a><\/span><\/div>\n<nav><ul class='ez-toc-list ez-toc-list-level-1 eztoc-toggle-hide-by-default' ><li class='ez-toc-page-1 ez-toc-heading-level-2'><a class=\"ez-toc-link ez-toc-heading-1\" href=\"https:\/\/www.mblaw.org\/es\/odessa-rideshare-accidente-abogado\/#odessa-rideshare-accident-attorney\" >Odessa Abogado de accidentes de coche compartido<\/a><\/li><li class='ez-toc-page-1 ez-toc-heading-level-2'><a class=\"ez-toc-link ez-toc-heading-2\" href=\"https:\/\/www.mblaw.org\/es\/odessa-rideshare-accidente-abogado\/#why-choose-the-law-offices-of-miller-bicklein-pc-for-uber-lyft-accidents\" >\u00bfPor qu\u00e9 elegir las Oficinas Legales de Miller y Bicklein, PC, para Uber y Lyft accidentes?<\/a><\/li><li class='ez-toc-page-1 ez-toc-heading-level-2'><a class=\"ez-toc-link ez-toc-heading-3\" href=\"https:\/\/www.mblaw.org\/es\/odessa-rideshare-accidente-abogado\/#rideshare-accidents-in-odessa-tx\" >Rideshare Accidentes en Odessa, TX<\/a><ul class='ez-toc-list-level-3' ><li class='ez-toc-heading-level-3'><a class=\"ez-toc-link ez-toc-heading-4\" href=\"https:\/\/www.mblaw.org\/es\/odessa-rideshare-accidente-abogado\/#odessa-rideshare-accident\" >Accidente Odessa Rideshare<\/a><\/li><\/ul><\/li><li class='ez-toc-page-1 ez-toc-heading-level-2'><a class=\"ez-toc-link ez-toc-heading-5\" href=\"https:\/\/www.mblaw.org\/es\/odessa-rideshare-accidente-abogado\/#liability-in-rideshare-accidents\" >Responsabilidad en accidentes de transporte compartido<\/a><\/li><li class='ez-toc-page-1 ez-toc-heading-level-2'><a class=\"ez-toc-link ez-toc-heading-6\" href=\"https:\/\/www.mblaw.org\/es\/odessa-rideshare-accidente-abogado\/#the-rideshare-company\" >La empresa de transporte compartido<\/a><\/li><li class='ez-toc-page-1 ez-toc-heading-level-2'><a class=\"ez-toc-link ez-toc-heading-7\" href=\"https:\/\/www.mblaw.org\/es\/odessa-rideshare-accidente-abogado\/#the-rideshare-driver\" >El conductor de coche compartido<\/a><\/li><li class='ez-toc-page-1 ez-toc-heading-level-2'><a class=\"ez-toc-link ez-toc-heading-8\" href=\"https:\/\/www.mblaw.org\/es\/odessa-rideshare-accidente-abogado\/#other-drivers-on-the-road\" >Otros conductores en la carretera<\/a><\/li><li class='ez-toc-page-1 ez-toc-heading-level-2'><a class=\"ez-toc-link ez-toc-heading-9\" href=\"https:\/\/www.mblaw.org\/es\/odessa-rideshare-accidente-abogado\/#other-entities\" >Otras entidades<\/a><\/li><li class='ez-toc-page-1 ez-toc-heading-level-2'><a class=\"ez-toc-link ez-toc-heading-10\" href=\"https:\/\/www.mblaw.org\/es\/odessa-rideshare-accidente-abogado\/#how-an-odessa-rideshare-accident-lawyer-can-help\" >C\u00f3mo puede ayudar un abogado de accidentes Odessa Rideshare<\/a><\/li><li class='ez-toc-page-1 ez-toc-heading-level-2'><a class=\"ez-toc-link ez-toc-heading-11\" href=\"https:\/\/www.mblaw.org\/es\/odessa-rideshare-accidente-abogado\/#faqs\" >Preguntas frecuentes<\/a><ul class='ez-toc-list-level-3' ><li class='ez-toc-heading-level-3'><a class=\"ez-toc-link ez-toc-heading-12\" href=\"https:\/\/www.mblaw.org\/es\/odessa-rideshare-accidente-abogado\/#what-should-i-do-if-im-injured-in-a-rideshare-accident-in-odessa\" >\u00bfQu\u00e9 debo hacer si sufro lesiones en un accidente de coche compartido en Odessa?<\/a><\/li><li class='ez-toc-page-1 ez-toc-heading-level-3'><a class=\"ez-toc-link ez-toc-heading-13\" href=\"https:\/\/www.mblaw.org\/es\/odessa-rideshare-accidente-abogado\/#what-compensation-can-i-obtain-from-a-rideshare-accident-claim\" >\u00bfQu\u00e9 indemnizaci\u00f3n puedo obtener por un accidente de coche compartido?<\/a><\/li><li class='ez-toc-page-1 ez-toc-heading-level-3'><a class=\"ez-toc-link ez-toc-heading-14\" href=\"https:\/\/www.mblaw.org\/es\/odessa-rideshare-accidente-abogado\/#will-my-rideshare-accident-case-go-to-court\" >\u00bfLlegar\u00e1 a los tribunales mi caso de accidente de coche compartido?<\/a><\/li><li class='ez-toc-page-1 ez-toc-heading-level-3'><a class=\"ez-toc-link ez-toc-heading-15\" href=\"https:\/\/www.mblaw.org\/es\/odessa-rideshare-accidente-abogado\/#are-rideshare-drivers-required-to-carry-insurance-in-texas\" >\u00bfLos conductores de veh\u00edculos compartidos est\u00e1n obligados a llevar seguro en Texas?<\/a><\/li><\/ul><\/li><li class='ez-toc-page-1 ez-toc-heading-level-2'><a class=\"ez-toc-link ez-toc-heading-16\" href=\"https:\/\/www.mblaw.org\/es\/odessa-rideshare-accidente-abogado\/#contact-the-law-offices-of-miller-bicklein-pc-to-disscuss-your-rideshare-accident-case\" >P\u00f3ngase en contacto con las Oficinas Legales de Miller &amp; Bicklein, P.C., para Disscuss su caso de accidente Rideshare<\/a><\/li><\/ul><\/nav><\/div>\n<h2><span class=\"ez-toc-section\" id=\"odessa-rideshare-accident-attorney\"><\/span>Odessa Abogado de accidentes de coche compartido<span class=\"ez-toc-section-end\"><\/span><\/h2>\n<p><img loading=\"lazy\" decoding=\"async\" class=\"alignnone wp-image-1965\" title=\"contratar odessa rideshare accidente abogado\" src=\"https:\/\/mblaw.org\/wp-content\/uploads\/2025\/04\/hire-odessa-rideshare-accident-lawyer.webp\" alt=\"contratar odessa rideshare accidente abogado\" width=\"1000\" height=\"500\" srcset=\"https:\/\/www.mblaw.org\/wp-content\/uploads\/2025\/04\/hire-odessa-rideshare-accident-lawyer.webp 1200w, https:\/\/www.mblaw.org\/wp-content\/uploads\/2025\/04\/hire-odessa-rideshare-accident-lawyer-300x150.webp 300w, https:\/\/www.mblaw.org\/wp-content\/uploads\/2025\/04\/hire-odessa-rideshare-accident-lawyer-1024x512.webp 1024w, https:\/\/www.mblaw.org\/wp-content\/uploads\/2025\/04\/hire-odessa-rideshare-accident-lawyer-768x384.webp 768w\" sizes=\"auto, (max-width: 1000px) 100vw, 1000px\" \/><\/p>\n<p>Uber y Lyft han hecho m\u00e1s accesible el transporte en Odessa, pero los usuarios se enfrentan a peligros invisibles por esta mayor comodidad. La frecuencia de los accidentes de transporte compartido sigue aumentando, mientras que los procesos legales resultantes resultan muy complicados. En <strong>abogado experto en accidentes de coche compartido Odessa<\/strong> en <a href=\"https:\/\/www.mblaw.org\/es\/acerca-de\/\">Las Oficinas Legales de Miller &amp; Bicklein, P.C.<\/a>puede resolver situaciones complejas al tiempo que garantiza la justicia que le corresponde.<\/p>\n<h2><span class=\"ez-toc-section\" id=\"why-choose-the-law-offices-of-miller-bicklein-pc-for-uber-lyft-accidents\"><\/span>\u00bfPor qu\u00e9 elegir las Oficinas Legales de Miller y Bicklein, PC, para Uber y Lyft accidentes?<span class=\"ez-toc-section-end\"><\/span><\/h2>\n<p>El bufete de abogados Miller &amp; Bicklein, P.C., tiene una amplia experiencia en reclamaciones por accidentes de transporte compartido. Nuestra empresa tiene un compromiso profundo y de larga data para servir a la comunidad Odessa. Nuestro equipo comprende plenamente la compleja naturaleza de los casos de accidentes de transporte compartido, por lo que sabemos c\u00f3mo proteger sus derechos y obtener su merecida compensaci\u00f3n.<\/p>\n<h2><span class=\"ez-toc-section\" id=\"rideshare-accidents-in-odessa-tx\"><\/span>Rideshare Accidentes en Odessa, TX<span class=\"ez-toc-section-end\"><\/span><\/h2>\n<p>La ciudad de Odessa <a href=\"https:\/\/ftp.txdot.gov\/pub\/txdot-info\/trf\/crash_statistics\/2022\/14.pdf\" target=\"_blank\" rel=\"noopener\">tuvo 2.954 accidentes de tr\u00e1fico<\/a> a lo largo de 2022, lo que dio lugar a una media de ocho colisiones cada d\u00eda. De todas las colisiones ocurridas en Odessa en 2022, 2.173 incidentes causaron \u00fanicamente da\u00f1os materiales, pero el resto se saldaron con heridos o muertos. No se dispone de informaci\u00f3n espec\u00edfica sobre los accidentes relacionados con el uso compartido de veh\u00edculos, pero estos servicios est\u00e1n en expansi\u00f3n. Esto afecta a los patrones de tr\u00e1fico y aumenta los niveles de riesgo.<\/p>\n<p>Los m\u00e9todos operativos distintivos de los servicios de transporte compartido, como Uber y Lyft, crean varios factores \u00fanicos que conducen a accidentes. Los conductores de veh\u00edculos compartidos interact\u00faan frecuentemente con sus tel\u00e9fonos para aceptar viajes y seguir las indicaciones del GPS. Tambi\u00e9n se comunican con los pasajeros, lo que distrae al conductor y desv\u00eda su atenci\u00f3n de la carretera.<\/p>\n<p>Las largas jornadas de trabajo y la conducci\u00f3n nocturna para aumentar los ingresos provocan fatiga en muchos conductores de veh\u00edculos compartidos, lo que reduce su capacidad de conducci\u00f3n y reacci\u00f3n.<\/p>\n<p>Los conductores que son nuevos en Odessa o no conocen los barrios locales tienen dificultades con los patrones de tr\u00e1fico, lo que puede dar lugar a paradas bruscas o giros omitidos, que provocan colisiones de veh\u00edculos. La combinaci\u00f3n de elevados requisitos de calificaci\u00f3n y r\u00e1pidas demandas de servicio genera un entorno peligroso, que eleva enormemente el riesgo de accidente para las operaciones de los veh\u00edculos de transporte compartido.<\/p>\n<div class=\"consult-bkg cmn\">\n<div class=\"inr-cmn-box\">\n<div class=\"inr-cmn-box-logo\"><img loading=\"lazy\" decoding=\"async\" src=\"https:\/\/mblaw.org\/wp-content\/uploads\/2024\/11\/ftr-logo-1.webp\" alt=\"ftr-logo-1\" width=\"471\" height=\"158\" \/><\/div>\n<h3><span class=\"ez-toc-section\" id=\"odessa-rideshare-accident\"><\/span><strong>Accidente Odessa Rideshare<\/strong><span class=\"ez-toc-section-end\"><\/span><\/h3>\n<p>Llame hoy a las Oficinas Legales de Miller &amp; Bicklein al <a href=\"tel:210-366-2400\">210-366-2400<\/a> para una consulta gratuita<\/p>\n<div class=\"inr-cmn-btnbx\">\n<div class=\"inr-cm-btn\"><a href=\"https:\/\/www.mblaw.org\/es\/pongase-en-contacto-con\/\">programar una consulta<\/a><\/div>\n<div class=\"inr-cm-cal\">\n<h6>Llame para una consulta <a href=\"tel:210-366-2400\">210-366-2400<\/a><\/h6>\n<\/div>\n<\/div>\n<\/div>\n<\/div>\n<h2><span class=\"ez-toc-section\" id=\"liability-in-rideshare-accidents\"><\/span>Responsabilidad en accidentes de transporte compartido<span class=\"ez-toc-section-end\"><\/span><\/h2>\n<p>La determinaci\u00f3n de la responsabilidad por accidentes de viaje compartido no siempre es tan simple como lo es para otros accidentes. Si necesita presentar una reclamaci\u00f3n debido a los da\u00f1os y lesiones que sufri\u00f3 por el accidente, saber qui\u00e9n tiene la culpa determinar\u00e1 en gran medida su resultado. Las partes responsables en un accidente de transporte compartido podr\u00edan incluir:<\/p>\n<h2><span class=\"ez-toc-section\" id=\"the-rideshare-company\"><\/span>La empresa de transporte compartido<span class=\"ez-toc-section-end\"><\/span><\/h2>\n<p>Las plataformas de viajes compartidos, como Uber y Lyft, clasifican a sus conductores como contratistas independientes, pero tambi\u00e9n mantienen la protecci\u00f3n del seguro cuando los conductores utilizan activamente sus servicios. Las empresas de viajes compartidos activan su cobertura de da\u00f1os cuando el conductor acepta un viaje o cuando comienza el transporte de pasajeros.<\/p>\n<p>El importe de la cobertura depende de si la aplicaci\u00f3n estaba en uso, hab\u00eda un pasajero en el coche o el accidente se produjo mientras el conductor se dirig\u00eda a recoger a un pasajero.<\/p>\n<h2><span class=\"ez-toc-section\" id=\"the-rideshare-driver\"><\/span>El conductor de coche compartido<span class=\"ez-toc-section-end\"><\/span><\/h2>\n<p>Los conductores de veh\u00edculos compartidos que trabajan para Uber o Lyft pueden causar accidentes si tienen un comportamiento negligente o conducen distra\u00eddos. En estas situaciones, pueden enfrentarse a la responsabilidad. La cobertura del seguro del conductor de transporte compartido durante un accidente depende de su estado operativo actual, que determina si se aplica el seguro personal o el de la empresa de transporte compartido.<\/p>\n<h2><span class=\"ez-toc-section\" id=\"other-drivers-on-the-road\"><\/span>Otros conductores en la carretera<span class=\"ez-toc-section-end\"><\/span><\/h2>\n<p>En algunos accidentes, el causante es otro conductor. En estos casos, la compa\u00f1\u00eda de seguros del conductor culpable suele pagar los da\u00f1os del accidente. Uber y Lyft ofrecen protecci\u00f3n de seguro a los conductores y pasajeros que no tienen cobertura suficiente.<\/p>\n<h2><span class=\"ez-toc-section\" id=\"other-entities\"><\/span>Otras entidades<span class=\"ez-toc-section-end\"><\/span><\/h2>\n<p>Si factores externos, como defectos del veh\u00edculo o malas condiciones de la carretera, provocan un accidente, la responsabilidad recae en el fabricante del veh\u00edculo, una entidad gubernamental u otro tercero.<\/p>\n<h2><span class=\"ez-toc-section\" id=\"how-an-odessa-rideshare-accident-lawyer-can-help\"><\/span>C\u00f3mo puede ayudar un abogado de accidentes Odessa Rideshare<span class=\"ez-toc-section-end\"><\/span><\/h2>\n<p>Un abogado con experiencia en accidentes de transporte compartido en Odessa puede navegar con \u00e9xito el complicado proceso posterior a un accidente. Un abogado experto puede proteger sus derechos en cada etapa, desde la identificaci\u00f3n de las partes responsables hasta la negociaci\u00f3n con las compa\u00f1\u00edas de seguros.<\/p>\n<p>Estos <a href=\"https:\/\/www.mblaw.org\/es\/blog\/que-hacer-despues-de-un-accidente-de-viaje-compartido-en-texas\/\">los abogados pueden recopilar las pruebas necesarias tras el accidente de coche compartido<\/a> y representarle en los procedimientos judiciales cuando sea necesario. El Tribunal del Condado de Ector en el centro de <a href=\"https:\/\/en.wikipedia.org\/wiki\/Odessa,_Texas\" target=\"_blank\" rel=\"noopener\">Odessa<\/a> sirve de sede para su caso si avanza hacia el litigio. Su abogado puede gestionar todas las responsabilidades legales para que usted pueda concentrarse en la recuperaci\u00f3n m\u00e9dica y los cuidados continuos. Podr\u00eda buscar esos cuidados en los servicios sanitarios locales, incluido el Hospital Medical Center o el Centro M\u00e9dico Regional Odessa.<\/p>\n<p>Elegir un representante legal local familiarizado con <a href=\"https:\/\/www.txwd.uscourts.gov\/\" target=\"_blank\" rel=\"noopener\">Pistas West Texas<\/a> y las aseguradoras pueden mejorar su caso y aumentar sus posibilidades de obtener un mejor resultado.<\/p>\n<h2><span class=\"ez-toc-section\" id=\"faqs\"><\/span>Preguntas frecuentes<span class=\"ez-toc-section-end\"><\/span><\/h2>\n<h3><span class=\"ez-toc-section\" id=\"what-should-i-do-if-im-injured-in-a-rideshare-accident-in-odessa\"><\/span>\u00bfQu\u00e9 debo hacer si sufro lesiones en un accidente de coche compartido en Odessa?<span class=\"ez-toc-section-end\"><\/span><\/h3>\n<p>Si sufres lesiones en un accidente de coche compartido en Odessa, empieza por buscar ayuda m\u00e9dica de inmediato para todas las lesiones, independientemente de lo peque\u00f1as que parezcan. Despu\u00e9s de obtener asistencia m\u00e9dica, debes alertar del accidente tanto a la polic\u00eda como a la empresa de transporte compartido.<\/p>\n<p>Recopile pruebas tomando fotograf\u00edas y obteniendo los datos de contacto de los testigos. Para proteger tus derechos e iniciar el proceso de reclamaci\u00f3n, es importante que te asesore un abogado de lesiones personales que conozca los tribunales y el sistema de seguros de Odessa.<\/p>\n<h3><span class=\"ez-toc-section\" id=\"what-compensation-can-i-obtain-from-a-rideshare-accident-claim\"><\/span>\u00bfQu\u00e9 indemnizaci\u00f3n puedo obtener por un accidente de coche compartido?<span class=\"ez-toc-section-end\"><\/span><\/h3>\n<p>En una reclamaci\u00f3n por accidente de coche compartido, puede obtener una indemnizaci\u00f3n por su:<\/strong><\/p>\n<ul>\n<li>Gastos m\u00e9dicos<\/li>\n<li>P\u00e9rdida de ingresos<\/li>\n<li>Dolor y sufrimiento<\/li>\n<li>Da\u00f1os materiales<\/li>\n<li>Previsi\u00f3n de futuras necesidades m\u00e9dicas<\/li>\n<\/ul>\n<p>Las personas con lesiones graves pueden solicitar una indemnizaci\u00f3n por incapacidad a largo plazo y angustia emocional. Un abogado puede evaluar los da\u00f1os y tratar de llegar a un acuerdo o, en su caso, acudir a los tribunales.<\/p>\n<h3><span class=\"ez-toc-section\" id=\"will-my-rideshare-accident-case-go-to-court\"><\/span>\u00bfLlegar\u00e1 a los tribunales mi caso de accidente de coche compartido?<span class=\"ez-toc-section-end\"><\/span><\/h3>\n<p>Las reclamaciones por accidentes de coche compartido suelen resolverse mediante acuerdos con el seguro y evitan el proceso de juicio en los tribunales. Si su proveedor de seguros rechaza su responsabilidad o presenta una oferta de liquidaci\u00f3n insuficiente, su abogado tiene la opci\u00f3n de iniciar un proceso judicial. El Tribunal del Condado de Ector, situado en el centro de Odessa en N. Grant Avenue, sirve como la ubicaci\u00f3n t\u00edpica de la corte para las audiencias del caso.<\/p>\n<h3><span class=\"ez-toc-section\" id=\"are-rideshare-drivers-required-to-carry-insurance-in-texas\"><\/span>\u00bfLos conductores de veh\u00edculos compartidos est\u00e1n obligados a llevar seguro en Texas?<span class=\"ez-toc-section-end\"><\/span><\/h3>\n<p>S\u00ed, los conductores de veh\u00edculos compartidos est\u00e1n obligados a tener seguro en Texas. De hecho, deben tener su propio seguro y estar cubiertos por las p\u00f3lizas de Uber o Lyft cuando est\u00e9n activos en la aplicaci\u00f3n. Estas p\u00f3lizas se activan en funci\u00f3n del estado de actividad del conductor (fuera de l\u00ednea, en espera, en ruta o llevando pasajeros). Un abogado puede determinar qu\u00e9 p\u00f3liza se aplica y ayudarle a presentar su reclamaci\u00f3n correctamente.<\/p>\n<h2><span class=\"ez-toc-section\" id=\"contact-the-law-offices-of-miller-bicklein-pc-to-disscuss-your-rideshare-accident-case\"><\/span>P\u00f3ngase en contacto con las Oficinas Legales de Miller &amp; Bicklein, P.C., para Disscuss su caso de accidente Rideshare<span class=\"ez-toc-section-end\"><\/span><\/h2>\n<p>Ser herido en un accidente de coche compartido puede ser dif\u00edcil. Puede ser adicional tratar de navegar el sistema legal despu\u00e9s del accidente. Un abogado de The Law Offices of Miller &amp; Bicklein, P.C., puede representarlo durante todo el proceso. <a href=\"https:\/\/www.mblaw.org\/es\/pongase-en-contacto-con\/\">P\u00f3ngase en contacto con nosotros<\/a> para saber m\u00e1s.<\/p>","protected":false},"excerpt":{"rendered":"<p>Odessa Rideshare Accident Attorney Uber and Lyft have made transportation in Odessa more accessible, yet users face unseen dangers through this enhanced convenience. The frequency of rideshare accidents continues to rise while the resulting legal processes prove highly complicated. An skilled Odessa rideshare accident lawyer at The Law Offices of Miller &amp; Bicklein, P.C., can &hellip; <\/p>\n<p class=\"link-more\"><a href=\"https:\/\/www.mblaw.org\/es\/odessa-rideshare-accidente-abogado\/\" class=\"more-link\">Seguir leyendo<span class=\"screen-reader-text\"> &#8220;Odessa Rideshare Accident Lawyer&#8221;<\/span><\/a><\/p>","protected":false},"author":1,"featured_media":0,"parent":0,"menu_order":0,"comment_status":"closed","ping_status":"closed","template":"","meta":{"_acf_changed":false,"footnotes":""},"class_list":["post-1914","page","type-page","status-publish","hentry","entry"],"acf":[],"aioseo_notices":[],"_links":{"self":[{"href":"https:\/\/www.mblaw.org\/es\/wp-json\/wp\/v2\/pages\/1914","targetHints":{"allow":["GET"]}}],"collection":[{"href":"https:\/\/www.mblaw.org\/es\/wp-json\/wp\/v2\/pages"}],"about":[{"href":"https:\/\/www.mblaw.org\/es\/wp-json\/wp\/v2\/types\/page"}],"author":[{"embeddable":true,"href":"https:\/\/www.mblaw.org\/es\/wp-json\/wp\/v2\/users\/1"}],"replies":[{"embeddable":true,"href":"https:\/\/www.mblaw.org\/es\/wp-json\/wp\/v2\/comments?post=1914"}],"version-history":[{"count":9,"href":"https:\/\/www.mblaw.org\/es\/wp-json\/wp\/v2\/pages\/1914\/revisions"}],"predecessor-version":[{"id":2624,"href":"https:\/\/www.mblaw.org\/es\/wp-json\/wp\/v2\/pages\/1914\/revisions\/2624"}],"wp:attachment":[{"href":"https:\/\/www.mblaw.org\/es\/wp-json\/wp\/v2\/media?parent=1914"}],"curies":[{"name":"wp","href":"https:\/\/api.w.org\/{rel}","templated":true}]}}