{"id":1917,"date":"2025-04-24T17:24:09","date_gmt":"2025-04-24T17:24:09","guid":{"rendered":"https:\/\/www.mblaw.org\/?page_id=1917"},"modified":"2025-08-21T10:41:18","modified_gmt":"2025-08-21T10:41:18","slug":"lubbock-rideshare-accidente-abogado","status":"publish","type":"page","link":"https:\/\/www.mblaw.org\/es\/lubbock-rideshare-accidente-abogado\/","title":{"rendered":"Lubbock Abogado de accidentes de coche compartido"},"content":{"rendered":"<div id=\"ez-toc-container\" class=\"ez-toc-v2_0_82_2 counter-hierarchy ez-toc-counter ez-toc-transparent ez-toc-container-direction\">\n<div class=\"ez-toc-title-container\">\n<p class=\"ez-toc-title ez-toc-toggle\" style=\"cursor:pointer\">\u00cdndice<\/p>\n<span class=\"ez-toc-title-toggle\"><a href=\"#\" class=\"ez-toc-pull-right ez-toc-btn ez-toc-btn-xs ez-toc-btn-default ez-toc-toggle\" aria-label=\"Toggle Table of Content\"><span class=\"ez-toc-js-icon-con\"><span class=\"\"><span class=\"eztoc-hide\" style=\"display:none;\">Toggle<\/span><span class=\"ez-toc-icon-toggle-span\"><svg style=\"fill: #999;color:#999\" xmlns=\"http:\/\/www.w3.org\/2000\/svg\" class=\"list-377408\" width=\"20px\" height=\"20px\" viewbox=\"0 0 24 24\" fill=\"none\"><path d=\"M6 6H4v2h2V6zm14 0H8v2h12V6zM4 11h2v2H4v-2zm16 0H8v2h12v-2zM4 16h2v2H4v-2zm16 0H8v2h12v-2z\" fill=\"currentColor\"><\/path><\/svg><svg style=\"fill: #999;color:#999\" class=\"arrow-unsorted-368013\" xmlns=\"http:\/\/www.w3.org\/2000\/svg\" width=\"10px\" height=\"10px\" viewbox=\"0 0 24 24\" version=\"1.2\" baseprofile=\"tiny\"><path d=\"M18.2 9.3l-6.2-6.3-6.2 6.3c-.2.2-.3.4-.3.7s.1.5.3.7c.2.2.4.3.7.3h11c.3 0 .5-.1.7-.3.2-.2.3-.5.3-.7s-.1-.5-.3-.7zM5.8 14.7l6.2 6.3 6.2-6.3c.2-.2.3-.5.3-.7s-.1-.5-.3-.7c-.2-.2-.4-.3-.7-.3h-11c-.3 0-.5.1-.7.3-.2.2-.3.5-.3.7s.1.5.3.7z\"\/><\/svg><\/span><\/span><\/span><\/a><\/span><\/div>\n<nav><ul class='ez-toc-list ez-toc-list-level-1 eztoc-toggle-hide-by-default' ><li class='ez-toc-page-1 ez-toc-heading-level-2'><a class=\"ez-toc-link ez-toc-heading-1\" href=\"https:\/\/www.mblaw.org\/es\/lubbock-rideshare-accidente-abogado\/#lubbock-rideshare-accident-attorney\" >Lubbock Abogado de accidentes de coche compartido<\/a><\/li><li class='ez-toc-page-1 ez-toc-heading-level-2'><a class=\"ez-toc-link ez-toc-heading-2\" href=\"https:\/\/www.mblaw.org\/es\/lubbock-rideshare-accidente-abogado\/#choosing-an-attorney-you-can-trust-for-uber-lyft-accidents\" >C\u00f3mo elegir un abogado de confianza para accidentes de Uber y Lyft<\/a><\/li><li class='ez-toc-page-1 ez-toc-heading-level-2'><a class=\"ez-toc-link ez-toc-heading-3\" href=\"https:\/\/www.mblaw.org\/es\/lubbock-rideshare-accidente-abogado\/#understanding-rideshare-accidents-in-lubbock-tx\" >La comprensi\u00f3n de los accidentes de Rideshare en Lubbock, TX<\/a><ul class='ez-toc-list-level-3' ><li class='ez-toc-heading-level-3'><a class=\"ez-toc-link ez-toc-heading-4\" href=\"https:\/\/www.mblaw.org\/es\/lubbock-rideshare-accidente-abogado\/#lubbock-rideshare-accident\" >Accidente Lubbock Rideshare<\/a><\/li><\/ul><\/li><li class='ez-toc-page-1 ez-toc-heading-level-2'><a class=\"ez-toc-link ez-toc-heading-5\" href=\"https:\/\/www.mblaw.org\/es\/lubbock-rideshare-accidente-abogado\/#requirements-for-rideshare-drivers\" >Requisitos para los conductores de veh\u00edculos de uso compartido<\/a><\/li><li class='ez-toc-page-1 ez-toc-heading-level-2'><a class=\"ez-toc-link ez-toc-heading-6\" href=\"https:\/\/www.mblaw.org\/es\/lubbock-rideshare-accidente-abogado\/#rideshare-insurance-application\" >Solicitud de seguro de viaje compartido<\/a><\/li><li class='ez-toc-page-1 ez-toc-heading-level-2'><a class=\"ez-toc-link ez-toc-heading-7\" href=\"https:\/\/www.mblaw.org\/es\/lubbock-rideshare-accidente-abogado\/#damages-you-can-claim-in-a-rideshare-accident\" >Da\u00f1os que puede reclamar en un accidente de coche compartido<\/a><\/li><li class='ez-toc-page-1 ez-toc-heading-level-2'><a class=\"ez-toc-link ez-toc-heading-8\" href=\"https:\/\/www.mblaw.org\/es\/lubbock-rideshare-accidente-abogado\/#faqs\" >Preguntas frecuentes<\/a><ul class='ez-toc-list-level-3' ><li class='ez-toc-heading-level-3'><a class=\"ez-toc-link ez-toc-heading-9\" href=\"https:\/\/www.mblaw.org\/es\/lubbock-rideshare-accidente-abogado\/#what-should-i-do-immediately-after-a-rideshare-accident-in-lubbock\" >\u00bfQu\u00e9 debo hacer inmediatamente despu\u00e9s de un accidente de coche compartido en Lubbock?<\/a><\/li><li class='ez-toc-page-1 ez-toc-heading-level-3'><a class=\"ez-toc-link ez-toc-heading-10\" href=\"https:\/\/www.mblaw.org\/es\/lubbock-rideshare-accidente-abogado\/#what-compensation-can-i-recover-after-a-rideshare-accident\" >\u00bfQu\u00e9 indemnizaci\u00f3n puedo recibir tras un accidente de coche compartido?<\/a><\/li><li class='ez-toc-page-1 ez-toc-heading-level-3'><a class=\"ez-toc-link ez-toc-heading-11\" href=\"https:\/\/www.mblaw.org\/es\/lubbock-rideshare-accidente-abogado\/#what-if-im-in-a-rideshare-accident-and-the-responsible-party-is-uninsured-or-underinsured\" >\u00bfQu\u00e9 pasa si tengo un accidente con un coche compartido y el responsable no tiene seguro o tiene un seguro insuficiente?<\/a><\/li><li class='ez-toc-page-1 ez-toc-heading-level-3'><a class=\"ez-toc-link ez-toc-heading-12\" href=\"https:\/\/www.mblaw.org\/es\/lubbock-rideshare-accidente-abogado\/#do-i-need-a-lawyer-for-a-rideshare-accident-claim\" >\u00bfNecesito un abogado para reclamar un accidente de coche compartido?<\/a><\/li><\/ul><\/li><li class='ez-toc-page-1 ez-toc-heading-level-2'><a class=\"ez-toc-link ez-toc-heading-13\" href=\"https:\/\/www.mblaw.org\/es\/lubbock-rideshare-accidente-abogado\/#contact-the-law-offices-of-miller-bicklein-pc-today-to-discuss-your-rideshare-accident-case\" >P\u00f3ngase en contacto con las Oficinas Legales de Miller y Bicklein, P.C., hoy para discutir su caso de accidente Rideshare<\/a><\/li><\/ul><\/nav><\/div>\n<h2><span class=\"ez-toc-section\" id=\"lubbock-rideshare-accident-attorney\"><\/span>Lubbock Abogado de accidentes de coche compartido<span class=\"ez-toc-section-end\"><\/span><\/h2>\n<p><img loading=\"lazy\" decoding=\"async\" class=\"alignnone wp-image-1967\" title=\"contratar lubbock rideshare accidente abogado\" src=\"https:\/\/mblaw.org\/wp-content\/uploads\/2025\/04\/hire-lubbock-rideshare-accident-lawyer.webp\" alt=\"contratar lubbock rideshare accidente abogado\" width=\"1000\" height=\"500\" srcset=\"https:\/\/www.mblaw.org\/wp-content\/uploads\/2025\/04\/hire-lubbock-rideshare-accident-lawyer.webp 1200w, https:\/\/www.mblaw.org\/wp-content\/uploads\/2025\/04\/hire-lubbock-rideshare-accident-lawyer-300x150.webp 300w, https:\/\/www.mblaw.org\/wp-content\/uploads\/2025\/04\/hire-lubbock-rideshare-accident-lawyer-1024x512.webp 1024w, https:\/\/www.mblaw.org\/wp-content\/uploads\/2025\/04\/hire-lubbock-rideshare-accident-lawyer-768x384.webp 768w\" sizes=\"auto, (max-width: 1000px) 100vw, 1000px\" \/><\/p>\n<p>Los residentes y visitantes de la bulliciosa ciudad de Lubbock dependen ahora de servicios de transporte compartido, como Uber y Lyft, para desplazarse por la zona. La posibilidad de solicitar transporte pulsando un bot\u00f3n ha mejorado considerablemente las opciones de movilidad. Sin embargo, la comodidad de esta tecnolog\u00eda tambi\u00e9n conlleva problemas, como el aumento del n\u00famero de accidentes de tr\u00e1fico en los que se ven implicados veh\u00edculos de transporte compartido. Si usted ha sido herido en un accidente de transporte compartido, un abogado puede ayudarle. <strong>abogado experto en accidentes de coche compartido Lubbock<\/strong> puede representarle.<\/p>\n<h2><span class=\"ez-toc-section\" id=\"choosing-an-attorney-you-can-trust-for-uber-lyft-accidents\"><\/span>C\u00f3mo elegir un abogado de confianza para accidentes de Uber y Lyft<span class=\"ez-toc-section-end\"><\/span><\/h2>\n<p><a href=\"https:\/\/www.mblaw.org\/es\/acerca-de\/\">Las Oficinas Legales de Miller &amp; Bicklein, P.C.<\/a>, cuenta con m\u00e1s de 90 a\u00f1os de experiencia jur\u00eddica acumulada. Nuestro equipo contin\u00faa su compromiso a largo plazo para servir a la comunidad Lubbock y otros a lo largo de Texas. Ofrecemos nuestra experiencia a los dem\u00e1s a trav\u00e9s de seminarios jur\u00eddicos locales para compartir nuestros conocimientos de los avances jur\u00eddicos en constante evoluci\u00f3n. Entendemos los accidentes de transporte compartido, por lo que sabemos c\u00f3mo perseguir agresivamente su merecida restituci\u00f3n financiera.<\/p>\n<h2><span class=\"ez-toc-section\" id=\"understanding-rideshare-accidents-in-lubbock-tx\"><\/span>La comprensi\u00f3n de los accidentes de Rideshare en Lubbock, TX<span class=\"ez-toc-section-end\"><\/span><\/h2>\n<p>En el condado de Lubbock, <a href=\"https:\/\/www.everythinglubbock.com\/news\/local-news\/how-many-crashes-happened-in-lubbock-in-2024\/#:~:text=Public%20data%20showed%20there%20were,46%20people%20losing%20their%20lives.&amp;text=Out%20of%20the%20approximately%206%2C673,crashes%20involved%20driving%20while%20intoxicated.\" target=\"_blank\" rel=\"noopener\">Se registraron 6.673 accidentes<\/a> en 2023 (a mediados de diciembre de ese a\u00f1o). Esta cifra supone un descenso respecto a las m\u00e1s de 8.000 colisiones registradas el a\u00f1o anterior. 98 de estas colisiones se saldaron con heridos graves, de los cuales 41 resultaron mortales, con la p\u00e9rdida de aproximadamente 46 vidas. Aunque no se dispone de estad\u00edsticas de accidentes espec\u00edficas de los veh\u00edculos compartidos, \u00e9stos contribuyen al n\u00famero total de accidentes en la ciudad.<\/p>\n<div class=\"consult-bkg cmn\">\n<div class=\"inr-cmn-box\">\n<div class=\"inr-cmn-box-logo\"><img loading=\"lazy\" decoding=\"async\" src=\"https:\/\/mblaw.org\/wp-content\/uploads\/2024\/11\/ftr-logo-1.webp\" alt=\"ftr-logo-1\" width=\"471\" height=\"158\" \/><\/div>\n<h3><span class=\"ez-toc-section\" id=\"lubbock-rideshare-accident\"><\/span><strong>Accidente Lubbock Rideshare<\/strong><span class=\"ez-toc-section-end\"><\/span><\/h3>\n<p>Llame hoy a las Oficinas Legales de Miller &amp; Bicklein al <a href=\"tel:210-366-2400\">210-366-2400<\/a> para una consulta gratuita<\/p>\n<div class=\"inr-cmn-btnbx\">\n<div class=\"inr-cm-btn\"><a href=\"https:\/\/www.mblaw.org\/es\/pongase-en-contacto-con\/\">programar una consulta<\/a><\/div>\n<div class=\"inr-cm-cal\">\n<h6>Llame para una consulta <a href=\"tel:210-366-2400\">210-366-2400<\/a><\/h6>\n<\/div>\n<\/div>\n<\/div>\n<\/div>\n<h2><span class=\"ez-toc-section\" id=\"requirements-for-rideshare-drivers\"><\/span>Requisitos para los conductores de veh\u00edculos de uso compartido<span class=\"ez-toc-section-end\"><\/span><\/h2>\n<p>Seg\u00fan la <a href=\"https:\/\/statutes.capitol.texas.gov\/Docs\/OC\/htm\/OC.2402.htm\" target=\"_blank\" rel=\"noopener\">Texas C\u00f3digo de ocupaci\u00f3n<\/a>Los conductores de Uber y Lyft funcionan como contratistas independientes en lugar de ser clasificados como empleados de sus respectivas empresas de transporte compartido. Los conductores necesitan un permiso de conducir v\u00e1lido y un historial de conducci\u00f3n limpio para operar legalmente. Tambi\u00e9n deben confirmar que su veh\u00edculo cumple las normas de seguridad y calidad de la plataforma de viajes compartidos.<\/p>\n<p>Uber y Lyft realizan controles peri\u00f3dicos de antecedentes e inspecciones de veh\u00edculos para proteger a los pasajeros. Sin embargo, siguen ocurriendo accidentes con los veh\u00edculos compartidos, incluso cuando se aplican medidas de seguridad. La cobertura del seguro y las responsabilidades de un conductor cambiar\u00e1n en funci\u00f3n de su situaci\u00f3n en el momento del incidente.<\/p>\n<p>Los conductores que se registran en la aplicaci\u00f3n y muestran disponibilidad para realizar viajes mantienen una cobertura de seguro de viaje compartido limitada porque se les clasifica como \"en servicio\". Los accidentes que ocurren mientras el conductor no est\u00e1 conectado a la aplicaci\u00f3n est\u00e1n cubiertos por su p\u00f3liza de seguro de autom\u00f3vil personal, ya que en esta situaci\u00f3n se le considera \"fuera de servicio\".<\/p>\n<h2><span class=\"ez-toc-section\" id=\"rideshare-insurance-application\"><\/span>Solicitud de seguro de viaje compartido<span class=\"ez-toc-section-end\"><\/span><\/h2>\n<p>Si un conductor de coche compartido sufre un accidente, la cobertura del seguro de la empresa de viajes compartidos depender\u00e1 del estado de sus obligaciones en ese momento. Esto ayuda a los afectados por un accidente de transporte compartido, ya que pueden saber c\u00f3mo presentar una reclamaci\u00f3n con precisi\u00f3n. <strong>Esta designaci\u00f3n se divide en periodos:<\/strong><\/p>\n<ul>\n<li><strong>Per\u00edodo 0<\/strong>. Durante este periodo, el conductor no est\u00e1 de servicio, por lo que cualquier accidente que sufra estar\u00e1 cubierto por su seguro personal. La empresa de transporte compartido no ofrece cobertura.<\/li>\n<li><strong>Per\u00edodo 1<\/strong>. En este momento, el conductor permanece conectado a la aplicaci\u00f3n sin aceptar ninguna solicitud de viaje. El propio seguro del conductor sigue siendo su principal protecci\u00f3n. Uber y Lyft ofrecen protecci\u00f3n de responsabilidad contingente durante este periodo.<\/li>\n<li><strong>Per\u00edodo 2<\/strong>. La cobertura del seguro de la empresa se activa en cuanto el conductor confirma la solicitud de transporte y comienza a dirigirse al lugar de recogida del pasajero. La p\u00f3liza incluye cobertura de responsabilidad civil y cobertura limitada del veh\u00edculo para los conductores que posean cobertura a todo riesgo y por colisi\u00f3n.<\/li>\n<li><strong>Per\u00edodo 3<\/strong>. En ese momento, el conductor ha recogido a un pasajero y \u00e9ste se encuentra en el veh\u00edculo. La cobertura del seguro del veh\u00edculo alcanza su nivel m\u00e1ximo cuando sube un pasajero. El paquete de seguros incluye protecci\u00f3n por responsabilidad civil, protecci\u00f3n para motoristas sin seguro o con seguro insuficiente, cobertura a todo riesgo contingente y protecci\u00f3n por colisi\u00f3n para el veh\u00edculo del conductor. Incluye una franquicia.<\/li>\n<\/ul>\n<h2><span class=\"ez-toc-section\" id=\"damages-you-can-claim-in-a-rideshare-accident\"><\/span>Da\u00f1os que puede reclamar en un accidente de coche compartido<span class=\"ez-toc-section-end\"><\/span><\/h2>\n<p>En <a href=\"https:\/\/en.wikipedia.org\/wiki\/Lubbock,_Texas\" target=\"_blank\" rel=\"noopener\">Lubbock<\/a> Lesiones por accidentes de Uber o Lyft le permiten perseguir m\u00faltiples opciones de reclamaci\u00f3n en funci\u00f3n de sus circunstancias espec\u00edficas. La parte responsable del accidente puede enfrentarse a una demanda por lesiones personales, ya sea por parte del conductor de Uber o de otro conductor, mientras que la empresa de transporte compartido rara vez puede ser reclamada.<\/p>\n<p>Las reclamaciones por da\u00f1os materiales son posibles cuando tu coche o tus pertenencias resultan da\u00f1ados, y la responsabilidad depende de la causa del accidente y del estado de la aplicaci\u00f3n del conductor del veh\u00edculo compartido. Si se produce un accidente mortal, los familiares que re\u00fanan los requisitos, incluidos c\u00f3nyuges, hijos o padres, pueden presentar una demanda por homicidio culposo para recuperar sus p\u00e9rdidas, como los gastos funerarios y la angustia emocional.<\/p>\n<h2><span class=\"ez-toc-section\" id=\"faqs\"><\/span>Preguntas frecuentes<span class=\"ez-toc-section-end\"><\/span><\/h2>\n<h3><span class=\"ez-toc-section\" id=\"what-should-i-do-immediately-after-a-rideshare-accident-in-lubbock\"><\/span>\u00bfQu\u00e9 debo hacer inmediatamente despu\u00e9s de un accidente de coche compartido en Lubbock?<span class=\"ez-toc-section-end\"><\/span><\/h3>\n<p><a href=\"https:\/\/www.mblaw.org\/es\/blog\/que-hacer-despues-de-un-accidente-de-coche-en-texas\/\">Inmediatamente despu\u00e9s de un accidente de coche compartido<\/a> en Lubbock, obtenga una evaluaci\u00f3n m\u00e9dica, incluso para lesiones aparentemente peque\u00f1as. P\u00f3ngase en contacto con el 911 para recibir ayuda de emergencia e informe al Departamento de Polic\u00eda de Lubbock. Utiliza tu smartphone para hacer fotos del lugar de los hechos y recoger los datos de contacto de los testigos. A continuaci\u00f3n, presenta un informe del incidente en la aplicaci\u00f3n m\u00f3vil del servicio de transporte compartido.<\/p>\n<p>P\u00f3ngase en contacto con un abogado en Lubbock con experiencia en accidentes de viaje compartido. Ellos pueden asegurar tus derechos mientras gestionan tu reclamaci\u00f3n al seguro.<\/p>\n<h3><span class=\"ez-toc-section\" id=\"what-compensation-can-i-recover-after-a-rideshare-accident\"><\/span>\u00bfQu\u00e9 indemnizaci\u00f3n puedo recibir tras un accidente de coche compartido?<span class=\"ez-toc-section-end\"><\/span><\/h3>\n<p>Despu\u00e9s de un accidente de coche compartido, puede recuperarse:<\/strong><\/p>\n<ul>\n<li>Gastos m\u00e9dicos<\/li>\n<li>P\u00e9rdida de ingresos<\/li>\n<li>Da\u00f1os morales<\/li>\n<li>Costes de los da\u00f1os materiales<\/li>\n<li>Indemnizaciones por homicidio culposo<\/li>\n<\/ul>\n<p>Su indemnizaci\u00f3n variar\u00e1 en funci\u00f3n de la gravedad de la lesi\u00f3n y de la cobertura del seguro de la parte responsable. Un abogado puede aumentar tu indemnizaci\u00f3n presentando un caso s\u00f3lido, respaldado por una documentaci\u00f3n exhaustiva.<\/p>\n<h3><span class=\"ez-toc-section\" id=\"what-if-im-in-a-rideshare-accident-and-the-responsible-party-is-uninsured-or-underinsured\"><\/span>\u00bfQu\u00e9 pasa si tengo un accidente con un coche compartido y el responsable no tiene seguro o tiene un seguro insuficiente?<span class=\"ez-toc-section-end\"><\/span><\/h3>\n<p>Cuando el conductor culpable del accidente no tiene una cobertura adecuada, la cobertura sin seguro\/sin seguro de Uber o Lyft pasa a estar disponible para los pasajeros durante los viajes activos. Esta protecci\u00f3n proporciona cobertura para gastos m\u00e9dicos y p\u00e9rdida de ingresos cuando el conductor culpable no tiene un seguro adecuado. Esta cobertura existe para proteger a los pasajeros de viajes compartidos.<\/p>\n<h3><span class=\"ez-toc-section\" id=\"do-i-need-a-lawyer-for-a-rideshare-accident-claim\"><\/span>\u00bfNecesito un abogado para reclamar un accidente de coche compartido?<span class=\"ez-toc-section-end\"><\/span><\/h3>\n<p>La ley no le obliga a contratar a un abogado, pero hacerlo puede mejorar mucho sus perspectivas de obtener una indemnizaci\u00f3n justa. Las normas sobre seguros y responsabilidad civil en accidentes de transporte compartido crean m\u00faltiples niveles de complejidad. Usted puede concentrarse en curarse mientras un abogado de Lubbock investiga el accidente, se ocupa de los asuntos del seguro y emprende acciones legales para defender sus derechos.<\/p>\n<h2><span class=\"ez-toc-section\" id=\"contact-the-law-offices-of-miller-bicklein-pc-today-to-discuss-your-rideshare-accident-case\"><\/span>P\u00f3ngase en contacto con las Oficinas Legales de Miller y Bicklein, P.C., hoy para discutir su caso de accidente Rideshare<span class=\"ez-toc-section-end\"><\/span><\/h2>\n<p>Si usted fue lesionado en un accidente de viaje compartido, usted no tiene que enfrentar las consecuencias legales solo. Un abogado de The Law Offices of Miller &amp; Bicklein, P.C., puede representarlo. <a href=\"https:\/\/www.mblaw.org\/es\/pongase-en-contacto-con\/\">P\u00f3ngase en contacto con nosotros<\/a> para iniciar el proceso legal para que pueda centrarse en la recuperaci\u00f3n mientras luchamos por sus derechos.<\/p>","protected":false},"excerpt":{"rendered":"<p>Lubbock Rideshare Accident Attorney Residents and visitors in the bustling city of Lubbock now depend on rideshare services, such as Uber and Lyft, to navigate the area. The ability to request transportation through a tap of a button has significantly improved mobility options. However, the convenience of this technology also leads to problems, including an &hellip; <\/p>\n<p class=\"link-more\"><a href=\"https:\/\/www.mblaw.org\/es\/lubbock-rideshare-accidente-abogado\/\" class=\"more-link\">Seguir leyendo<span class=\"screen-reader-text\"> &#8220;Lubbock Rideshare Accident Lawyer&#8221;<\/span><\/a><\/p>","protected":false},"author":1,"featured_media":0,"parent":0,"menu_order":0,"comment_status":"closed","ping_status":"closed","template":"","meta":{"_acf_changed":false,"footnotes":""},"class_list":["post-1917","page","type-page","status-publish","hentry","entry"],"acf":[],"aioseo_notices":[],"_links":{"self":[{"href":"https:\/\/www.mblaw.org\/es\/wp-json\/wp\/v2\/pages\/1917","targetHints":{"allow":["GET"]}}],"collection":[{"href":"https:\/\/www.mblaw.org\/es\/wp-json\/wp\/v2\/pages"}],"about":[{"href":"https:\/\/www.mblaw.org\/es\/wp-json\/wp\/v2\/types\/page"}],"author":[{"embeddable":true,"href":"https:\/\/www.mblaw.org\/es\/wp-json\/wp\/v2\/users\/1"}],"replies":[{"embeddable":true,"href":"https:\/\/www.mblaw.org\/es\/wp-json\/wp\/v2\/comments?post=1917"}],"version-history":[{"count":11,"href":"https:\/\/www.mblaw.org\/es\/wp-json\/wp\/v2\/pages\/1917\/revisions"}],"predecessor-version":[{"id":2633,"href":"https:\/\/www.mblaw.org\/es\/wp-json\/wp\/v2\/pages\/1917\/revisions\/2633"}],"wp:attachment":[{"href":"https:\/\/www.mblaw.org\/es\/wp-json\/wp\/v2\/media?parent=1917"}],"curies":[{"name":"wp","href":"https:\/\/api.w.org\/{rel}","templated":true}]}}