{"id":2465,"date":"2025-05-23T05:46:59","date_gmt":"2025-05-23T05:46:59","guid":{"rendered":"https:\/\/www.mblaw.org\/?page_id=2465"},"modified":"2025-08-21T10:22:10","modified_gmt":"2025-08-21T10:22:10","slug":"odessa-abogado-de-accidentes-de-construccion","status":"publish","type":"page","link":"https:\/\/www.mblaw.org\/es\/odessa-abogado-de-accidentes-de-construccion\/","title":{"rendered":"Odessa Abogado de accidentes de la construcci\u00f3n"},"content":{"rendered":"<p><img loading=\"lazy\" decoding=\"async\" class=\"alignnone size-full wp-image-2482\" src=\"https:\/\/mblaw.org\/wp-content\/uploads\/2025\/05\/odessa-construction-accident-lawyer.webp\" alt=\"Odessa Abogado de accidentes de la construcci\u00f3n\" width=\"1200\" height=\"600\" srcset=\"https:\/\/www.mblaw.org\/wp-content\/uploads\/2025\/05\/odessa-construction-accident-lawyer.webp 1200w, https:\/\/www.mblaw.org\/wp-content\/uploads\/2025\/05\/odessa-construction-accident-lawyer-300x150.webp 300w, https:\/\/www.mblaw.org\/wp-content\/uploads\/2025\/05\/odessa-construction-accident-lawyer-1024x512.webp 1024w, https:\/\/www.mblaw.org\/wp-content\/uploads\/2025\/05\/odessa-construction-accident-lawyer-768x384.webp 768w\" sizes=\"auto, (max-width: 1200px) 100vw, 1200px\" \/><\/p>\n<div id=\"ez-toc-container\" class=\"ez-toc-v2_0_82_2 counter-hierarchy ez-toc-counter ez-toc-transparent ez-toc-container-direction\">\n<div class=\"ez-toc-title-container\">\n<p class=\"ez-toc-title ez-toc-toggle\" style=\"cursor:pointer\">\u00cdndice<\/p>\n<span class=\"ez-toc-title-toggle\"><a href=\"#\" class=\"ez-toc-pull-right ez-toc-btn ez-toc-btn-xs ez-toc-btn-default ez-toc-toggle\" aria-label=\"Toggle Table of Content\"><span class=\"ez-toc-js-icon-con\"><span class=\"\"><span class=\"eztoc-hide\" style=\"display:none;\">Toggle<\/span><span class=\"ez-toc-icon-toggle-span\"><svg style=\"fill: #999;color:#999\" xmlns=\"http:\/\/www.w3.org\/2000\/svg\" class=\"list-377408\" width=\"20px\" height=\"20px\" viewbox=\"0 0 24 24\" fill=\"none\"><path d=\"M6 6H4v2h2V6zm14 0H8v2h12V6zM4 11h2v2H4v-2zm16 0H8v2h12v-2zM4 16h2v2H4v-2zm16 0H8v2h12v-2z\" fill=\"currentColor\"><\/path><\/svg><svg style=\"fill: #999;color:#999\" class=\"arrow-unsorted-368013\" xmlns=\"http:\/\/www.w3.org\/2000\/svg\" width=\"10px\" height=\"10px\" viewbox=\"0 0 24 24\" version=\"1.2\" baseprofile=\"tiny\"><path d=\"M18.2 9.3l-6.2-6.3-6.2 6.3c-.2.2-.3.4-.3.7s.1.5.3.7c.2.2.4.3.7.3h11c.3 0 .5-.1.7-.3.2-.2.3-.5.3-.7s-.1-.5-.3-.7zM5.8 14.7l6.2 6.3 6.2-6.3c.2-.2.3-.5.3-.7s-.1-.5-.3-.7c-.2-.2-.4-.3-.7-.3h-11c-.3 0-.5.1-.7.3-.2.2-.3.5-.3.7s.1.5.3.7z\"\/><\/svg><\/span><\/span><\/span><\/a><\/span><\/div>\n<nav><ul class='ez-toc-list ez-toc-list-level-1 eztoc-toggle-hide-by-default' ><li class='ez-toc-page-1 ez-toc-heading-level-2'><a class=\"ez-toc-link ez-toc-heading-1\" href=\"https:\/\/www.mblaw.org\/es\/odessa-abogado-de-accidentes-de-construccion\/#odessa-construction-accident-attorney\" >Odessa Abogado de accidentes de construcci\u00f3n<\/a><\/li><li class='ez-toc-page-1 ez-toc-heading-level-2'><a class=\"ez-toc-link ez-toc-heading-2\" href=\"https:\/\/www.mblaw.org\/es\/odessa-abogado-de-accidentes-de-construccion\/#why-injured-construction-workers-trust-the-law-offices-of-miller-bicklein-pc\" >Por qu\u00e9 los trabajadores de la construcci\u00f3n lesionados conf\u00edan en las Oficinas Legales de Miller &amp; Bicklein, P.C.<\/a><\/li><li class='ez-toc-page-1 ez-toc-heading-level-2'><a class=\"ez-toc-link ez-toc-heading-3\" href=\"https:\/\/www.mblaw.org\/es\/odessa-abogado-de-accidentes-de-construccion\/#understanding-construction-accidents-in-odessa\" >Comprender los accidentes de la construcci\u00f3n en Odessa<\/a><ul class='ez-toc-list-level-3' ><li class='ez-toc-heading-level-3'><a class=\"ez-toc-link ez-toc-heading-4\" href=\"https:\/\/www.mblaw.org\/es\/odessa-abogado-de-accidentes-de-construccion\/#odessa-construction-accident\" >Odessa Accidente en la construcci\u00f3n<\/a><\/li><\/ul><\/li><li class='ez-toc-page-1 ez-toc-heading-level-2'><a class=\"ez-toc-link ez-toc-heading-5\" href=\"https:\/\/www.mblaw.org\/es\/odessa-abogado-de-accidentes-de-construccion\/#establishing-liability-following-a-construction-accident\" >Determinaci\u00f3n de la responsabilidad tras un accidente en la construcci\u00f3n<\/a><\/li><li class='ez-toc-page-1 ez-toc-heading-level-2'><a class=\"ez-toc-link ez-toc-heading-6\" href=\"https:\/\/www.mblaw.org\/es\/odessa-abogado-de-accidentes-de-construccion\/#what-damages-can-i-claim\" >\u00bfQu\u00e9 da\u00f1os y perjuicios puedo reclamar?<\/a><\/li><li class='ez-toc-page-1 ez-toc-heading-level-2'><a class=\"ez-toc-link ez-toc-heading-7\" href=\"https:\/\/www.mblaw.org\/es\/odessa-abogado-de-accidentes-de-construccion\/#why-you-need-legal-representation\" >Por qu\u00e9 necesita representaci\u00f3n legal<\/a><\/li><li class='ez-toc-page-1 ez-toc-heading-level-2'><a class=\"ez-toc-link ez-toc-heading-8\" href=\"https:\/\/www.mblaw.org\/es\/odessa-abogado-de-accidentes-de-construccion\/#faqs\" >Preguntas frecuentes<\/a><ul class='ez-toc-list-level-3' ><li class='ez-toc-heading-level-3'><a class=\"ez-toc-link ez-toc-heading-9\" href=\"https:\/\/www.mblaw.org\/es\/odessa-abogado-de-accidentes-de-construccion\/#should-i-hire-a-construction-accident-attorney\" >\u00bfDebo contratar a un abogado de accidentes de construcci\u00f3n?<\/a><\/li><li class='ez-toc-page-1 ez-toc-heading-level-3'><a class=\"ez-toc-link ez-toc-heading-10\" href=\"https:\/\/www.mblaw.org\/es\/odessa-abogado-de-accidentes-de-construccion\/#what-happens-if-you-are-hit-while-working-in-a-construction-zone\" >\u00bfQu\u00e9 ocurre si le atropellan mientras trabaja en una zona en obras?<\/a><\/li><li class='ez-toc-page-1 ez-toc-heading-level-3'><a class=\"ez-toc-link ez-toc-heading-11\" href=\"https:\/\/www.mblaw.org\/es\/odessa-abogado-de-accidentes-de-construccion\/#what-is-an-example-of-a-construction-accident\" >\u00bfCu\u00e1l es un ejemplo de accidente en la construcci\u00f3n?<\/a><\/li><li class='ez-toc-page-1 ez-toc-heading-level-3'><a class=\"ez-toc-link ez-toc-heading-12\" href=\"https:\/\/www.mblaw.org\/es\/odessa-abogado-de-accidentes-de-construccion\/#how-much-does-a-construction-accident-cost\" >\u00bfCu\u00e1nto cuesta un accidente en la construcci\u00f3n?<\/a><\/li><\/ul><\/li><li class='ez-toc-page-1 ez-toc-heading-level-2'><a class=\"ez-toc-link ez-toc-heading-13\" href=\"https:\/\/www.mblaw.org\/es\/odessa-abogado-de-accidentes-de-construccion\/#schedule-your-odessa-construction-accident-consultation-today\" >Programe su Odessa consulta accidente de construcci\u00f3n de hoy<\/a><\/li><\/ul><\/nav><\/div>\n<h2><span class=\"ez-toc-section\" id=\"odessa-construction-accident-attorney\"><\/span>Odessa Abogado de accidentes de construcci\u00f3n<span class=\"ez-toc-section-end\"><\/span><\/h2>\n<p>Los proyectos de construcci\u00f3n a lo largo de Loop 338 y U.S. Ruta 385 en Odessa son una vista familiar. Aunque muchas empresas de construcci\u00f3n toman en serio la seguridad, cualquier descuido en la supervisi\u00f3n o mala conducta por parte de un tercero puede conducir a un accidente de construcci\u00f3n grave que deja a los trabajadores o visitantes gravemente heridos. En <strong>Odessa abogado de accidentes de la construcci\u00f3n<\/strong> puede ayudarle a navegar por el proceso de lesiones para que se le indemnice plenamente por los da\u00f1os sufridos.<\/p>\n<h2><span class=\"ez-toc-section\" id=\"why-injured-construction-workers-trust-the-law-offices-of-miller-bicklein-pc\"><\/span>Por qu\u00e9 los trabajadores de la construcci\u00f3n lesionados conf\u00edan en las Oficinas Legales de Miller &amp; Bicklein, P.C.<span class=\"ez-toc-section-end\"><\/span><\/h2>\n<p>Los accidentes en la construcci\u00f3n pueden causar lesiones que cambian la vida y tensi\u00f3n financiera. Entre las reclamaciones denegadas, las condiciones de trabajo inseguras, y la responsabilidad de terceros, los trabajadores lesionados a menudo se enfrentan a una lucha complicada s\u00f3lo para obtener la compensaci\u00f3n que merecen. Sin un fuerte apoyo legal, las compa\u00f1\u00edas de seguros pueden pagar de menos, retrasar o denegar totalmente las prestaciones.<\/p>\n<p>Trabajadores de la construcci\u00f3n <a href=\"https:\/\/www.texas.gov\/\" target=\"_blank\" rel=\"noopener\">Texas<\/a> conf\u00ede en <a href=\"https:\/\/www.mblaw.org\/es\/acerca-de\/\">Las Oficinas Legales de Miller &amp; Bicklein, P.C.<\/a>porque no nos echamos atr\u00e1s. Nuestros abogados tienen d\u00e9cadas de experiencia combinada en el manejo de reclamaciones por lesiones en el lugar de trabajo, y sabemos c\u00f3mo conseguir... <a href=\"https:\/\/www.mblaw.org\/es\/casos-recientes-de-mb\/\">resultados para nuestros clientes<\/a> cuando m\u00e1s importa.<\/p>\n<h2><span class=\"ez-toc-section\" id=\"understanding-construction-accidents-in-odessa\"><\/span>Comprender los accidentes de la construcci\u00f3n en Odessa<span class=\"ez-toc-section-end\"><\/span><\/h2>\n<p>El floreciente crecimiento industrial de Odessa ha hecho de la construcci\u00f3n una presencia constante en toda la ciudad. En 2023, GCC Permian invirti\u00f3 <a href=\"https:\/\/www.odessatex.com\/media-center\/news\/p\/item\/55239\/odessa-development-corporations-2023-year-in-review-igniting-growth-and-fueling-opportunities?utm_source=\" target=\"_blank\" rel=\"noopener\">$400 millones<\/a> para ampliar su planta local, aumentando la producci\u00f3n de cl\u00ednker en 3.000 toneladas m\u00e9tricas diarias.<\/p>\n<p>La regi\u00f3n m\u00e1s amplia de la cuenca del P\u00e9rmico, que incluye <a href=\"https:\/\/en.wikipedia.org\/wiki\/Odessa,_Texas\" target=\"_blank\" rel=\"noopener\">Odessa<\/a>El sector de la miner\u00eda, la explotaci\u00f3n forestal y la construcci\u00f3n experiment\u00f3 un crecimiento de 8,5% durante el primer trimestre de 2023, lo que supuso una adici\u00f3n de alrededor de 1.000 millones de euros. <a href=\"https:\/\/www.dallasfed.org\/research\/indicators\/pb\/2023\/pb2301?utm_source\" target=\"_blank\" rel=\"noopener\">1.300 empleos<\/a>. Sin embargo, este crecimiento conlleva riesgos.<\/p>\n<p>Uno de los incidentes relacionados con la construcci\u00f3n m\u00e1s tr\u00e1gicos de la regi\u00f3n ocurri\u00f3 en octubre de 2019 en una instalaci\u00f3n de Aghorn Operating. Jacob Dean fue <a href=\"https:\/\/www.expressnews.com\/news\/article\/west-texas-oil-gas-couple-killed-fine-20281099.php?utm_source=\" target=\"_blank\" rel=\"noopener\">fatalmente expuesto<\/a> al gas sulfh\u00eddrico mientras inspeccionaba una bomba.<\/p>\n<p>Su esposa, Natalee, tambi\u00e9n muri\u00f3 tras entrar en las instalaciones para ver c\u00f3mo se encontraba. La cuenca del P\u00e9rmico es conocida por las altas concentraciones de sulfuro de hidr\u00f3geno en las reservas de petr\u00f3leo, que pueden crear graves peligros para los trabajadores.<\/p>\n<div class=\"consult-bkg cmn\">\n<div class=\"inr-cmn-box\">\n<div class=\"inr-cmn-box-logo\"><img loading=\"lazy\" decoding=\"async\" src=\"https:\/\/mblaw.org\/wp-content\/uploads\/2024\/11\/ftr-logo-1.webp\" alt=\"ftr-logo-1\" width=\"471\" height=\"158\" \/><\/div>\n<h3><span class=\"ez-toc-section\" id=\"odessa-construction-accident\"><\/span><strong>Odessa Accidente en la construcci\u00f3n<\/strong><span class=\"ez-toc-section-end\"><\/span><\/h3>\n<p>Llame hoy a las Oficinas Legales de Miller &amp; Bicklein al <a href=\"tel:210-366-2400\">210-366-2400<\/a> para una consulta gratuita<\/p>\n<div class=\"inr-cmn-btnbx\">\n<div class=\"inr-cm-btn\"><a href=\"https:\/\/www.mblaw.org\/es\/pongase-en-contacto-con\/\">programar una consulta<\/a><\/div>\n<div class=\"inr-cm-cal\">\n<h6>Llame para una consulta <a href=\"tel:210-366-2400\">210-366-2400<\/a><\/h6>\n<\/div>\n<\/div>\n<\/div>\n<\/div>\n<h2><span class=\"ez-toc-section\" id=\"establishing-liability-following-a-construction-accident\"><\/span>Determinaci\u00f3n de la responsabilidad tras un accidente en la construcci\u00f3n<span class=\"ez-toc-section-end\"><\/span><\/h2>\n<p>Las obras de construcci\u00f3n son entornos complejos. A menudo, la negligencia de terceros puede provocar lesiones que obliguen a los trabajadores a solicitar una indemnizaci\u00f3n a trav\u00e9s de una demanda por lesiones y una indemnizaci\u00f3n por accidentes de trabajo. La responsabilidad puede recaer en un contratista general, subcontratista, propietario o fabricante de equipos, dependiendo de la causa.<\/p>\n<p>Si la lesi\u00f3n se produjo por una ca\u00edda desde <a href=\"https:\/\/www.mblaw.org\/es\/blog\/como-los-andamios-de-construccion-pueden-poner-en-riesgo-de-lesiones-a-los-trabajadores\/\">andamio<\/a> en un proyecto comercial cerca del Music City Mall o una aver\u00eda de maquinaria en una obra a lo largo de West University Boulevard, un abogado especializado en lesiones puede revisar los protocolos de seguridad, los registros de mantenimiento y los relatos de testigos para identificar la negligencia. En algunos casos, varias partes pueden compartir la culpa.<\/p>\n<h2><span class=\"ez-toc-section\" id=\"what-damages-can-i-claim\"><\/span>\u00bfQu\u00e9 da\u00f1os y perjuicios puedo reclamar?<span class=\"ez-toc-section-end\"><\/span><\/h2>\n<p>Si se lesion\u00f3 en una obra de construcci\u00f3n en Odessa, es posible que pueda reclamar da\u00f1os y perjuicios por p\u00e9rdidas econ\u00f3micas y no econ\u00f3micas, especialmente si trabaja con un abogado de lesiones personales. Los da\u00f1os pueden incluir gastos m\u00e9dicos como atenci\u00f3n de urgencia, cirug\u00edas, estancias hospitalarias y fisioterapia.<\/p>\n<p>Tambi\u00e9n puede solicitar una indemnizaci\u00f3n por los salarios perdidos y la reducci\u00f3n de la capacidad de ganancia si no puede volver a trabajar durante un tiempo o queda incapacitado. El dolor y el sufrimiento, la angustia emocional y la incapacidad a largo plazo tambi\u00e9n pueden incluirse en su eventual indemnizaci\u00f3n. Seg\u00fan la ley Texas, los trabajadores lesionados tienen derecho a reclamar tanto una indemnizaci\u00f3n por accidente laboral como una demanda por lesiones personales contra un tercero negligente como medio de obtener una indemnizaci\u00f3n justa.<\/p>\n<h2><span class=\"ez-toc-section\" id=\"why-you-need-legal-representation\"><\/span>Por qu\u00e9 necesita representaci\u00f3n legal<span class=\"ez-toc-section-end\"><\/span><\/h2>\n<p>Tanto si se trata de un tercero como de un empresario, conseguir una indemnizaci\u00f3n econ\u00f3mica de la parte o grupo negligente puede ser mucho m\u00e1s dif\u00edcil de lo que se piensa. Es posible que su reclamaci\u00f3n no se tome tan en serio como deber\u00eda si no cuenta con la representaci\u00f3n legal de un bufete de abogados que sepa c\u00f3mo conseguir indemnizaciones para los clientes.<\/p>\n<p>Un abogado especializado en lesiones puede evaluar con precisi\u00f3n el valor de su reclamaci\u00f3n antes de identificar a la parte culpable y buscar agresivamente una indemnizaci\u00f3n por sus lesiones f\u00edsicas y emocionales. La representaci\u00f3n legal tambi\u00e9n puede ayudarle a entender el proceso de reclamaci\u00f3n por lesiones y qu\u00e9 esperar en el futuro.<\/p>\n<h2><span class=\"ez-toc-section\" id=\"faqs\"><\/span>Preguntas frecuentes<span class=\"ez-toc-section-end\"><\/span><\/h2>\n<h3><span class=\"ez-toc-section\" id=\"should-i-hire-a-construction-accident-attorney\"><\/span>\u00bfDebo contratar a un abogado de accidentes de construcci\u00f3n?<span class=\"ez-toc-section-end\"><\/span><\/h3>\n<p>S\u00ed, usted debe contratar a un abogado de accidentes de construcci\u00f3n. Un abogado de accidentes de la construcci\u00f3n puede ayudar a proteger sus derechos, investigar la causa de la lesi\u00f3n, y hacer que las partes responsables rindan cuentas. Las obras de construcci\u00f3n implican m\u00faltiples empleadores y complejas leyes de seguridad. Un abogado puede reunir pruebas, trabajar con m\u00e9dicos y negociar con las compa\u00f1\u00edas de seguros para que no le presionen y acepte menos de lo que vale su reclamaci\u00f3n.<\/p>\n<h3><span class=\"ez-toc-section\" id=\"what-happens-if-you-are-hit-while-working-in-a-construction-zone\"><\/span>\u00bfQu\u00e9 ocurre si le atropellan mientras trabaja en una zona en obras?<span class=\"ez-toc-section-end\"><\/span><\/h3>\n<p>Si le atropellan mientras trabaja en una zona en obras, puede tener derecho a una indemnizaci\u00f3n a trav\u00e9s de la compensaci\u00f3n de los trabajadores y, posiblemente, a una reclamaci\u00f3n de terceros. Se revisar\u00e1n las acciones del conductor, las condiciones de la carretera y las medidas de seguridad en el lugar. Un abogado puede ayudar a investigar el accidente, reunir pruebas, y buscar la m\u00e1xima recuperaci\u00f3n de sus facturas m\u00e9dicas, p\u00e9rdida de ingresos, y el impacto a largo plazo.<\/p>\n<h3><span class=\"ez-toc-section\" id=\"what-is-an-example-of-a-construction-accident\"><\/span>\u00bfCu\u00e1l es un ejemplo de accidente en la construcci\u00f3n?<span class=\"ez-toc-section-end\"><\/span><\/h3>\n<p>Un ejemplo de accidente en la construcci\u00f3n es cuando un trabajador cae de un andamio debido a la falta de barandillas o a un arn\u00e9s defectuoso. Este tipo de incidente puede provocar lesiones graves, como lesiones medulares o traumatismos cerebrales. Otros ejemplos son la ca\u00edda de herramientas, las quemaduras el\u00e9ctricas o las lesiones por aplastamiento con maquinaria pesada. Cada caso requiere un examen minucioso de la seguridad de la obra.<\/p>\n<h3><span class=\"ez-toc-section\" id=\"how-much-does-a-construction-accident-cost\"><\/span>\u00bfCu\u00e1nto cuesta un accidente en la construcci\u00f3n?<span class=\"ez-toc-section-end\"><\/span><\/h3>\n<p>El coste de un accidente en la construcci\u00f3n puede incluir atenci\u00f3n de urgencia, cirug\u00eda, fisioterapia, p\u00e9rdida de salarios y gastos por incapacidad a largo plazo. Para algunos trabajadores, el impacto financiero dura toda la vida. Los costes tambi\u00e9n aumentan si no puede volver al mismo puesto de trabajo. Un c\u00e1lculo detallado de los da\u00f1os y perjuicios le ayudar\u00e1 a obtener una indemnizaci\u00f3n completa por las facturas m\u00e9dicas y otras p\u00e9rdidas.<\/p>\n<h2><span class=\"ez-toc-section\" id=\"schedule-your-odessa-construction-accident-consultation-today\"><\/span>Programe su Odessa consulta accidente de construcci\u00f3n de hoy<span class=\"ez-toc-section-end\"><\/span><\/h2>\n<p>Los accidentes de la construcci\u00f3n en Odessa pueden dejar a los trabajadores con graves lesiones, tiempo de baja laboral y crecientes gastos m\u00e9dicos. Tanto si el incidente ocurri\u00f3 en una <a href=\"https:\/\/www.mblaw.org\/es\/odessa-accidente-petrolero-abogado\/\">yacimiento petrol\u00edfero<\/a> proyecto, ampliaci\u00f3n de autopista o construcci\u00f3n comercial, los trabajadores lesionados merecen exigir responsabilidades a la parte culpable.<\/p>\n<p>En las Oficinas Legales de Miller y Bicklein, PC, luchamos por los trabajadores lesionados en todo West Texas. Nuestros abogados entienden <a href=\"https:\/\/www.mblaw.org\/es\/blog\/los-muchos-afectados-por-los-riesgos-de-lesiones-en-las-obras-de-construccion\/\">peligros en las obras<\/a> y c\u00f3mo demostrar la responsabilidad cuando se ignoran los protocolos de seguridad. <a href=\"https:\/\/www.mblaw.org\/es\/pongase-en-contacto-con\/\">P\u00f3ngase en contacto hoy mismo con nuestra oficina Odessa<\/a> para programar su consulta.<\/p>","protected":false},"excerpt":{"rendered":"<p>Odessa Construction Accident Attorney Construction projects along Loop 338 and U.S. Route 385 in Odessa are a familiar sight. Although many construction companies take safety seriously, any lapse in oversight or misconduct by a third party can lead to a serious construction accident that leaves workers or visitors seriously injured. An Odessa construction accident lawyer &hellip; <\/p>\n<p class=\"link-more\"><a href=\"https:\/\/www.mblaw.org\/es\/odessa-abogado-de-accidentes-de-construccion\/\" class=\"more-link\">Seguir leyendo<span class=\"screen-reader-text\"> &#8220;Odessa Construction Accident Lawyer&#8221;<\/span><\/a><\/p>","protected":false},"author":1,"featured_media":0,"parent":0,"menu_order":0,"comment_status":"closed","ping_status":"closed","template":"","meta":{"_acf_changed":false,"footnotes":""},"class_list":["post-2465","page","type-page","status-publish","hentry","entry"],"acf":[],"aioseo_notices":[],"_links":{"self":[{"href":"https:\/\/www.mblaw.org\/es\/wp-json\/wp\/v2\/pages\/2465","targetHints":{"allow":["GET"]}}],"collection":[{"href":"https:\/\/www.mblaw.org\/es\/wp-json\/wp\/v2\/pages"}],"about":[{"href":"https:\/\/www.mblaw.org\/es\/wp-json\/wp\/v2\/types\/page"}],"author":[{"embeddable":true,"href":"https:\/\/www.mblaw.org\/es\/wp-json\/wp\/v2\/users\/1"}],"replies":[{"embeddable":true,"href":"https:\/\/www.mblaw.org\/es\/wp-json\/wp\/v2\/comments?post=2465"}],"version-history":[{"count":8,"href":"https:\/\/www.mblaw.org\/es\/wp-json\/wp\/v2\/pages\/2465\/revisions"}],"predecessor-version":[{"id":2627,"href":"https:\/\/www.mblaw.org\/es\/wp-json\/wp\/v2\/pages\/2465\/revisions\/2627"}],"wp:attachment":[{"href":"https:\/\/www.mblaw.org\/es\/wp-json\/wp\/v2\/media?parent=2465"}],"curies":[{"name":"wp","href":"https:\/\/api.w.org\/{rel}","templated":true}]}}