{"id":2512,"date":"2025-06-20T08:24:15","date_gmt":"2025-06-20T08:24:15","guid":{"rendered":"https:\/\/www.mblaw.org\/?page_id=2512"},"modified":"2025-08-21T10:43:24","modified_gmt":"2025-08-21T10:43:24","slug":"abilene-abogado-de-accidentes-de-construccion","status":"publish","type":"page","link":"https:\/\/www.mblaw.org\/es\/abilene-abogado-de-accidentes-de-construccion\/","title":{"rendered":"Abilene Abogado de accidentes de la construcci\u00f3n"},"content":{"rendered":"<p><img loading=\"lazy\" decoding=\"async\" class=\"alignnone size-full wp-image-2526\" src=\"https:\/\/mblaw.org\/wp-content\/uploads\/2025\/06\/abilene-construction-accident-lawyer.webp\" alt=\"Abilene Abogado de accidentes de la construcci\u00f3n\" width=\"1200\" height=\"600\" srcset=\"https:\/\/www.mblaw.org\/wp-content\/uploads\/2025\/06\/abilene-construction-accident-lawyer.webp 1200w, https:\/\/www.mblaw.org\/wp-content\/uploads\/2025\/06\/abilene-construction-accident-lawyer-300x150.webp 300w, https:\/\/www.mblaw.org\/wp-content\/uploads\/2025\/06\/abilene-construction-accident-lawyer-1024x512.webp 1024w, https:\/\/www.mblaw.org\/wp-content\/uploads\/2025\/06\/abilene-construction-accident-lawyer-768x384.webp 768w\" sizes=\"auto, (max-width: 1200px) 100vw, 1200px\" \/><\/p>\n<div id=\"ez-toc-container\" class=\"ez-toc-v2_0_82_2 counter-hierarchy ez-toc-counter ez-toc-transparent ez-toc-container-direction\">\n<div class=\"ez-toc-title-container\">\n<p class=\"ez-toc-title ez-toc-toggle\" style=\"cursor:pointer\">\u00cdndice<\/p>\n<span class=\"ez-toc-title-toggle\"><a href=\"#\" class=\"ez-toc-pull-right ez-toc-btn ez-toc-btn-xs ez-toc-btn-default ez-toc-toggle\" aria-label=\"Toggle Table of Content\"><span class=\"ez-toc-js-icon-con\"><span class=\"\"><span class=\"eztoc-hide\" style=\"display:none;\">Toggle<\/span><span class=\"ez-toc-icon-toggle-span\"><svg style=\"fill: #999;color:#999\" xmlns=\"http:\/\/www.w3.org\/2000\/svg\" class=\"list-377408\" width=\"20px\" height=\"20px\" viewbox=\"0 0 24 24\" fill=\"none\"><path d=\"M6 6H4v2h2V6zm14 0H8v2h12V6zM4 11h2v2H4v-2zm16 0H8v2h12v-2zM4 16h2v2H4v-2zm16 0H8v2h12v-2z\" fill=\"currentColor\"><\/path><\/svg><svg style=\"fill: #999;color:#999\" class=\"arrow-unsorted-368013\" xmlns=\"http:\/\/www.w3.org\/2000\/svg\" width=\"10px\" height=\"10px\" viewbox=\"0 0 24 24\" version=\"1.2\" baseprofile=\"tiny\"><path d=\"M18.2 9.3l-6.2-6.3-6.2 6.3c-.2.2-.3.4-.3.7s.1.5.3.7c.2.2.4.3.7.3h11c.3 0 .5-.1.7-.3.2-.2.3-.5.3-.7s-.1-.5-.3-.7zM5.8 14.7l6.2 6.3 6.2-6.3c.2-.2.3-.5.3-.7s-.1-.5-.3-.7c-.2-.2-.4-.3-.7-.3h-11c-.3 0-.5.1-.7.3-.2.2-.3.5-.3.7s.1.5.3.7z\"\/><\/svg><\/span><\/span><\/span><\/a><\/span><\/div>\n<nav><ul class='ez-toc-list ez-toc-list-level-1 eztoc-toggle-hide-by-default' ><li class='ez-toc-page-1 ez-toc-heading-level-2'><a class=\"ez-toc-link ez-toc-heading-1\" href=\"https:\/\/www.mblaw.org\/es\/abilene-abogado-de-accidentes-de-construccion\/#abilene-construction-accident-attorney\" >Abilene Abogado de accidentes de la construcci\u00f3n<\/a><\/li><li class='ez-toc-page-1 ez-toc-heading-level-2'><a class=\"ez-toc-link ez-toc-heading-2\" href=\"https:\/\/www.mblaw.org\/es\/abilene-abogado-de-accidentes-de-construccion\/#statute-of-limitations\" >Prescripci\u00f3n<\/a><ul class='ez-toc-list-level-3' ><li class='ez-toc-heading-level-3'><a class=\"ez-toc-link ez-toc-heading-3\" href=\"https:\/\/www.mblaw.org\/es\/abilene-abogado-de-accidentes-de-construccion\/#abilene-construction-accident\" >Abilene Accidente en la construcci\u00f3n<\/a><\/li><\/ul><\/li><li class='ez-toc-page-1 ez-toc-heading-level-2'><a class=\"ez-toc-link ez-toc-heading-4\" href=\"https:\/\/www.mblaw.org\/es\/abilene-abogado-de-accidentes-de-construccion\/#common-construction-site-injury-causes\" >Causas comunes de lesiones en obras de construcci\u00f3n<\/a><\/li><li class='ez-toc-page-1 ez-toc-heading-level-2'><a class=\"ez-toc-link ez-toc-heading-5\" href=\"https:\/\/www.mblaw.org\/es\/abilene-abogado-de-accidentes-de-construccion\/#faqs\" >Preguntas frecuentes<\/a><ul class='ez-toc-list-level-3' ><li class='ez-toc-heading-level-3'><a class=\"ez-toc-link ez-toc-heading-6\" href=\"https:\/\/www.mblaw.org\/es\/abilene-abogado-de-accidentes-de-construccion\/#is-it-worth-it-to-hire-an-accident-attorney\" >\u00bfMerece la pena contratar a un abogado de accidentes?<\/a><\/li><li class='ez-toc-page-1 ez-toc-heading-level-3'><a class=\"ez-toc-link ez-toc-heading-7\" href=\"https:\/\/www.mblaw.org\/es\/abilene-abogado-de-accidentes-de-construccion\/#how-much-do-most-injury-lawyers-charge\" >\u00bfCu\u00e1nto cobran la mayor\u00eda de los abogados de lesiones?<\/a><\/li><li class='ez-toc-page-1 ez-toc-heading-level-3'><a class=\"ez-toc-link ez-toc-heading-8\" href=\"https:\/\/www.mblaw.org\/es\/abilene-abogado-de-accidentes-de-construccion\/#what-is-an-example-of-a-construction-accident\" >\u00bfCu\u00e1l es un ejemplo de accidente en la construcci\u00f3n?<\/a><\/li><li class='ez-toc-page-1 ez-toc-heading-level-3'><a class=\"ez-toc-link ez-toc-heading-9\" href=\"https:\/\/www.mblaw.org\/es\/abilene-abogado-de-accidentes-de-construccion\/#am-i-legally-required-to-hire-a-lawyer\" >\u00bfEstoy legalmente obligado a contratar a un abogado?<\/a><\/li><\/ul><\/li><li class='ez-toc-page-1 ez-toc-heading-level-2'><a class=\"ez-toc-link ez-toc-heading-10\" href=\"https:\/\/www.mblaw.org\/es\/abilene-abogado-de-accidentes-de-construccion\/#reach-out-to-a-lawyer-today\" >P\u00f3ngase en contacto con un abogado<\/a><\/li><\/ul><\/nav><\/div>\n<h2><span class=\"ez-toc-section\" id=\"abilene-construction-accident-attorney\"><\/span>Abilene Abogado de accidentes de la construcci\u00f3n<span class=\"ez-toc-section-end\"><\/span><\/h2>\n<p>Las obras de construcci\u00f3n pueden ser muy peligrosas. La capacidad de accidentes y muertes potenciales es sustancial, especialmente si no se cuenta con la debida <a href=\"https:\/\/www.mblaw.org\/es\/blog\/pasos-sencillos-para-aumentar-la-seguridad-en-las-obras-de-construccion-de-texas\/\">precauciones de seguridad<\/a> no son tomadas ni por la empresa propietaria de la obra ni por la v\u00edctima. Cuando est\u00e9 en una obra, es vital que tome las medidas necesarias para protegerse y mantenerse alerta. Si resulta gravemente herido, es posible que desee ponerse en contacto con un abogado. <strong>Abilene abogado de accidentes de la construcci\u00f3n<\/strong> que puede trabajar para construir su caso.<\/p>\n<p>En <a href=\"https:\/\/www.mblaw.org\/es\/acerca-de\/\">Despacho Miller &amp; Bicklein, P.C.<\/a>El bufete de abogados de la construcci\u00f3n y de los trabajadores de la construcci\u00f3n, entiende lo potencialmente devastador que puede ser un accidente en una obra de construcci\u00f3n, especialmente si usted es un trabajador de la construcci\u00f3n que depende de su trabajo para cuidar de su familia. Un accidente grave puede dejarle fuera de servicio durante bastante tiempo, y <a href=\"https:\/\/www.texas.gov\/\" target=\"_blank\" rel=\"noopener\">Texas<\/a> los empresarios no est\u00e1n obligados autom\u00e1ticamente a llevar <a href=\"https:\/\/statutes.capitol.texas.gov\/Docs\/LA\/htm\/LA.406.htm#A\" target=\"_blank\" rel=\"noopener\">seguro de accidentes laborales<\/a>. Desgraciadamente, despu\u00e9s de un accidente puede tener que enfrentarse solo a las secuelas.<\/p>\n<h2><span class=\"ez-toc-section\" id=\"statute-of-limitations\"><\/span>Prescripci\u00f3n<span class=\"ez-toc-section-end\"><\/span><\/h2>\n<p>Si decide emprender acciones legales contra la persona o el empresario que le caus\u00f3 las lesiones, es vital para su caso que se asegure de que se atiene a los principios del Texas. <a href=\"https:\/\/statutes.capitol.texas.gov\/docs\/cp\/htm\/cp.16.htm\" target=\"_blank\" rel=\"noopener\">prescripci\u00f3n<\/a> en casos de lesiones personales, que incluyen los casos de accidentes en obras de construcci\u00f3n. Por lo general, el Estado le dar\u00e1 dos a\u00f1os a partir de la fecha de su lesi\u00f3n para contratar a un abogado y presentar su reclamaci\u00f3n.<\/p>\n<p>Si no puede desarrollar plenamente su caso antes de que transcurran dos a\u00f1os, es posible que tenga que aceptar el desafortunado hecho de que su reclamaci\u00f3n no avanzar\u00e1. Su oportunidad de obtener una indemnizaci\u00f3n cesar\u00e1, sin que se emprendan acciones legales. Construir un caso s\u00f3lido de lesiones personales puede llevar mucho tiempo, por lo que es importante que encuentre un abogado para empezar tan pronto como pueda.<\/p>\n<div class=\"consult-bkg cmn\">\n<div class=\"inr-cmn-box\">\n<div class=\"inr-cmn-box-logo\"><img loading=\"lazy\" decoding=\"async\" src=\"https:\/\/mblaw.org\/wp-content\/uploads\/2024\/11\/ftr-logo-1.webp\" alt=\"ftr-logo-1\" width=\"471\" height=\"158\" \/><\/div>\n<h3><span class=\"ez-toc-section\" id=\"abilene-construction-accident\"><\/span><strong>Abilene Accidente en la construcci\u00f3n<\/strong><span class=\"ez-toc-section-end\"><\/span><\/h3>\n<p>Llame hoy a las Oficinas Legales de Miller &amp; Bicklein al <a href=\"tel:210-366-2400\">210-366-2400<\/a> para una consulta gratuita<\/p>\n<div class=\"inr-cmn-btnbx\">\n<div class=\"inr-cm-btn\"><a href=\"https:\/\/www.mblaw.org\/es\/pongase-en-contacto-con\/\">programar una consulta<\/a><\/div>\n<div class=\"inr-cm-cal\">\n<h6>Llame para una consulta <a href=\"tel:210-366-2400\">210-366-2400<\/a><\/h6>\n<\/div>\n<\/div>\n<\/div>\n<\/div>\n<h2><span class=\"ez-toc-section\" id=\"common-construction-site-injury-causes\"><\/span>Causas comunes de lesiones en obras de construcci\u00f3n<span class=\"ez-toc-section-end\"><\/span><\/h2>\n<p>Seg\u00fan la Administraci\u00f3n de Seguridad y Salud en el Trabajo (OSHA), hubo <a href=\"https:\/\/www.industrybusinessroundtable.us\/pdf\/osha\/2024\/2024-construction-fatalities-flyer.pdf\" target=\"_blank\" rel=\"noopener\">al menos 52<\/a> lesiones y muertes catastr\u00f3ficas en obras de construcci\u00f3n s\u00f3lo en el sureste Texas a lo largo de 2024, lo que supone un ligero descenso respecto a las 56 lesiones y muertes totales del a\u00f1o anterior. Los accidentes en obras de construcci\u00f3n no son infrecuentes, especialmente cuando se ignoran deliberadamente los protocolos de seguridad adecuados. <strong>\u00c9stas son algunas de las causas m\u00e1s comunes de lesiones en obras de construcci\u00f3n en todo el pa\u00eds, seg\u00fan la OSHA:<\/strong><\/p>\n<ul>\n<li><strong>Cataratas<\/strong>. Por desgracia, las ca\u00eddas son bastante frecuentes en las obras de construcci\u00f3n de todo el mundo. Una mala ca\u00edda puede ocurrir en cualquier obra, pero las <a href=\"https:\/\/www.mblaw.org\/es\/blog\/2-lesiones-catastroficas-que-puede-sufrir-en-una-obra-de-construccion\/\">catastr\u00f3fico<\/a> suelen producirse en yacimientos elevados o alrededor de alg\u00fan tipo de foso profundo. Muchos sitios altos incluyen <a href=\"https:\/\/www.mblaw.org\/es\/blog\/como-los-andamios-de-construccion-pueden-poner-en-riesgo-de-lesiones-a-los-trabajadores\/\">andamio<\/a>escaleras, huecos de ascensor, etc. A veces, un ligero desplazamiento de peso o una repentina r\u00e1faga de viento pueden ser la \u00fanica causa de que alguien pierda la vida por una mala ca\u00edda.<\/li>\n<li><strong>Struck-bys<\/strong>. Las obras de construcci\u00f3n registran un movimiento constante a diario. Para cumplir plazos estrictos, los veh\u00edculos tienen que estar constantemente trabajando o entregando materiales. Si no se tiene cuidado, es muy f\u00e1cil ser atropellado por un veh\u00edculo de construcci\u00f3n, lo que puede provocar lesiones devastadoras o incluso la muerte.<\/li>\n<li><strong>Atrapados en el medio<\/strong>. Una de las lesiones m\u00e1s espantosas y horripilantes que se pueden sufrir en una obra es quedar atrapado por la maquinaria o quedar aplastado entre el equipo de construcci\u00f3n y un muro. Sobrevivir a un incidente de este tipo puede no ser posible. Si lo hace, es probable que tenga que hacer frente a problemas m\u00e9dicos de por vida como consecuencia del accidente.<\/li>\n<li><strong>Electrocuci\u00f3n<\/strong>. Los riesgos el\u00e9ctricos son muy comunes en las obras de construcci\u00f3n. Cuando se construye un edificio nuevo o se reconstruye uno viejo, los cables suelen quedar al descubierto. Si no tienes cuidado, puedes entrar en contacto con uno con corriente y sufrir una terrible electrocuci\u00f3n. No es raro morir a causa de un incidente as\u00ed.<\/li>\n<\/ul>\n<p>Sufrir un accidente en una obra de construcci\u00f3n puede afectar gravemente a su salud mental. Es posible que desee considerar la posibilidad de llegar a un local de <a href=\"https:\/\/en.wikipedia.org\/wiki\/Abilene,_Texas\" target=\"_blank\" rel=\"noopener\">Abilene<\/a> grupo de apoyo a la salud mental, como Mental Health America of Abilene (MHAA) o Emociones An\u00f3nimas. Pueden ayudarte.<\/p>\n<h2><span class=\"ez-toc-section\" id=\"faqs\"><\/span>Preguntas frecuentes<span class=\"ez-toc-section-end\"><\/span><\/h2>\n<h3><span class=\"ez-toc-section\" id=\"is-it-worth-it-to-hire-an-accident-attorney\"><\/span>\u00bfMerece la pena contratar a un abogado de accidentes?<span class=\"ez-toc-section-end\"><\/span><\/h3>\n<p>S\u00ed, merece la pena contratar a un abogado de accidentes. Cuando usted decide seguir adelante con la acci\u00f3n legal despu\u00e9s de un accidente, puede que no sepa exactamente qu\u00e9 hacer. Usted no quiere ser tomado ventaja de porque usted no entiende completamente el proceso legal que est\u00e1 entrando. Por eso un abogado de accidentes puede ser tan vital. Pueden asesorarle sobre el valor real de sus da\u00f1os y protegerle cuando sea necesario.<\/p>\n<h3><span class=\"ez-toc-section\" id=\"how-much-do-most-injury-lawyers-charge\"><\/span>\u00bfCu\u00e1nto cobran la mayor\u00eda de los abogados de lesiones?<span class=\"ez-toc-section-end\"><\/span><\/h3>\n<p>El precio que puede cobrar un abogado de lesiones variar\u00e1. Cada caso de lesiones personales es diferente, y cada caso tiene sus propios factores que contribuyen a que cada uno sea \u00fanico. Tambi\u00e9n contribuir\u00e1n directamente a los honorarios de su abogado por sus servicios. Dichos factores incluyen la complejidad de su caso, la gravedad de sus lesiones y la propia formaci\u00f3n y recursos del abogado.<\/p>\n<h3><span class=\"ez-toc-section\" id=\"what-is-an-example-of-a-construction-accident\"><\/span>\u00bfCu\u00e1l es un ejemplo de accidente en la construcci\u00f3n?<span class=\"ez-toc-section-end\"><\/span><\/h3>\n<p>Muchos tipos de accidentes de construcci\u00f3n son bastante comunes en obras de todo el mundo. Uno de los accidentes de construcci\u00f3n m\u00e1s comunes es una mala ca\u00edda. Cualquiera puede caerse por cualquier motivo en una obra. Cuanto m\u00e1s alto se est\u00e9, peor puede ser la ca\u00edda. Los trabajos de construcci\u00f3n suelen realizarse a gran altura, como cuando se construye un rascacielos o se realizan trabajos de techado. Una mala ca\u00edda puede provocar lesiones catastr\u00f3ficas o incluso la muerte.<\/p>\n<h3><span class=\"ez-toc-section\" id=\"am-i-legally-required-to-hire-a-lawyer\"><\/span>\u00bfEstoy legalmente obligado a contratar a un abogado?<span class=\"ez-toc-section-end\"><\/span><\/h3>\n<p>No, nunca est\u00e1 legalmente obligado a contratar a un abogado. En cualquier situaci\u00f3n legal, puede buscar un abogado que le represente. Sin embargo, tambi\u00e9n puede renunciar a la asistencia letrada y llevar su caso por su cuenta. Lo mismo ocurre en los casos de lesiones personales. Aunque tener un abogado puede sin duda mejorar su posici\u00f3n y aumentar sus posibilidades de acuerdo, nunca est\u00e1 legalmente obligado a tener uno.<\/p>\n<h2><span class=\"ez-toc-section\" id=\"reach-out-to-a-lawyer-today\"><\/span>P\u00f3ngase en contacto con un abogado<span class=\"ez-toc-section-end\"><\/span><\/h2>\n<p>Tener un <a href=\"https:\/\/www.mblaw.org\/es\/casos-recientes-de-mb\/\">con experiencia<\/a> Un abogado de lesiones personales en Abilene, TX a su lado durante una batalla legal por un accidente de construcci\u00f3n puede ser cr\u00edtico para tener \u00e9xito con su demanda. En The Law Offices of Miller &amp; Bicklein, P.C., podemos construir su caso y reunir las pruebas necesarias que lo apoyen. <a href=\"https:\/\/www.mblaw.org\/es\/pongase-en-contacto-con\/\">P\u00f3ngase en contacto con nosotros<\/a> para programar una consulta sin riesgos con nuestro equipo.<\/p>","protected":false},"excerpt":{"rendered":"<p>Abilene Construction Accident Attorney Construction sites can be very dangerous. The capacity for potential accidents and fatalities is substantial, especially if the proper safety precautions are not taken by either the company that owns the site or the victim. When you are on a construction site, it is vital that you take the necessary steps &hellip; <\/p>\n<p class=\"link-more\"><a href=\"https:\/\/www.mblaw.org\/es\/abilene-abogado-de-accidentes-de-construccion\/\" class=\"more-link\">Seguir leyendo<span class=\"screen-reader-text\"> &#8220;Abilene Construction Accident Lawyer&#8221;<\/span><\/a><\/p>","protected":false},"author":1,"featured_media":0,"parent":0,"menu_order":0,"comment_status":"closed","ping_status":"closed","template":"","meta":{"_acf_changed":false,"footnotes":""},"class_list":["post-2512","page","type-page","status-publish","hentry","entry"],"acf":[],"aioseo_notices":[],"_links":{"self":[{"href":"https:\/\/www.mblaw.org\/es\/wp-json\/wp\/v2\/pages\/2512","targetHints":{"allow":["GET"]}}],"collection":[{"href":"https:\/\/www.mblaw.org\/es\/wp-json\/wp\/v2\/pages"}],"about":[{"href":"https:\/\/www.mblaw.org\/es\/wp-json\/wp\/v2\/types\/page"}],"author":[{"embeddable":true,"href":"https:\/\/www.mblaw.org\/es\/wp-json\/wp\/v2\/users\/1"}],"replies":[{"embeddable":true,"href":"https:\/\/www.mblaw.org\/es\/wp-json\/wp\/v2\/comments?post=2512"}],"version-history":[{"count":5,"href":"https:\/\/www.mblaw.org\/es\/wp-json\/wp\/v2\/pages\/2512\/revisions"}],"predecessor-version":[{"id":2636,"href":"https:\/\/www.mblaw.org\/es\/wp-json\/wp\/v2\/pages\/2512\/revisions\/2636"}],"wp:attachment":[{"href":"https:\/\/www.mblaw.org\/es\/wp-json\/wp\/v2\/media?parent=2512"}],"curies":[{"name":"wp","href":"https:\/\/api.w.org\/{rel}","templated":true}]}}