{"id":2517,"date":"2025-06-20T10:14:57","date_gmt":"2025-06-20T10:14:57","guid":{"rendered":"https:\/\/www.mblaw.org\/?page_id=2517"},"modified":"2025-08-21T10:40:13","modified_gmt":"2025-08-21T10:40:13","slug":"lubbock-abogado-de-accidente-de-coche","status":"publish","type":"page","link":"https:\/\/www.mblaw.org\/es\/lubbock-abogado-de-accidente-de-coche\/","title":{"rendered":"Lubbock Abogado de accidente de coche"},"content":{"rendered":"<p><img loading=\"lazy\" decoding=\"async\" class=\"alignnone size-full wp-image-2524\" src=\"https:\/\/mblaw.org\/wp-content\/uploads\/2025\/06\/lubbock-car-accident-lawyer.webp\" alt=\"Lubbock Abogado de accidente de coche\" width=\"1200\" height=\"600\" srcset=\"https:\/\/www.mblaw.org\/wp-content\/uploads\/2025\/06\/lubbock-car-accident-lawyer.webp 1200w, https:\/\/www.mblaw.org\/wp-content\/uploads\/2025\/06\/lubbock-car-accident-lawyer-300x150.webp 300w, https:\/\/www.mblaw.org\/wp-content\/uploads\/2025\/06\/lubbock-car-accident-lawyer-1024x512.webp 1024w, https:\/\/www.mblaw.org\/wp-content\/uploads\/2025\/06\/lubbock-car-accident-lawyer-768x384.webp 768w\" sizes=\"auto, (max-width: 1200px) 100vw, 1200px\" \/><\/p>\n<div id=\"ez-toc-container\" class=\"ez-toc-v2_0_82_2 counter-hierarchy ez-toc-counter ez-toc-transparent ez-toc-container-direction\">\n<div class=\"ez-toc-title-container\">\n<p class=\"ez-toc-title ez-toc-toggle\" style=\"cursor:pointer\">\u00cdndice<\/p>\n<span class=\"ez-toc-title-toggle\"><a href=\"#\" class=\"ez-toc-pull-right ez-toc-btn ez-toc-btn-xs ez-toc-btn-default ez-toc-toggle\" aria-label=\"Toggle Table of Content\"><span class=\"ez-toc-js-icon-con\"><span class=\"\"><span class=\"eztoc-hide\" style=\"display:none;\">Toggle<\/span><span class=\"ez-toc-icon-toggle-span\"><svg style=\"fill: #999;color:#999\" xmlns=\"http:\/\/www.w3.org\/2000\/svg\" class=\"list-377408\" width=\"20px\" height=\"20px\" viewbox=\"0 0 24 24\" fill=\"none\"><path d=\"M6 6H4v2h2V6zm14 0H8v2h12V6zM4 11h2v2H4v-2zm16 0H8v2h12v-2zM4 16h2v2H4v-2zm16 0H8v2h12v-2z\" fill=\"currentColor\"><\/path><\/svg><svg style=\"fill: #999;color:#999\" class=\"arrow-unsorted-368013\" xmlns=\"http:\/\/www.w3.org\/2000\/svg\" width=\"10px\" height=\"10px\" viewbox=\"0 0 24 24\" version=\"1.2\" baseprofile=\"tiny\"><path d=\"M18.2 9.3l-6.2-6.3-6.2 6.3c-.2.2-.3.4-.3.7s.1.5.3.7c.2.2.4.3.7.3h11c.3 0 .5-.1.7-.3.2-.2.3-.5.3-.7s-.1-.5-.3-.7zM5.8 14.7l6.2 6.3 6.2-6.3c.2-.2.3-.5.3-.7s-.1-.5-.3-.7c-.2-.2-.4-.3-.7-.3h-11c-.3 0-.5.1-.7.3-.2.2-.3.5-.3.7s.1.5.3.7z\"\/><\/svg><\/span><\/span><\/span><\/a><\/span><\/div>\n<nav><ul class='ez-toc-list ez-toc-list-level-1 eztoc-toggle-hide-by-default' ><li class='ez-toc-page-1 ez-toc-heading-level-2'><a class=\"ez-toc-link ez-toc-heading-1\" href=\"https:\/\/www.mblaw.org\/es\/lubbock-abogado-de-accidente-de-coche\/#lubbock-car-accident-attorney\" >Lubbock Abogado de accidente de coche<\/a><\/li><li class='ez-toc-page-1 ez-toc-heading-level-2'><a class=\"ez-toc-link ez-toc-heading-2\" href=\"https:\/\/www.mblaw.org\/es\/lubbock-abogado-de-accidente-de-coche\/#getting-in-a-car-accident-in-lubbock\" >Accidente de tr\u00e1fico en Lubbock<\/a><\/li><li class='ez-toc-page-1 ez-toc-heading-level-2'><a class=\"ez-toc-link ez-toc-heading-3\" href=\"https:\/\/www.mblaw.org\/es\/lubbock-abogado-de-accidente-de-coche\/#statute-of-limitations\" >Prescripci\u00f3n<\/a><ul class='ez-toc-list-level-3' ><li class='ez-toc-heading-level-3'><a class=\"ez-toc-link ez-toc-heading-4\" href=\"https:\/\/www.mblaw.org\/es\/lubbock-abogado-de-accidente-de-coche\/#lubbock-car-accident\" >Lubbock Accidente de tr\u00e1fico<\/a><\/li><\/ul><\/li><li class='ez-toc-page-1 ez-toc-heading-level-2'><a class=\"ez-toc-link ez-toc-heading-5\" href=\"https:\/\/www.mblaw.org\/es\/lubbock-abogado-de-accidente-de-coche\/#what-to-do-after-an-accident\" >Qu\u00e9 hacer tras un accidente<\/a><\/li><li class='ez-toc-page-1 ez-toc-heading-level-2'><a class=\"ez-toc-link ez-toc-heading-6\" href=\"https:\/\/www.mblaw.org\/es\/lubbock-abogado-de-accidente-de-coche\/#faqs\" >Preguntas frecuentes<\/a><ul class='ez-toc-list-level-3' ><li class='ez-toc-heading-level-3'><a class=\"ez-toc-link ez-toc-heading-7\" href=\"https:\/\/www.mblaw.org\/es\/lubbock-abogado-de-accidente-de-coche\/#do-i-really-need-an-injury-lawyer\" >\u00bfNecesito realmente un abogado de lesiones?<\/a><\/li><li class='ez-toc-page-1 ez-toc-heading-level-3'><a class=\"ez-toc-link ez-toc-heading-8\" href=\"https:\/\/www.mblaw.org\/es\/lubbock-abogado-de-accidente-de-coche\/#does-car-insurance-pay-for-an-injury-lawyer\" >\u00bfPaga el seguro de coche un abogado de lesiones?<\/a><\/li><li class='ez-toc-page-1 ez-toc-heading-level-3'><a class=\"ez-toc-link ez-toc-heading-9\" href=\"https:\/\/www.mblaw.org\/es\/lubbock-abogado-de-accidente-de-coche\/#how-much-can-you-get-for-pain-and-suffering\" >\u00bfCu\u00e1nto puede recibir por el dolor y el sufrimiento?<\/a><\/li><li class='ez-toc-page-1 ez-toc-heading-level-3'><a class=\"ez-toc-link ez-toc-heading-10\" href=\"https:\/\/www.mblaw.org\/es\/lubbock-abogado-de-accidente-de-coche\/#how-long-do-most-car-accident-settlements-take\" >\u00bfCu\u00e1nto tardan la mayor\u00eda de las indemnizaciones por accidente de tr\u00e1fico?<\/a><\/li><\/ul><\/li><li class='ez-toc-page-1 ez-toc-heading-level-2'><a class=\"ez-toc-link ez-toc-heading-11\" href=\"https:\/\/www.mblaw.org\/es\/lubbock-abogado-de-accidente-de-coche\/#reach-out-today\" >P\u00f3ngase en contacto con nosotros<\/a><\/li><\/ul><\/nav><\/div>\n<h2><span class=\"ez-toc-section\" id=\"lubbock-car-accident-attorney\"><\/span>Lubbock Abogado de accidente de coche<span class=\"ez-toc-section-end\"><\/span><\/h2>\n<p>Pocos acontecimientos en su vida pueden ser tan angustiosos y abrumadores como un accidente de coche. Pueden ir desde inconvenientes menores a pesadillas que cambian la vida, dependiendo totalmente de las circunstancias del accidente. Una vez que los acontecimientos se han asentado, es comprensible querer responsabilizar a las personas adecuadas por causarle tal angustia. Recurrir a la v\u00eda judicial puede ser la opci\u00f3n ideal, y un <strong>Lubbock abogado accidente coche<\/strong> puede representarle.<\/p>\n<p>En <a href=\"https:\/\/www.mblaw.org\/es\/acerca-de\/\">Despacho Miller &amp; Bicklein, P.C.<\/a>sabe lo que est\u00e1 en juego en su batalla legal. Usted puede estar contando con un acuerdo sustancial para cubrir sus gastos m\u00e9dicos, da\u00f1os a la propiedad, y cualquier p\u00e9rdida de salarios que ha perdido. Sus lesiones pueden ser importantes y en curso, por lo que no deber\u00eda tener que preocuparse de librar una batalla legal, mientras que tratar con ellos. Es por eso que un abogado de accidente de auto experimentado puede ser tan crucial, ya que puede manejar este proceso para usted mientras se cura.<\/p>\n<h2><span class=\"ez-toc-section\" id=\"getting-in-a-car-accident-in-lubbock\"><\/span>Accidente de tr\u00e1fico en Lubbock<span class=\"ez-toc-section-end\"><\/span><\/h2>\n<p>Seg\u00fan los datos estad\u00edsticos recopilados por el Departamento de Transporte de Texas (TxDOT), se produjeron m\u00e1s de <a href=\"https:\/\/ftp.txdot.gov\/pub\/txdot-info\/trf\/crash_statistics\/2022\/14.pdf\" target=\"_blank\" rel=\"noopener\">6.600 accidentes de tr\u00e1fico<\/a> en <a href=\"https:\/\/en.wikipedia.org\/wiki\/Lubbock,_Texas\" target=\"_blank\" rel=\"noopener\">Lubbock, TX<\/a> solo a lo largo de 2022. Ese mismo a\u00f1o, 34 de esos accidentes se saldaron con v\u00edctimas mortales. Muchos de estos accidentes dieron lugar a acciones legales emprendidas por los supervivientes o sus familias. Los accidentes de tr\u00e1fico no son ni mucho menos infrecuentes en Texas. Sobrevivir a uno puede ser brutal. Un grupo local de apoyo a la salud mental como NAMI Lubbock puede ser \u00fatil.<\/p>\n<p>Seguir conduciendo <a href=\"https:\/\/www.texas.gov\/\" target=\"_blank\" rel=\"noopener\">Texas<\/a> Las carreteras pueden ser impredecibles y estar plagadas de accidentes. Siempre debes hacer lo posible por conducir a la defensiva y ser consciente de lo que te rodea. Los accidentes suelen ocurrir cuando menos te lo esperas, y pueden ser catastr\u00f3ficos, inolvidables y estar completamente fuera de tu control. Un buen abogado puede determinar exactamente d\u00f3nde est\u00e1 la culpa y evitar que las compa\u00f1\u00edas de seguros o un conductor negligente se aprovechen de usted.<\/p>\n<h2><span class=\"ez-toc-section\" id=\"statute-of-limitations\"><\/span>Prescripci\u00f3n<span class=\"ez-toc-section-end\"><\/span><\/h2>\n<p>Uno de los factores m\u00e1s importantes que hay que tener en cuenta despu\u00e9s de un accidente de tr\u00e1fico es cu\u00e1ndo llevar adelante su caso. Si espera demasiado, podr\u00eda perder la oportunidad de solicitar una indemnizaci\u00f3n. Aseg\u00farese de que su caso se adhiere a la <a href=\"https:\/\/statutes.capitol.texas.gov\/docs\/cp\/htm\/cp.16.htm\" target=\"_blank\" rel=\"noopener\">prescripci\u00f3n<\/a> en casos de lesiones personales, que incluyen las reclamaciones por accidentes de coche. En la mayor\u00eda de los casos, el Estado te concede dos a\u00f1os para encontrar un abogado de lesiones y presentar una demanda.<\/p>\n<p>Si no puede presentar su demanda antes de que pasen dos a\u00f1os, es posible que tenga que aceptar que su caso no avance. Es probable que sea desestimado en ese momento, y usted no ser\u00e1 capaz de obtener una indemnizaci\u00f3n por sus da\u00f1os en un tribunal civil. Construir un caso s\u00f3lido de accidente de coche puede no ser f\u00e1cil. Puede llevar m\u00e1s tiempo del que crees, por lo que deber\u00edas empezar tan pronto como puedas. Un abogado especializado en lesiones tambi\u00e9n puede proporcionarle una evaluaci\u00f3n del caso, una gesti\u00f3n experta del mismo y una representaci\u00f3n convincente.<\/p>\n<div class=\"consult-bkg cmn\">\n<div class=\"inr-cmn-box\">\n<div class=\"inr-cmn-box-logo\"><img loading=\"lazy\" decoding=\"async\" src=\"https:\/\/mblaw.org\/wp-content\/uploads\/2024\/11\/ftr-logo-1.webp\" alt=\"ftr-logo-1\" width=\"471\" height=\"158\" \/><\/div>\n<h3><span class=\"ez-toc-section\" id=\"lubbock-car-accident\"><\/span><strong>Lubbock Accidente de tr\u00e1fico<\/strong><span class=\"ez-toc-section-end\"><\/span><\/h3>\n<p>Llame hoy a las Oficinas Legales de Miller &amp; Bicklein al <a href=\"tel:210-366-2400\">210-366-2400<\/a> para una consulta gratuita<\/p>\n<div class=\"inr-cmn-btnbx\">\n<div class=\"inr-cm-btn\"><a href=\"https:\/\/www.mblaw.org\/es\/pongase-en-contacto-con\/\">programar una consulta<\/a><\/div>\n<div class=\"inr-cm-cal\">\n<h6>Llame para una consulta <a href=\"tel:210-366-2400\">210-366-2400<\/a><\/h6>\n<\/div>\n<\/div>\n<\/div>\n<\/div>\n<h2><span class=\"ez-toc-section\" id=\"what-to-do-after-an-accident\"><\/span>Qu\u00e9 hacer tras un accidente<span class=\"ez-toc-section-end\"><\/span><\/h2>\n<p>Sufrir un accidente de coche puede ser aterrador, pero tomar ciertas <a href=\"https:\/\/www.mblaw.org\/es\/blog\/que-medidas-debo-tomar-tras-un-accidente-de-trafico\/\">pasos importantes<\/a> puede protegerle a usted y a su reclamaci\u00f3n por accidente. <strong>Estas son algunas de las medidas que puede tomar y que pueden resultarle muy \u00fatiles a la hora de presentar su reclamaci\u00f3n:<\/strong><\/p>\n<ul>\n<li><strong>Mantener la calma<\/strong>. En primer lugar, siempre debe hacer todo lo posible para mantener la calma despu\u00e9s de un accidente de coche. Eso puede no ser f\u00e1cil, ya que los accidentes de coche pueden ser comprensiblemente grandes fuentes de p\u00e1nico. Sin embargo, entrar en p\u00e1nico no ayudar\u00e1 en nada, y s\u00f3lo podr\u00eda empeorar las cosas.<\/li>\n<li><strong>Comprobar si hay lesiones<\/strong>. Despu\u00e9s de un accidente, es posible que te encuentres en estado de shock. Esto puede hacer que te cueste m\u00e1s darte cuenta de que te has lesionado. T\u00f3mate un minuto para comprobar si est\u00e1s <a href=\"https:\/\/www.mblaw.org\/es\/blog\/6-lesiones-habituales-en-accidentes-de-trafico\/\">lesiones<\/a>A continuaci\u00f3n, haz lo mismo con los pasajeros del coche. Comprueba si hay manchas h\u00famedas, marcas rojas, hematomas, protuberancias, torceduras o cualquier cosa que pueda estar rota.<\/li>\n<li><strong>Llama a la polic\u00eda<\/strong>. Avisa a las autoridades lo antes posible. Una vez que lleguen, s\u00e9 sincero sobre lo ocurrido, pero no admitas la culpa del accidente de ninguna manera. Aceptar la responsabilidad, incluso pidiendo disculpas, puede afectar negativamente a su reclamaci\u00f3n por accidente. S\u00e9 cort\u00e9s y educado, pero no aceptes la culpa de lo ocurrido. Aseg\u00farate de no <a href=\"https:\/\/statutes.capitol.texas.gov\/docs\/tn\/htm\/tn.550.htm\" target=\"_blank\" rel=\"noopener\">huir de la escena<\/a> tampoco, ya que eso puede empeorar mucho las cosas para ti.<\/li>\n<\/ul>\n<h2><span class=\"ez-toc-section\" id=\"faqs\"><\/span>Preguntas frecuentes<span class=\"ez-toc-section-end\"><\/span><\/h2>\n<h3><span class=\"ez-toc-section\" id=\"do-i-really-need-an-injury-lawyer\"><\/span>\u00bfNecesito realmente un abogado de lesiones?<span class=\"ez-toc-section-end\"><\/span><\/h3>\n<p>Aunque t\u00e9cnicamente no est\u00e1 obligado a contratar a un abogado de lesiones para su caso, siempre es una buena idea tener a alguien a su lado mientras navega por cualquier asunto legal. Usted no quiere enfrentarse a un abogado experimentado por su cuenta, ya que a menudo puede conducir a la destrucci\u00f3n total de su caso. Un buen abogado puede protegerle y defender sus intereses.<\/p>\n<h3><span class=\"ez-toc-section\" id=\"does-car-insurance-pay-for-an-injury-lawyer\"><\/span>\u00bfPaga el seguro de coche un abogado de lesiones?<span class=\"ez-toc-section-end\"><\/span><\/h3>\n<p>Por lo general, el seguro del coche no paga un abogado de lesiones. Si quiere emprender acciones legales, tendr\u00e1 que contratar y pagar a un abogado usted mismo. Sin embargo, si se emprende una acci\u00f3n legal contra usted por un accidente de coche, su compa\u00f1\u00eda de seguros puede contratar a alguien para que le represente si existe una cl\u00e1usula de \"deber de defensa\" en su p\u00f3liza de seguro de autom\u00f3vil.<\/p>\n<h3><span class=\"ez-toc-section\" id=\"how-much-can-you-get-for-pain-and-suffering\"><\/span>\u00bfCu\u00e1nto puede recibir por el dolor y el sufrimiento?<span class=\"ez-toc-section-end\"><\/span><\/h3>\n<p>Por lo general, no existe una cantidad m\u00e1xima que puedas obtener por da\u00f1os morales en una demanda por lesiones. La excepci\u00f3n es cualquier caso relacionado con negligencia m\u00e9dica, que una demanda por accidente de coche generalmente no ser\u00e1. La cantidad que usted puede pedir por el dolor y el sufrimiento depender\u00e1 en gran medida de la gravedad de sus lesiones, el costo de sus facturas m\u00e9dicas, y m\u00e1s.<\/p>\n<h3><span class=\"ez-toc-section\" id=\"how-long-do-most-car-accident-settlements-take\"><\/span>\u00bfCu\u00e1nto tardan la mayor\u00eda de las indemnizaciones por accidente de tr\u00e1fico?<span class=\"ez-toc-section-end\"><\/span><\/h3>\n<p>El tiempo que puede tardar la resoluci\u00f3n de su accidente de tr\u00e1fico puede variar. Cada caso de accidente de coche es diferente, y cada uno tiene sus propias circunstancias que hacen de cada caso su propia experiencia para las personas involucradas. La cantidad de tiempo que su caso tomar\u00e1 para finalizar depender\u00e1 en gran medida de la complejidad del caso, la cantidad de pruebas que deben abordarse, y la voluntad de ambas partes a comprometerse. En \u00faltima instancia, llevar\u00e1 tanto tiempo como sea necesario.<\/p>\n<h2><span class=\"ez-toc-section\" id=\"reach-out-today\"><\/span>P\u00f3ngase en contacto con nosotros<span class=\"ez-toc-section-end\"><\/span><\/h2>\n<p>En las Oficinas Legales de Miller y Bicklein, PC, podemos trabajar duro para llegar a un acuerdo favorable accidente. <a href=\"https:\/\/www.mblaw.org\/es\/pongase-en-contacto-con\/\">P\u00f3ngase en contacto con nosotros<\/a> hoy mismo para hablar con un miembro del equipo sobre su caso.<\/p>","protected":false},"excerpt":{"rendered":"<p>Lubbock Car Accident Attorney Few events in your life can be as distressing and overwhelming as a car accident. They can range from minor inconveniences to life-changing nightmares, depending entirely on the circumstances of the accident. Once the events have settled in, it\u2019s understandable to want to hold the right people accountable for causing you &hellip; <\/p>\n<p class=\"link-more\"><a href=\"https:\/\/www.mblaw.org\/es\/lubbock-abogado-de-accidente-de-coche\/\" class=\"more-link\">Seguir leyendo<span class=\"screen-reader-text\"> &#8220;Lubbock Car Accident Lawyer&#8221;<\/span><\/a><\/p>","protected":false},"author":1,"featured_media":0,"parent":0,"menu_order":0,"comment_status":"closed","ping_status":"closed","template":"","meta":{"_acf_changed":false,"footnotes":""},"class_list":["post-2517","page","type-page","status-publish","hentry","entry"],"acf":[],"aioseo_notices":[],"_links":{"self":[{"href":"https:\/\/www.mblaw.org\/es\/wp-json\/wp\/v2\/pages\/2517","targetHints":{"allow":["GET"]}}],"collection":[{"href":"https:\/\/www.mblaw.org\/es\/wp-json\/wp\/v2\/pages"}],"about":[{"href":"https:\/\/www.mblaw.org\/es\/wp-json\/wp\/v2\/types\/page"}],"author":[{"embeddable":true,"href":"https:\/\/www.mblaw.org\/es\/wp-json\/wp\/v2\/users\/1"}],"replies":[{"embeddable":true,"href":"https:\/\/www.mblaw.org\/es\/wp-json\/wp\/v2\/comments?post=2517"}],"version-history":[{"count":4,"href":"https:\/\/www.mblaw.org\/es\/wp-json\/wp\/v2\/pages\/2517\/revisions"}],"predecessor-version":[{"id":2631,"href":"https:\/\/www.mblaw.org\/es\/wp-json\/wp\/v2\/pages\/2517\/revisions\/2631"}],"wp:attachment":[{"href":"https:\/\/www.mblaw.org\/es\/wp-json\/wp\/v2\/media?parent=2517"}],"curies":[{"name":"wp","href":"https:\/\/api.w.org\/{rel}","templated":true}]}}