{"id":2579,"date":"2025-08-06T09:29:18","date_gmt":"2025-08-06T09:29:18","guid":{"rendered":"https:\/\/www.mblaw.org\/?page_id=2579"},"modified":"2026-04-08T18:07:54","modified_gmt":"2026-04-08T18:07:54","slug":"abilene-abogado-de-accidente-de-coche","status":"publish","type":"page","link":"https:\/\/www.mblaw.org\/es\/abilene-abogado-de-accidente-de-coche\/","title":{"rendered":"Abilene Abogado de accidente de coche"},"content":{"rendered":"<p><img loading=\"lazy\" decoding=\"async\" class=\"alignnone wp-image-2599 size-full\" title=\"Abilene Abogado de accidente de coche\" src=\"https:\/\/mblaw.org\/wp-content\/uploads\/2025\/08\/abilene-car-accident-lawyer.webp\" alt=\"Abilene Abogado de accidente de coche\" width=\"1200\" height=\"600\" srcset=\"https:\/\/www.mblaw.org\/wp-content\/uploads\/2025\/08\/abilene-car-accident-lawyer.webp 1200w, https:\/\/www.mblaw.org\/wp-content\/uploads\/2025\/08\/abilene-car-accident-lawyer-300x150.webp 300w, https:\/\/www.mblaw.org\/wp-content\/uploads\/2025\/08\/abilene-car-accident-lawyer-1024x512.webp 1024w, https:\/\/www.mblaw.org\/wp-content\/uploads\/2025\/08\/abilene-car-accident-lawyer-768x384.webp 768w\" sizes=\"auto, (max-width: 1200px) 100vw, 1200px\" \/><\/p>\n<div id=\"ez-toc-container\" class=\"ez-toc-v2_0_82_2 counter-hierarchy ez-toc-counter ez-toc-transparent ez-toc-container-direction\">\n<div class=\"ez-toc-title-container\">\n<p class=\"ez-toc-title ez-toc-toggle\" style=\"cursor:pointer\">\u00cdndice<\/p>\n<span class=\"ez-toc-title-toggle\"><a href=\"#\" class=\"ez-toc-pull-right ez-toc-btn ez-toc-btn-xs ez-toc-btn-default ez-toc-toggle\" aria-label=\"Toggle Table of Content\"><span class=\"ez-toc-js-icon-con\"><span class=\"\"><span class=\"eztoc-hide\" style=\"display:none;\">Toggle<\/span><span class=\"ez-toc-icon-toggle-span\"><svg style=\"fill: #999;color:#999\" xmlns=\"http:\/\/www.w3.org\/2000\/svg\" class=\"list-377408\" width=\"20px\" height=\"20px\" viewbox=\"0 0 24 24\" fill=\"none\"><path d=\"M6 6H4v2h2V6zm14 0H8v2h12V6zM4 11h2v2H4v-2zm16 0H8v2h12v-2zM4 16h2v2H4v-2zm16 0H8v2h12v-2z\" fill=\"currentColor\"><\/path><\/svg><svg style=\"fill: #999;color:#999\" class=\"arrow-unsorted-368013\" xmlns=\"http:\/\/www.w3.org\/2000\/svg\" width=\"10px\" height=\"10px\" viewbox=\"0 0 24 24\" version=\"1.2\" baseprofile=\"tiny\"><path d=\"M18.2 9.3l-6.2-6.3-6.2 6.3c-.2.2-.3.4-.3.7s.1.5.3.7c.2.2.4.3.7.3h11c.3 0 .5-.1.7-.3.2-.2.3-.5.3-.7s-.1-.5-.3-.7zM5.8 14.7l6.2 6.3 6.2-6.3c.2-.2.3-.5.3-.7s-.1-.5-.3-.7c-.2-.2-.4-.3-.7-.3h-11c-.3 0-.5.1-.7.3-.2.2-.3.5-.3.7s.1.5.3.7z\"\/><\/svg><\/span><\/span><\/span><\/a><\/span><\/div>\n<nav><ul class='ez-toc-list ez-toc-list-level-1 eztoc-toggle-hide-by-default' ><li class='ez-toc-page-1 ez-toc-heading-level-2'><a class=\"ez-toc-link ez-toc-heading-1\" href=\"https:\/\/www.mblaw.org\/es\/abilene-abogado-de-accidente-de-coche\/#abilene-car-accident-attorney\" >Abilene Abogado de accidente de coche<\/a><\/li><li class='ez-toc-page-1 ez-toc-heading-level-2'><a class=\"ez-toc-link ez-toc-heading-2\" href=\"https:\/\/www.mblaw.org\/es\/abilene-abogado-de-accidente-de-coche\/#representing-car-accident-victims-in-abilene-tx\" >Representar a las v\u00edctimas de accidentes de coche en Abilene, TX<\/a><ul class='ez-toc-list-level-3' ><li class='ez-toc-heading-level-3'><a class=\"ez-toc-link ez-toc-heading-3\" href=\"https:\/\/www.mblaw.org\/es\/abilene-abogado-de-accidente-de-coche\/#abilene-car-accident\" >Abilene Accidente de tr\u00e1fico<\/a><\/li><\/ul><\/li><li class='ez-toc-page-1 ez-toc-heading-level-2'><a class=\"ez-toc-link ez-toc-heading-4\" href=\"https:\/\/www.mblaw.org\/es\/abilene-abogado-de-accidente-de-coche\/#recovering-from-your-car-accident-in-abilene\" >Recuperaci\u00f3n de su accidente de tr\u00e1fico en Abilene<\/a><\/li><li class='ez-toc-page-1 ez-toc-heading-level-2'><a class=\"ez-toc-link ez-toc-heading-5\" href=\"https:\/\/www.mblaw.org\/es\/abilene-abogado-de-accidente-de-coche\/#faqs\" >Preguntas frecuentes<\/a><ul class='ez-toc-list-level-3' ><li class='ez-toc-heading-level-3'><a class=\"ez-toc-link ez-toc-heading-6\" href=\"https:\/\/www.mblaw.org\/es\/abilene-abogado-de-accidente-de-coche\/#how-do-you-prove-liability-for-a-car-accident-in-abilene\" >\u00bfC\u00f3mo probar la responsabilidad de un accidente de tr\u00e1fico en Abilene?<\/a><\/li><li class='ez-toc-page-1 ez-toc-heading-level-3'><a class=\"ez-toc-link ez-toc-heading-7\" href=\"https:\/\/www.mblaw.org\/es\/abilene-abogado-de-accidente-de-coche\/#what-happens-if-i-was-partially-responsible-for-causing-my-car-accident\" >\u00bfQu\u00e9 ocurre si soy parcialmente responsable del accidente?<\/a><\/li><li class='ez-toc-page-1 ez-toc-heading-level-3'><a class=\"ez-toc-link ez-toc-heading-8\" href=\"https:\/\/www.mblaw.org\/es\/abilene-abogado-de-accidente-de-coche\/#how-much-recompense-could-i-claim-for-a-car-accident-in-abilene\" >\u00bfCu\u00e1nta indemnizaci\u00f3n puedo reclamar por un accidente de tr\u00e1fico en Abilene?<\/a><\/li><li class='ez-toc-page-1 ez-toc-heading-level-3'><a class=\"ez-toc-link ez-toc-heading-9\" href=\"https:\/\/www.mblaw.org\/es\/abilene-abogado-de-accidente-de-coche\/#why-should-i-hire-a-car-accident-lawyer\" >\u00bfPor qu\u00e9 deber\u00eda contratar a un abogado de accidentes de tr\u00e1fico?<\/a><\/li><li class='ez-toc-page-1 ez-toc-heading-level-3'><a class=\"ez-toc-link ez-toc-heading-10\" href=\"https:\/\/www.mblaw.org\/es\/abilene-abogado-de-accidente-de-coche\/#what-does-it-cost-to-hire-an-abeline-car-accident-lawyer\" >\u00bfCu\u00e1nto cuesta contratar a un abogado de accidentes de coche en Abeline?<\/a><\/li><\/ul><\/li><\/ul><\/nav><\/div>\n<h2><span class=\"ez-toc-section\" id=\"abilene-car-accident-attorney\"><\/span>Abilene Abogado de accidente de coche<span class=\"ez-toc-section-end\"><\/span><\/h2>\n<p>Los accidentes de coche son una de las principales causas de lesiones y muertes accidentales en el \u00e1rea Abilene y en todo Texas cada a\u00f1o. Desde choques a alta velocidad en la I-20 y la Ruta 83 hasta colisiones en carreteras m\u00e1s peque\u00f1as del centro de la ciudad, cualquier accidente puede provocar lesiones graves y plantear dif\u00edciles cuestiones legales. Debe consultar a un <strong>Abilene abogado accidente coche<\/strong> lo antes posible si ha resultado herido en un accidente de este tipo.<\/p>\n<h2><span class=\"ez-toc-section\" id=\"representing-car-accident-victims-in-abilene-tx\"><\/span>Representar a las v\u00edctimas de accidentes de coche en Abilene, TX<span class=\"ez-toc-section-end\"><\/span><\/h2>\n<p>Los abogados de <a href=\"https:\/\/www.mblaw.org\/es\/acerca-de\/\">Las Oficinas Legales de Miller &amp; Bicklein, P.C.<\/a>El bufete, con m\u00e1s de 90 a\u00f1os de experiencia combinada, representa a clientes perjudicados en <a href=\"https:\/\/en.wikipedia.org\/wiki\/Abilene,_Texas\" target=\"_blank\" rel=\"noopener\">Abilene<\/a> y los alrededores de <a href=\"https:\/\/www.texas.gov\/\" target=\"_blank\" rel=\"noopener\">Texas<\/a>. Cuando usted elige nuestra empresa para que lo represente, usted tendr\u00e1 un equipo legal dedicado listo para responder a sus preguntas, abordar sus preocupaciones, y proporcionar una valiosa orientaci\u00f3n a trav\u00e9s de todas las etapas de sus procedimientos legales despu\u00e9s de un accidente.<\/p>\n<p>En cada caso que aceptamos, escuchamos la historia de nuestro cliente y aprendemos sobre los efectos que su accidente ha tenido en su vida. Nuestro objetivo es ayudarle a demostrar la responsabilidad y responsabilizar al conductor culpable de los da\u00f1os que ha causado. Usted tiene un tiempo limitado para buscar una indemnizaci\u00f3n despu\u00e9s de su accidente, por lo que es crucial que contrate a un abogado de accidentes de coche de confianza de inmediato.<\/p>\n<div class=\"consult-bkg cmn\">\n<div class=\"inr-cmn-box\">\n<div class=\"inr-cmn-box-logo\"><img loading=\"lazy\" decoding=\"async\" src=\"https:\/\/mblaw.org\/wp-content\/uploads\/2024\/11\/ftr-logo-1.webp\" alt=\"ftr-logo-1\" width=\"471\" height=\"158\" \/><\/div>\n<h3><span class=\"ez-toc-section\" id=\"abilene-car-accident\"><\/span><strong>Abilene Accidente de tr\u00e1fico<\/strong><span class=\"ez-toc-section-end\"><\/span><\/h3>\n<p>Llame hoy a las Oficinas Legales de Miller &amp; Bicklein al <a href=\"tel:210-366-2400\">210-366-2400<\/a> para una consulta gratuita<\/p>\n<div class=\"inr-cmn-btnbx\">\n<div class=\"inr-cm-btn\"><a href=\"https:\/\/www.mblaw.org\/es\/pongase-en-contacto-con\/\">programar una consulta<\/a><\/div>\n<div class=\"inr-cm-cal\">\n<h6>Llame para una consulta <a href=\"tel:210-366-2400\">210-366-2400<\/a><\/h6>\n<\/div>\n<\/div>\n<\/div>\n<\/div>\n<h2><span class=\"ez-toc-section\" id=\"recovering-from-your-car-accident-in-abilene\"><\/span>Recuperaci\u00f3n de su accidente de tr\u00e1fico en Abilene<span class=\"ez-toc-section-end\"><\/span><\/h2>\n<p>En <a href=\"https:\/\/injuryfacts.nsc.org\/motor-vehicle\/overview\/introduction\/\" target=\"_blank\" rel=\"noopener\">Consejo Nacional de Seguridad<\/a> inform\u00f3 que en 2023, hubo m\u00e1s de cinco millones de lesiones consultadas m\u00e9dicamente y m\u00e1s de 44,000 muertes por accidentes automovil\u00edsticos en el pa\u00eds. Los accidentes de tr\u00e1fico son una de las principales causas de lesiones y muertes accidentales cada a\u00f1o, y cada estado tiene normas diferentes para resolver estos incidentes.<\/p>\n<p>El primer reto al que se enfrenta <a href=\"https:\/\/www.mblaw.org\/es\/blog\/que-debo-hacer-tras-un-accidente-de-trafico\/\">tras un accidente de tr\u00e1fico<\/a> en Abilene es demostrar la causa del accidente. La ley Texas resuelve todos los casos de accidentes de veh\u00edculos en base a la culpa, lo que significa que usted debe demostrar qui\u00e9n caus\u00f3 su accidente antes de recuperar la indemnizaci\u00f3n por da\u00f1os y perjuicios. La mayor\u00eda de los accidentes en Abilene ocurren por negligencia del conductor, como exceso de velocidad, conducci\u00f3n distra\u00edda, o infracciones de tr\u00e1fico como giros ilegales o saltarse se\u00f1ales de stop o sem\u00e1foros en rojo.<\/p>\n<p>Su abogado de accidentes de coche Abilene puede reunir las pruebas para demostrar la culpa del accidente y luego determinar su <a href=\"https:\/\/www.mblaw.org\/es\/blog\/que-podra-recuperar-de-un-accidente-de-trafico\/\">opciones de recuperaci\u00f3n m\u00e1s viables<\/a>. Texas ley obliga a todos los conductores a tener un seguro de veh\u00edculo, y cuando otro conductor le lesiona, usted puede presentar una reclamaci\u00f3n a su compa\u00f1\u00eda de seguros para obtener una indemnizaci\u00f3n. Por desgracia, tratar con las compa\u00f1\u00edas de seguros suele ser dif\u00edcil, ya que har\u00e1n todo lo posible por evitar el pago de indemnizaciones.<\/p>\n<p>Su abogado de accidente de coche Abilene en las Oficinas Legales de Miller y Bicklein, PC, no s\u00f3lo puede ayudarle a presentar su reclamaci\u00f3n al seguro y asegurarse de que recibe una oferta de liquidaci\u00f3n justa, pero tambi\u00e9n podemos ayudarle a presentar un caso de lesiones personales si es necesario para asegurar su recuperaci\u00f3n. El \u00e9xito con su caso de lesiones personales requerir\u00e1 demostrar que el acusado es directamente responsable de sus da\u00f1os reclamados.<\/p>\n<p>Si usted tiene \u00e9xito con un caso de lesiones personales, podr\u00eda recibir una recompensa por todos los da\u00f1os financieros y no financieros que el demandado caus\u00f3. En \u00faltima instancia, su caso podr\u00eda ser complejo en varios aspectos, y usted necesitar\u00e1 un abogado experimentado de su lado para dar sentido a su situaci\u00f3n. P\u00f3ngase en contacto con The Law Offices of Miller &amp; Bicklein, P.C., hoy para averiguar c\u00f3mo podr\u00edamos ayudarle con su caso.<\/p>\n<h2><span class=\"ez-toc-section\" id=\"faqs\"><\/span>Preguntas frecuentes<span class=\"ez-toc-section-end\"><\/span><\/h2>\n<h3><span class=\"ez-toc-section\" id=\"how-do-you-prove-liability-for-a-car-accident-in-abilene\"><\/span>\u00bfC\u00f3mo probar la responsabilidad de un accidente de tr\u00e1fico en Abilene?<span class=\"ez-toc-section-end\"><\/span><\/h3>\n<p>Para demostrar la responsabilidad de un accidente de coche en Abilene, es una buena idea contratar a un abogado de accidentes de coche lo antes posible para que pueda reunir pruebas para usted. Los registros del tel\u00e9fono m\u00f3vil del otro conductor, los datos inform\u00e1ticos del veh\u00edculo, los informes policiales y los testimonios de testigos presenciales del accidente podr\u00edan resultar cruciales para tu caso.<\/p>\n<h3><span class=\"ez-toc-section\" id=\"what-happens-if-i-was-partially-responsible-for-causing-my-car-accident\"><\/span>\u00bfQu\u00e9 ocurre si soy parcialmente responsable del accidente?<span class=\"ez-toc-section-end\"><\/span><\/h3>\n<p>Si usted fue parcialmente responsable de causar su accidente de coche, la regla de negligencia comparativa modificada del Texas se aplica a su caso, y se le asignar\u00e1 un porcentaje de culpa. Siempre que su porcentaje de culpa sea inferior al del demandado, podr\u00e1 reclamar da\u00f1os y perjuicios, pero la indemnizaci\u00f3n se reducir\u00e1 en funci\u00f3n de su porcentaje de culpa. Si se le considera m\u00e1s culpable que el demandado, no podr\u00e1 reclamar indemnizaci\u00f3n.<\/p>\n<h3><span class=\"ez-toc-section\" id=\"how-much-recompense-could-i-claim-for-a-car-accident-in-abilene\"><\/span>\u00bfCu\u00e1nta indemnizaci\u00f3n puedo reclamar por un accidente de tr\u00e1fico en Abilene?<span class=\"ez-toc-section-end\"><\/span><\/h3>\n<p>La cuant\u00eda de la indemnizaci\u00f3n que puede reclamar por un accidente de tr\u00e1fico en Abilene depende de la gravedad de sus lesiones. Si puede demostrar que otra parte es responsable de causar su accidente, ser\u00e1 responsable de todos los da\u00f1os econ\u00f3micos y no econ\u00f3micos resultantes. Puede tener motivos para reclamar una indemnizaci\u00f3n por los gastos de reparaci\u00f3n del veh\u00edculo, las facturas m\u00e9dicas, los salarios perdidos y el dolor y el sufrimiento que haya experimentado.<\/p>\n<h3><span class=\"ez-toc-section\" id=\"why-should-i-hire-a-car-accident-lawyer\"><\/span>\u00bfPor qu\u00e9 deber\u00eda contratar a un abogado de accidentes de tr\u00e1fico?<span class=\"ez-toc-section-end\"><\/span><\/h3>\n<p>Usted debe contratar a un abogado de accidentes de coche para asegurar la mayor posibilidad de \u00e9xito con su caso. Incluso si la culpa de su accidente parece clara para usted, es posible que surjan varias complicaciones inesperadas, y necesitar\u00e1 la ayuda de un abogado para resolver estas cuestiones y asegurar la compensaci\u00f3n que debe recuperar. Usted tiene una mejor oportunidad de ganar su caso y maximizar su recuperaci\u00f3n con un abogado que lo represente.<\/p>\n<h3><span class=\"ez-toc-section\" id=\"what-does-it-cost-to-hire-an-abeline-car-accident-lawyer\"><\/span>\u00bfCu\u00e1nto cuesta contratar a un abogado de accidentes de coche en Abeline?<span class=\"ez-toc-section-end\"><\/span><\/h3>\n<p>El costo de contratar a un abogado de accidentes automovil\u00edsticos en Abeline ser\u00e1 una porci\u00f3n fija de la indemnizaci\u00f3n total de su caso bajo la pol\u00edtica de honorarios de contingencia de las Oficinas Legales de Miller &amp; Bicklein, P.C. No cobramos a nuestros clientes de lesiones personales honorarios de abogados por adelantado. En su lugar, cobramos un porcentaje de la liquidaci\u00f3n final o adjudicaci\u00f3n del caso que aseguramos para ellos, pero s\u00f3lo si ganamos. Si no hay recuperaci\u00f3n, el cliente no paga honorarios.<\/p>\n<p>Las Oficinas Legales de Miller &amp; Bicklein, P.C., tienen muchos a\u00f1os de experiencia con una gama de <a href=\"https:\/\/www.mblaw.org\/es\/casos-recientes-de-mb\/\">casos complejos de lesiones personales<\/a> para clientes en Abilene y las comunidades circundantes de Texas. Estamos seguros de que podemos ayudarle a demostrar la culpa de su accidente y recuperar la m\u00e1xima recompensa por los da\u00f1os, por lo que <a href=\"https:\/\/www.mblaw.org\/es\/pongase-en-contacto-con\/\">Contacte con nosotros<\/a> para programar su consulta con un Abeline accidente de coche abogado de su confianza.<\/p>","protected":false},"excerpt":{"rendered":"<p>Abilene Car Accident Attorney Car accidents are a leading cause of accidental injuries and deaths in the Abilene area and throughout Texas each year. From high-speed crashes on I-20 and Route 83 to collisions on smaller downtown roads, any accident can lead to severe injuries and raise difficult legal questions. You should consult an Abilene &hellip; <\/p>\n<p class=\"link-more\"><a href=\"https:\/\/www.mblaw.org\/es\/abilene-abogado-de-accidente-de-coche\/\" class=\"more-link\">Seguir leyendo<span class=\"screen-reader-text\"> &#8220;Abilene Car Accident Lawyer&#8221;<\/span><\/a><\/p>","protected":false},"author":1,"featured_media":0,"parent":0,"menu_order":0,"comment_status":"closed","ping_status":"closed","template":"","meta":{"_acf_changed":false,"footnotes":""},"class_list":["post-2579","page","type-page","status-publish","hentry","entry"],"acf":[],"aioseo_notices":[],"_links":{"self":[{"href":"https:\/\/www.mblaw.org\/es\/wp-json\/wp\/v2\/pages\/2579","targetHints":{"allow":["GET"]}}],"collection":[{"href":"https:\/\/www.mblaw.org\/es\/wp-json\/wp\/v2\/pages"}],"about":[{"href":"https:\/\/www.mblaw.org\/es\/wp-json\/wp\/v2\/types\/page"}],"author":[{"embeddable":true,"href":"https:\/\/www.mblaw.org\/es\/wp-json\/wp\/v2\/users\/1"}],"replies":[{"embeddable":true,"href":"https:\/\/www.mblaw.org\/es\/wp-json\/wp\/v2\/comments?post=2579"}],"version-history":[{"count":4,"href":"https:\/\/www.mblaw.org\/es\/wp-json\/wp\/v2\/pages\/2579\/revisions"}],"predecessor-version":[{"id":2638,"href":"https:\/\/www.mblaw.org\/es\/wp-json\/wp\/v2\/pages\/2579\/revisions\/2638"}],"wp:attachment":[{"href":"https:\/\/www.mblaw.org\/es\/wp-json\/wp\/v2\/media?parent=2579"}],"curies":[{"name":"wp","href":"https:\/\/api.w.org\/{rel}","templated":true}]}}