{"id":2641,"date":"2025-08-27T05:24:11","date_gmt":"2025-08-27T05:24:11","guid":{"rendered":"https:\/\/www.mblaw.org\/?page_id=2641"},"modified":"2025-08-27T05:25:13","modified_gmt":"2025-08-27T05:25:13","slug":"lubbock-abogado-de-accidente-de-camion","status":"publish","type":"page","link":"https:\/\/www.mblaw.org\/es\/lubbock-abogado-de-accidente-de-camion\/","title":{"rendered":"Lubbock Abogado de accidente de cami\u00f3n"},"content":{"rendered":"<p><img loading=\"lazy\" decoding=\"async\" class=\"alignnone wp-image-2654 size-full\" title=\"Lubbock Abogado de accidente de cami\u00f3n\" src=\"https:\/\/mblaw.org\/wp-content\/uploads\/2025\/08\/lubbock-truck-accident-lawyer.webp\" alt=\"Lubbock Abogado de accidente de cami\u00f3n\" width=\"1200\" height=\"600\" srcset=\"https:\/\/www.mblaw.org\/wp-content\/uploads\/2025\/08\/lubbock-truck-accident-lawyer.webp 1200w, https:\/\/www.mblaw.org\/wp-content\/uploads\/2025\/08\/lubbock-truck-accident-lawyer-300x150.webp 300w, https:\/\/www.mblaw.org\/wp-content\/uploads\/2025\/08\/lubbock-truck-accident-lawyer-1024x512.webp 1024w, https:\/\/www.mblaw.org\/wp-content\/uploads\/2025\/08\/lubbock-truck-accident-lawyer-768x384.webp 768w\" sizes=\"auto, (max-width: 1200px) 100vw, 1200px\" \/><\/p>\n<div id=\"ez-toc-container\" class=\"ez-toc-v2_0_82_2 counter-hierarchy ez-toc-counter ez-toc-transparent ez-toc-container-direction\">\n<div class=\"ez-toc-title-container\">\n<p class=\"ez-toc-title ez-toc-toggle\" style=\"cursor:pointer\">\u00cdndice<\/p>\n<span class=\"ez-toc-title-toggle\"><a href=\"#\" class=\"ez-toc-pull-right ez-toc-btn ez-toc-btn-xs ez-toc-btn-default ez-toc-toggle\" aria-label=\"Toggle Table of Content\"><span class=\"ez-toc-js-icon-con\"><span class=\"\"><span class=\"eztoc-hide\" style=\"display:none;\">Toggle<\/span><span class=\"ez-toc-icon-toggle-span\"><svg style=\"fill: #999;color:#999\" xmlns=\"http:\/\/www.w3.org\/2000\/svg\" class=\"list-377408\" width=\"20px\" height=\"20px\" viewbox=\"0 0 24 24\" fill=\"none\"><path d=\"M6 6H4v2h2V6zm14 0H8v2h12V6zM4 11h2v2H4v-2zm16 0H8v2h12v-2zM4 16h2v2H4v-2zm16 0H8v2h12v-2z\" fill=\"currentColor\"><\/path><\/svg><svg style=\"fill: #999;color:#999\" class=\"arrow-unsorted-368013\" xmlns=\"http:\/\/www.w3.org\/2000\/svg\" width=\"10px\" height=\"10px\" viewbox=\"0 0 24 24\" version=\"1.2\" baseprofile=\"tiny\"><path d=\"M18.2 9.3l-6.2-6.3-6.2 6.3c-.2.2-.3.4-.3.7s.1.5.3.7c.2.2.4.3.7.3h11c.3 0 .5-.1.7-.3.2-.2.3-.5.3-.7s-.1-.5-.3-.7zM5.8 14.7l6.2 6.3 6.2-6.3c.2-.2.3-.5.3-.7s-.1-.5-.3-.7c-.2-.2-.4-.3-.7-.3h-11c-.3 0-.5.1-.7.3-.2.2-.3.5-.3.7s.1.5.3.7z\"\/><\/svg><\/span><\/span><\/span><\/a><\/span><\/div>\n<nav><ul class='ez-toc-list ez-toc-list-level-1 eztoc-toggle-hide-by-default' ><li class='ez-toc-page-1 ez-toc-heading-level-2'><a class=\"ez-toc-link ez-toc-heading-1\" href=\"https:\/\/www.mblaw.org\/es\/lubbock-abogado-de-accidente-de-camion\/#lubbock-truck-accident-attorney\" >Lubbock Abogado de accidente de cami\u00f3n<\/a><\/li><li class='ez-toc-page-1 ez-toc-heading-level-2'><a class=\"ez-toc-link ez-toc-heading-2\" href=\"https:\/\/www.mblaw.org\/es\/lubbock-abogado-de-accidente-de-camion\/#an-injury-law-firm-dedicated-to-fighting-for-you\" >Un bufete de abogados de lesiones dedicado a luchar por usted<\/a><ul class='ez-toc-list-level-3' ><li class='ez-toc-heading-level-3'><a class=\"ez-toc-link ez-toc-heading-3\" href=\"https:\/\/www.mblaw.org\/es\/lubbock-abogado-de-accidente-de-camion\/#lubbock-truck-accident\" >Lubbock Accidente de cami\u00f3n<\/a><\/li><\/ul><\/li><li class='ez-toc-page-1 ez-toc-heading-level-2'><a class=\"ez-toc-link ez-toc-heading-4\" href=\"https:\/\/www.mblaw.org\/es\/lubbock-abogado-de-accidente-de-camion\/#understanding-truck-collisions-in-lubbock\" >Comprender las colisiones de camiones en Lubbock<\/a><\/li><li class='ez-toc-page-1 ez-toc-heading-level-2'><a class=\"ez-toc-link ez-toc-heading-5\" href=\"https:\/\/www.mblaw.org\/es\/lubbock-abogado-de-accidente-de-camion\/#common-types-of-truck-accidents-in-lubbock\" >Tipos comunes de accidentes de camiones en Lubbock<\/a><\/li><li class='ez-toc-page-1 ez-toc-heading-level-2'><a class=\"ez-toc-link ez-toc-heading-6\" href=\"https:\/\/www.mblaw.org\/es\/lubbock-abogado-de-accidente-de-camion\/#compensation-you-may-be-owed\" >Indemnizaciones que le pueden corresponder<\/a><\/li><li class='ez-toc-page-1 ez-toc-heading-level-2'><a class=\"ez-toc-link ez-toc-heading-7\" href=\"https:\/\/www.mblaw.org\/es\/lubbock-abogado-de-accidente-de-camion\/#hire-a-truck-accident-lawyer\" >Contratar a un abogado de accidentes de cami\u00f3n<\/a><\/li><li class='ez-toc-page-1 ez-toc-heading-level-2'><a class=\"ez-toc-link ez-toc-heading-8\" href=\"https:\/\/www.mblaw.org\/es\/lubbock-abogado-de-accidente-de-camion\/#faqs\" >Preguntas frecuentes<\/a><ul class='ez-toc-list-level-3' ><li class='ez-toc-heading-level-3'><a class=\"ez-toc-link ez-toc-heading-9\" href=\"https:\/\/www.mblaw.org\/es\/lubbock-abogado-de-accidente-de-camion\/#q-how-much-does-a-lawyer-get-from-a-truck-accident-settlement-in-texas\" >P: \u00bfCu\u00e1nto se lleva un abogado de un acuerdo por accidente de cami\u00f3n en Texas?<\/a><\/li><li class='ez-toc-page-1 ez-toc-heading-level-3'><a class=\"ez-toc-link ez-toc-heading-10\" href=\"https:\/\/www.mblaw.org\/es\/lubbock-abogado-de-accidente-de-camion\/#q-how-much-are-most-truck-accident-settlements\" >P: \u00bfA cu\u00e1nto ascienden la mayor\u00eda de las indemnizaciones por accidente de cami\u00f3n?<\/a><\/li><li class='ez-toc-page-1 ez-toc-heading-level-3'><a class=\"ez-toc-link ez-toc-heading-11\" href=\"https:\/\/www.mblaw.org\/es\/lubbock-abogado-de-accidente-de-camion\/#q-how-long-does-an-18-wheeler-claim-take-in-texas\" >P: \u00bfCu\u00e1nto tarda un siniestro de 18 ruedas en Texas?<\/a><\/li><li class='ez-toc-page-1 ez-toc-heading-level-3'><a class=\"ez-toc-link ez-toc-heading-12\" href=\"https:\/\/www.mblaw.org\/es\/lubbock-abogado-de-accidente-de-camion\/#q-when-should-i-hire-a-truck-accident-attorney\" >P: \u00bfCu\u00e1ndo debo contratar a un abogado de accidentes de cami\u00f3n?<\/a><\/li><\/ul><\/li><li class='ez-toc-page-1 ez-toc-heading-level-2'><a class=\"ez-toc-link ez-toc-heading-13\" href=\"https:\/\/www.mblaw.org\/es\/lubbock-abogado-de-accidente-de-camion\/#lubbock-truck-accident-lawyer\" >Lubbock Abogado de accidente de cami\u00f3n<\/a><\/li><\/ul><\/nav><\/div>\n<h2><span class=\"ez-toc-section\" id=\"lubbock-truck-accident-attorney\"><\/span>Lubbock Abogado de accidente de cami\u00f3n<span class=\"ez-toc-section-end\"><\/span><\/h2>\n<p>Es la sede de muchas empresas de servicios petrol\u00edferos y un popular punto de parada entre viajes largos, <a href=\"https:\/\/en.wikipedia.org\/wiki\/Lubbock,_Texas\" target=\"_blank\" rel=\"noopener\">Lubbock<\/a> ve grandes cantidades de tr\u00e1fico de camiones de forma regular. Con altos vol\u00famenes de tr\u00e1fico de camiones comerciales aumenta el riesgo de accidentes que pueden dejar a los conductores y pasajeros con lesiones graves y dificultades financieras inesperadas. A <strong>Lubbock abogado de accidentes de cami\u00f3n<\/strong> representa a las v\u00edctimas lesionadas y consigue la indemnizaci\u00f3n que se les debe.<\/p>\n<h2><span class=\"ez-toc-section\" id=\"an-injury-law-firm-dedicated-to-fighting-for-you\"><\/span>Un bufete de abogados de lesiones dedicado a luchar por usted<span class=\"ez-toc-section-end\"><\/span><\/h2>\n<p>Los accidentes de cami\u00f3n son f\u00e1cilmente una de las causas m\u00e1s comunes, aunque jur\u00eddicamente complejas, de lesiones personales en <a href=\"https:\/\/www.texas.gov\/\" target=\"_blank\" rel=\"noopener\">Texas<\/a>. En <a href=\"https:\/\/www.mblaw.org\/es\/acerca-de\/\">Las Oficinas Legales de Miller &amp; Bicklein, P.C.<\/a>Entendemos la carga emocional y f\u00edsica que una colisi\u00f3n de camiones comerciales puede causar. Con m\u00e1s de 90 a\u00f1os de experiencia combinada, estamos listos para ser fieros defensores de sus derechos.<\/p>\n<p>Lo que distingue a nuestro bufete es nuestro enfoque en trabajar estrechamente con nuestros clientes y proporcionarles servicios individualizados adaptados a sus necesidades. Nuestros abogados son l\u00edderes de opini\u00f3n en su campo e intervienen regularmente en seminarios jur\u00eddicos y conferencias. <a href=\"https:\/\/www.mblaw.org\/es\/casos-recientes-de-mb\/\">representar a clientes<\/a> en juicios de alto riesgo. Cuando su salud y futuro financiero est\u00e1n en juego, conf\u00ede en nuestro equipo de litigantes experimentados para hacer lo que sea necesario para que usted reciba la compensaci\u00f3n que se le debe.<\/p>\n<div class=\"consult-bkg cmn\">\n<div class=\"inr-cmn-box\">\n<div class=\"inr-cmn-box-logo\"><img loading=\"lazy\" decoding=\"async\" src=\"https:\/\/mblaw.org\/wp-content\/uploads\/2024\/11\/ftr-logo-1.webp\" alt=\"ftr-logo-1\" width=\"471\" height=\"158\" \/><\/div>\n<h3><span class=\"ez-toc-section\" id=\"lubbock-truck-accident\"><\/span><strong>Lubbock Accidente de cami\u00f3n<\/strong><span class=\"ez-toc-section-end\"><\/span><\/h3>\n<p>Llame hoy a las Oficinas Legales de Miller &amp; Bicklein al <a href=\"tel:210-366-2400\">210-366-2400<\/a> para una consulta gratuita<\/p>\n<div class=\"inr-cmn-btnbx\">\n<div class=\"inr-cm-btn\"><a href=\"https:\/\/www.mblaw.org\/es\/pongase-en-contacto-con\/\">programar una consulta<\/a><\/div>\n<div class=\"inr-cm-cal\">\n<h6>Llame para una consulta <a href=\"tel:210-366-2400\">210-366-2400<\/a><\/h6>\n<\/div>\n<\/div>\n<\/div>\n<\/div>\n<h2><span class=\"ez-toc-section\" id=\"understanding-truck-collisions-in-lubbock\"><\/span>Comprender las colisiones de camiones en Lubbock<span class=\"ez-toc-section-end\"><\/span><\/h2>\n<p>En todo el estado, las colisiones en las que se ven implicados grandes camiones siguen siendo un grave problema de seguridad p\u00fablica. <a href=\"https:\/\/www.dshs.texas.gov\/sites\/default\/files\/injury\/EMST-Registries\/Data\/DSHS-EMSTR-CMV-DataBrief-Jan2025.pdf?utm_source\" target=\"_blank\" rel=\"noopener\">El Texas Departamento de Servicios Estatales de Salud<\/a> (DSHS) inform\u00f3 de 9.244 accidentes de veh\u00edculos de motor comerciales (CMV) en 2023. De ellos, 1,43% resultaron mortales, mientras que 98,57% fueron no mortales. La mayor\u00eda de los accidentes se produjeron en autopistas y carreteras interestatales, y un significativo 37,7% ocurrieron entre las 10 de la noche y las 6 de la ma\u00f1ana.<\/p>\n<p>El propio Lubbock no es ajeno a estos peligros. El 6 de mayo de 2025, el Cuerpo de Bomberos Lubbock respondi\u00f3 a un <a href=\"https:\/\/www.kcbd.com\/2025\/05\/06\/crash-involving-2-semi-trucks-passenger-vehicle-causing-traffic-delays-north-lubbock\/?utm_source=\" target=\"_blank\" rel=\"noopener\">accidente grave<\/a> cerca de la I-27 y Yucca Lane en el que se vieron implicados dos semirremolques y un veh\u00edculo de pasajeros, lo que provoc\u00f3 el cierre de importantes v\u00edas de tr\u00e1fico. Cuando los residentes de barrios como Tech Terrace, Overton y South Overton salen a las calles y carreteras locales, pueden estar tomando <a href=\"https:\/\/www.mblaw.org\/es\/blog\/los-camioneros-pueden-reducir-el-riesgo-de-accidentes\/\">riesgos imprevistos<\/a> que pueden provocar lesiones personales.<\/p>\n<h2><span class=\"ez-toc-section\" id=\"common-types-of-truck-accidents-in-lubbock\"><\/span>Tipos comunes de accidentes de camiones en Lubbock<span class=\"ez-toc-section-end\"><\/span><\/h2>\n<p>Debido al enorme tama\u00f1o y peso de los semirremolques y otros veh\u00edculos comerciales, los camiones de gran tama\u00f1o representan un grave peligro en las carreteras y autopistas de Lubbock. Las colisiones pueden deberse a <a href=\"https:\/\/www.mblaw.org\/es\/blog\/el-transporte-por-carretera-fatigado-puede-provocar-accidentes-graves\/\">fatiga del conductor<\/a>conducci\u00f3n negligente y conducci\u00f3n distra\u00edda. Cualquiera que sea la causa, <strong>estos tipos comunes de colisiones relacionadas con camiones pueden dejar a las v\u00edctimas en busca de responsabilidad y respuestas.<\/strong><\/p>\n<ul>\n<li>Pr\u00f3rrogas<\/li>\n<li>Carga no garantizada<\/li>\n<li>Accidentes por empotramiento<\/li>\n<li>Accidentes en el \u00e1ngulo muerto<\/li>\n<li>Accidentes con navaja<\/li>\n<li>Colisiones por alcance<\/li>\n<li>Colisiones frontales<\/li>\n<li>Accidentes en intersecciones<\/li>\n<\/ul>\n<h2><span class=\"ez-toc-section\" id=\"compensation-you-may-be-owed\"><\/span>Indemnizaciones que le pueden corresponder<span class=\"ez-toc-section-end\"><\/span><\/h2>\n<p>Al trabajar con un abogado con experiencia en lesiones personales, usted puede ser elegible para varios tipos de da\u00f1os que pueden restaurar financieramente despu\u00e9s de una colisi\u00f3n de camiones. <strong>Entre ellas se incluyen las indemnizaciones por:<\/strong><\/p>\n<ul>\n<li>Gastos m\u00e9dicos<\/li>\n<li>Da\u00f1os materiales<\/li>\n<li>Salarios perdidos<\/li>\n<li>Dolor y sufrimiento<\/li>\n<li>Muerte por negligencia<\/li>\n<li>Da\u00f1os punitivos<\/li>\n<\/ul>\n<p>Un abogado puede evaluar su caso y hablar largo y tendido con usted para asegurarse de que su acuerdo tiene plenamente en cuenta los diversos tipos de da\u00f1os que ha sufrido, incluidos los da\u00f1os emocionales y los costes futuros de los tratamientos m\u00e9dicos.<\/p>\n<h2><span class=\"ez-toc-section\" id=\"hire-a-truck-accident-lawyer\"><\/span>Contratar a un abogado de accidentes de cami\u00f3n<span class=\"ez-toc-section-end\"><\/span><\/h2>\n<p>Si usted fue herido debido a la negligencia o mala conducta de un conductor de cami\u00f3n, su primer paso debe ser contratar a un abogado de accidente de cami\u00f3n. Las compa\u00f1\u00edas de seguros no tienen sus intereses en el coraz\u00f3n, y los grupos de camiones pueden tratar de presionarle para que acepte un acuerdo injusto. Sin representaci\u00f3n legal, pueden incluso acusarle falsamente de causar o contribuir a su lesi\u00f3n.<\/p>\n<p>A <strong>Lubbock abogado de accidente de cami\u00f3n<\/strong> aporta a\u00f1os o d\u00e9cadas de experiencia en el uso de las leyes estatales de accidentes de camiones para ayudar a los clientes a recuperar los da\u00f1os econ\u00f3micos y no econ\u00f3micos. Ellos manejan las complejidades de los casos de accidentes de camiones para asegurar que sus clientes reciban la responsabilidad y la compensaci\u00f3n que se les debe. Durante un momento dif\u00edcil, la representaci\u00f3n legal puede aliviar sus cargas y proporcionarle los recursos que necesita para recuperarse.<\/p>\n<h2><span class=\"ez-toc-section\" id=\"faqs\"><\/span>Preguntas frecuentes<span class=\"ez-toc-section-end\"><\/span><\/h2>\n<h3><span class=\"ez-toc-section\" id=\"q-how-much-does-a-lawyer-get-from-a-truck-accident-settlement-in-texas\"><\/span>P: \u00bfCu\u00e1nto se lleva un abogado de un acuerdo por accidente de cami\u00f3n en Texas?<span class=\"ez-toc-section-end\"><\/span><\/h3>\n<p><strong>A:<\/strong> La cantidad que un abogado de lesiones personales recibe por sus servicios depende de la cuant\u00eda del acuerdo y de los honorarios de contingencia acordados. Esos honorarios son un porcentaje fijo que se deduce de cualquier acuerdo final o veredicto judicial favorable. Los abogados eval\u00faan la complejidad de los casos y el posible acuerdo al que pueden llegar antes de determinar los honorarios condicionales.<\/p>\n<h3><span class=\"ez-toc-section\" id=\"q-how-much-are-most-truck-accident-settlements\"><\/span>P: \u00bfA cu\u00e1nto ascienden la mayor\u00eda de las indemnizaciones por accidente de cami\u00f3n?<span class=\"ez-toc-section-end\"><\/span><\/h3>\n<p><strong>A:<\/strong> Las indemnizaciones por accidentes de cami\u00f3n var\u00edan considerablemente, por lo que no existe una cantidad \u00fanica por la que \"la mayor\u00eda\" llegue a un acuerdo. Algunos de los mayores asentamientos para los casos de lesiones personales a menudo implican camiones porque los veh\u00edculos de gran tama\u00f1o com\u00fanmente causan lesiones devastadoras que dejan a las v\u00edctimas lesionadas no pueden trabajar. Los acuerdos tienen en cuenta los da\u00f1os f\u00edsicos, emocionales y financieros que causa una colisi\u00f3n con un cami\u00f3n.<\/p>\n<h3><span class=\"ez-toc-section\" id=\"q-how-long-does-an-18-wheeler-claim-take-in-texas\"><\/span>P: \u00bfCu\u00e1nto tarda un siniestro de 18 ruedas en Texas?<span class=\"ez-toc-section-end\"><\/span><\/h3>\n<p><strong>A:<\/strong> Los plazos de una demanda por accidente de cami\u00f3n pueden variar mucho, desde semanas a varios meses o incluso m\u00e1s de un a\u00f1o. El plazo para cualquier caso depende en gran medida de la cantidad de dinero que se busca a trav\u00e9s de un acuerdo, la fuerza de la evidencia, y la voluntad de la parte culpable de hacer una oferta de acuerdo justo. Contar con representaci\u00f3n legal puede mejorar sus posibilidades de obtener un acuerdo justo en el plazo previsto.<\/p>\n<h3><span class=\"ez-toc-section\" id=\"q-when-should-i-hire-a-truck-accident-attorney\"><\/span>P: \u00bfCu\u00e1ndo debo contratar a un abogado de accidentes de cami\u00f3n?<span class=\"ez-toc-section-end\"><\/span><\/h3>\n<p><strong>A:<\/strong> Si usted estuvo en un accidente de cami\u00f3n que dio lugar a cualquier tipo de lesi\u00f3n, su primer paso debe ser consultar con un abogado de lesiones personales. Muchas personas asumen falsamente que el seguro del conductor del cami\u00f3n ser\u00e1 cooperativo y justo a trav\u00e9s del proceso de liquidaci\u00f3n. Tener una fuerte representaci\u00f3n legal lo posiciona para el \u00e9xito, ya sea que provenga de negociaciones con el seguro o de un litigio en la corte.<\/p>\n<h2><span class=\"ez-toc-section\" id=\"lubbock-truck-accident-lawyer\"><\/span>Lubbock Abogado de accidente de cami\u00f3n<span class=\"ez-toc-section-end\"><\/span><\/h2>\n<p>Un conductor de cami\u00f3n negligente o empresa puede convertir un semirremolque en un arma mortal. Si usted o un ser querido ha sido lesionado en un accidente de cami\u00f3n en Lubbock, Las Oficinas Legales de Miller y Bicklein, PC puede ayudar. Podemos evaluar su caso y buscar agresivamente una compensaci\u00f3n mientras usted se concentra en recuperarse. <a href=\"https:\/\/www.mblaw.org\/es\/pongase-en-contacto-con\/\">P\u00f3ngase en contacto con nosotros<\/a> para programar su consulta gratuita para que pueda obtener la representaci\u00f3n legal fuerte que se merece.<\/p>","protected":false},"excerpt":{"rendered":"<p>Lubbock Truck Accident Attorney As the home to many oilfield service companies and a popular stopping point between long hauls, Lubbock sees large amounts of truck traffic on a regular basis. With high volumes of commercial truck traffic comes increased risks for accidents that can leave drivers and passengers contending with serious injuries and unexpected &hellip; <\/p>\n<p class=\"link-more\"><a href=\"https:\/\/www.mblaw.org\/es\/lubbock-abogado-de-accidente-de-camion\/\" class=\"more-link\">Seguir leyendo<span class=\"screen-reader-text\"> &#8220;Lubbock Truck Accident Lawyer&#8221;<\/span><\/a><\/p>","protected":false},"author":1,"featured_media":0,"parent":0,"menu_order":0,"comment_status":"closed","ping_status":"closed","template":"","meta":{"_acf_changed":false,"footnotes":""},"class_list":["post-2641","page","type-page","status-publish","hentry","entry"],"acf":[],"aioseo_notices":[],"_links":{"self":[{"href":"https:\/\/www.mblaw.org\/es\/wp-json\/wp\/v2\/pages\/2641","targetHints":{"allow":["GET"]}}],"collection":[{"href":"https:\/\/www.mblaw.org\/es\/wp-json\/wp\/v2\/pages"}],"about":[{"href":"https:\/\/www.mblaw.org\/es\/wp-json\/wp\/v2\/types\/page"}],"author":[{"embeddable":true,"href":"https:\/\/www.mblaw.org\/es\/wp-json\/wp\/v2\/users\/1"}],"replies":[{"embeddable":true,"href":"https:\/\/www.mblaw.org\/es\/wp-json\/wp\/v2\/comments?post=2641"}],"version-history":[{"count":4,"href":"https:\/\/www.mblaw.org\/es\/wp-json\/wp\/v2\/pages\/2641\/revisions"}],"predecessor-version":[{"id":2656,"href":"https:\/\/www.mblaw.org\/es\/wp-json\/wp\/v2\/pages\/2641\/revisions\/2656"}],"wp:attachment":[{"href":"https:\/\/www.mblaw.org\/es\/wp-json\/wp\/v2\/media?parent=2641"}],"curies":[{"name":"wp","href":"https:\/\/api.w.org\/{rel}","templated":true}]}}