{"id":2644,"date":"2025-08-27T05:31:03","date_gmt":"2025-08-27T05:31:03","guid":{"rendered":"https:\/\/www.mblaw.org\/?page_id=2644"},"modified":"2025-08-27T05:32:08","modified_gmt":"2025-08-27T05:32:08","slug":"odessa-abogado-de-accidente-de-camion","status":"publish","type":"page","link":"https:\/\/www.mblaw.org\/es\/odessa-abogado-de-accidente-de-camion\/","title":{"rendered":"Odessa Abogado de accidente de cami\u00f3n"},"content":{"rendered":"<p><img loading=\"lazy\" decoding=\"async\" class=\"alignnone wp-image-2653 size-full\" title=\"Odessa Abogado de accidente de cami\u00f3n\" src=\"https:\/\/mblaw.org\/wp-content\/uploads\/2025\/08\/odessa-truck-accident-lawyer.webp\" alt=\"Odessa Abogado de accidente de cami\u00f3n\" width=\"1200\" height=\"600\" srcset=\"https:\/\/www.mblaw.org\/wp-content\/uploads\/2025\/08\/odessa-truck-accident-lawyer.webp 1200w, https:\/\/www.mblaw.org\/wp-content\/uploads\/2025\/08\/odessa-truck-accident-lawyer-300x150.webp 300w, https:\/\/www.mblaw.org\/wp-content\/uploads\/2025\/08\/odessa-truck-accident-lawyer-1024x512.webp 1024w, https:\/\/www.mblaw.org\/wp-content\/uploads\/2025\/08\/odessa-truck-accident-lawyer-768x384.webp 768w\" sizes=\"auto, (max-width: 1200px) 100vw, 1200px\" \/><\/p>\n<div id=\"ez-toc-container\" class=\"ez-toc-v2_0_82_2 counter-hierarchy ez-toc-counter ez-toc-transparent ez-toc-container-direction\">\n<div class=\"ez-toc-title-container\">\n<p class=\"ez-toc-title ez-toc-toggle\" style=\"cursor:pointer\">\u00cdndice<\/p>\n<span class=\"ez-toc-title-toggle\"><a href=\"#\" class=\"ez-toc-pull-right ez-toc-btn ez-toc-btn-xs ez-toc-btn-default ez-toc-toggle\" aria-label=\"Toggle Table of Content\"><span class=\"ez-toc-js-icon-con\"><span class=\"\"><span class=\"eztoc-hide\" style=\"display:none;\">Toggle<\/span><span class=\"ez-toc-icon-toggle-span\"><svg style=\"fill: #999;color:#999\" xmlns=\"http:\/\/www.w3.org\/2000\/svg\" class=\"list-377408\" width=\"20px\" height=\"20px\" viewbox=\"0 0 24 24\" fill=\"none\"><path d=\"M6 6H4v2h2V6zm14 0H8v2h12V6zM4 11h2v2H4v-2zm16 0H8v2h12v-2zM4 16h2v2H4v-2zm16 0H8v2h12v-2z\" fill=\"currentColor\"><\/path><\/svg><svg style=\"fill: #999;color:#999\" class=\"arrow-unsorted-368013\" xmlns=\"http:\/\/www.w3.org\/2000\/svg\" width=\"10px\" height=\"10px\" viewbox=\"0 0 24 24\" version=\"1.2\" baseprofile=\"tiny\"><path d=\"M18.2 9.3l-6.2-6.3-6.2 6.3c-.2.2-.3.4-.3.7s.1.5.3.7c.2.2.4.3.7.3h11c.3 0 .5-.1.7-.3.2-.2.3-.5.3-.7s-.1-.5-.3-.7zM5.8 14.7l6.2 6.3 6.2-6.3c.2-.2.3-.5.3-.7s-.1-.5-.3-.7c-.2-.2-.4-.3-.7-.3h-11c-.3 0-.5.1-.7.3-.2.2-.3.5-.3.7s.1.5.3.7z\"\/><\/svg><\/span><\/span><\/span><\/a><\/span><\/div>\n<nav><ul class='ez-toc-list ez-toc-list-level-1 eztoc-toggle-hide-by-default' ><li class='ez-toc-page-1 ez-toc-heading-level-2'><a class=\"ez-toc-link ez-toc-heading-1\" href=\"https:\/\/www.mblaw.org\/es\/odessa-abogado-de-accidente-de-camion\/#odessa-truck-accident-attorney\" >Odessa Abogado de accidente de cami\u00f3n<\/a><\/li><li class='ez-toc-page-1 ez-toc-heading-level-2'><a class=\"ez-toc-link ez-toc-heading-2\" href=\"https:\/\/www.mblaw.org\/es\/odessa-abogado-de-accidente-de-camion\/#a-law-firm-committed-to-protecting-your-future\" >Un bufete de abogados comprometido a proteger su futuro<\/a><ul class='ez-toc-list-level-3' ><li class='ez-toc-heading-level-3'><a class=\"ez-toc-link ez-toc-heading-3\" href=\"https:\/\/www.mblaw.org\/es\/odessa-abogado-de-accidente-de-camion\/#odessa-truck-accident\" >Odessa Accidente de cami\u00f3n<\/a><\/li><\/ul><\/li><li class='ez-toc-page-1 ez-toc-heading-level-2'><a class=\"ez-toc-link ez-toc-heading-4\" href=\"https:\/\/www.mblaw.org\/es\/odessa-abogado-de-accidente-de-camion\/#understanding-truck-collisions-in-odessa\" >Comprender las colisiones de camiones en Odessa<\/a><\/li><li class='ez-toc-page-1 ez-toc-heading-level-2'><a class=\"ez-toc-link ez-toc-heading-5\" href=\"https:\/\/www.mblaw.org\/es\/odessa-abogado-de-accidente-de-camion\/#common-types-of-truck-accidents\" >Tipos habituales de accidentes de cami\u00f3n<\/a><\/li><li class='ez-toc-page-1 ez-toc-heading-level-2'><a class=\"ez-toc-link ez-toc-heading-6\" href=\"https:\/\/www.mblaw.org\/es\/odessa-abogado-de-accidente-de-camion\/#compensation-you-may-be-owed\" >Indemnizaciones que le pueden corresponder<\/a><\/li><li class='ez-toc-page-1 ez-toc-heading-level-2'><a class=\"ez-toc-link ez-toc-heading-7\" href=\"https:\/\/www.mblaw.org\/es\/odessa-abogado-de-accidente-de-camion\/#hire-a-truck-accident-lawyer\" >Contratar a un abogado de accidentes de cami\u00f3n<\/a><\/li><li class='ez-toc-page-1 ez-toc-heading-level-2'><a class=\"ez-toc-link ez-toc-heading-8\" href=\"https:\/\/www.mblaw.org\/es\/odessa-abogado-de-accidente-de-camion\/#faqs\" >Preguntas frecuentes<\/a><ul class='ez-toc-list-level-3' ><li class='ez-toc-heading-level-3'><a class=\"ez-toc-link ez-toc-heading-9\" href=\"https:\/\/www.mblaw.org\/es\/odessa-abogado-de-accidente-de-camion\/#q-is-it-worth-getting-an-attorney-for-a-truck-accident\" >P: \u00bfMerece la pena contratar un abogado para un accidente de cami\u00f3n?<\/a><\/li><li class='ez-toc-page-1 ez-toc-heading-level-3'><a class=\"ez-toc-link ez-toc-heading-10\" href=\"https:\/\/www.mblaw.org\/es\/odessa-abogado-de-accidente-de-camion\/#q-how-much-will-you-get-paid-if-an-18-wheeler-hits-you-in-texas\" >P: \u00bfCu\u00e1nto le pagar\u00e1n si le atropella un cami\u00f3n de 18 ruedas en Texas?<\/a><\/li><li class='ez-toc-page-1 ez-toc-heading-level-3'><a class=\"ez-toc-link ez-toc-heading-11\" href=\"https:\/\/www.mblaw.org\/es\/odessa-abogado-de-accidente-de-camion\/#q-how-long-will-it-take-to-get-a-settlement-offer\" >P: \u00bfCu\u00e1nto tiempo se tarda en recibir una oferta de acuerdo?<\/a><\/li><li class='ez-toc-page-1 ez-toc-heading-level-3'><a class=\"ez-toc-link ez-toc-heading-12\" href=\"https:\/\/www.mblaw.org\/es\/odessa-abogado-de-accidente-de-camion\/#q-what-does-an-attorney-charge-for-a-truck-accident-settlement\" >P: \u00bfCu\u00e1nto cobra un abogado por una indemnizaci\u00f3n por accidente de cami\u00f3n?<\/a><\/li><\/ul><\/li><li class='ez-toc-page-1 ez-toc-heading-level-2'><a class=\"ez-toc-link ez-toc-heading-13\" href=\"https:\/\/www.mblaw.org\/es\/odessa-abogado-de-accidente-de-camion\/#odessa-truck-accident-lawyer\" >Odessa Abogado de accidente de cami\u00f3n<\/a><\/li><\/ul><\/nav><\/div>\n<h2><span class=\"ez-toc-section\" id=\"odessa-truck-accident-attorney\"><\/span>Odessa Abogado de accidente de cami\u00f3n<span class=\"ez-toc-section-end\"><\/span><\/h2>\n<p>Como una de las ciudades m\u00e1s grandes de la Cuenca P\u00e9rmica, Odessa ve grandes cantidades de tr\u00e1fico de camiones pesados diariamente. Este alto volumen de tr\u00e1fico comercial aumenta el riesgo de lesiones para los lugare\u00f1os que tambi\u00e9n dependen de esas mismas carreteras y autopistas para ir y venir y para hacer recados. Si ha sufrido lesiones por culpa de un camionero negligente, puede trabajar con un <strong>Odessa abogado accidente cami\u00f3n<\/strong> que puede buscar un acuerdo justo que le compense por los da\u00f1os sufridos.<\/p>\n<h2><span class=\"ez-toc-section\" id=\"a-law-firm-committed-to-protecting-your-future\"><\/span>Un bufete de abogados comprometido a proteger su futuro<span class=\"ez-toc-section-end\"><\/span><\/h2>\n<p>Los accidentes de camiones comerciales se encuentran entre los casos de lesiones personales m\u00e1s devastadores y complejos que tratamos en Texas. En <a href=\"https:\/\/www.mblaw.org\/es\/acerca-de\/\">Las Oficinas Legales de Miller &amp; Bicklein, P.C.<\/a>reconocemos la pesada carga f\u00edsica, emocional y financiera que estas colisiones pueden traer. Con el respaldo de m\u00e1s de 90 a\u00f1os de experiencia combinada, nuestro equipo est\u00e1 preparado para luchar sin descanso por sus derechos.<\/p>\n<p>Lo que distingue a nuestro bufete es la dedicaci\u00f3n que ponemos en cada cliente. Proporcionamos representaci\u00f3n atenta y personalizada y elaboramos estrategias legales dise\u00f1adas en torno a sus circunstancias \u00fanicas.<\/p>\n<p>Nuestros abogados son ampliamente respetados en la comunidad legal, con frecuencia hablan en seminarios profesionales y manejan litigios de alto perfil. Conf\u00ede en nuestros litigantes de confianza para obtener la justicia y la compensaci\u00f3n que se merece.<\/p>\n<div class=\"consult-bkg cmn\">\n<div class=\"inr-cmn-box\">\n<div class=\"inr-cmn-box-logo\"><img loading=\"lazy\" decoding=\"async\" src=\"https:\/\/mblaw.org\/wp-content\/uploads\/2024\/11\/ftr-logo-1.webp\" alt=\"ftr-logo-1\" width=\"471\" height=\"158\" \/><\/div>\n<h3><span class=\"ez-toc-section\" id=\"odessa-truck-accident\"><\/span><strong>Odessa Accidente de cami\u00f3n<\/strong><span class=\"ez-toc-section-end\"><\/span><\/h3>\n<p>Llame hoy a las Oficinas Legales de Miller &amp; Bicklein al <a href=\"tel:210-366-2400\">210-366-2400<\/a> para una consulta gratuita<\/p>\n<div class=\"inr-cmn-btnbx\">\n<div class=\"inr-cm-btn\"><a href=\"https:\/\/www.mblaw.org\/es\/pongase-en-contacto-con\/\">programar una consulta<\/a><\/div>\n<div class=\"inr-cm-cal\">\n<h6>Llame para una consulta <a href=\"tel:210-366-2400\">210-366-2400<\/a><\/h6>\n<\/div>\n<\/div>\n<\/div>\n<\/div>\n<h2><span class=\"ez-toc-section\" id=\"understanding-truck-collisions-in-odessa\"><\/span>Comprender las colisiones de camiones en Odessa<span class=\"ez-toc-section-end\"><\/span><\/h2>\n<p>Las colisiones de semirremolques siguen siendo un importante problema de seguridad p\u00fablica en <a href=\"https:\/\/en.wikipedia.org\/wiki\/Odessa,_Texas\" target=\"_blank\" rel=\"noopener\">Odessa<\/a> y en todo el Estado de la Estrella Solitaria. En <a href=\"https:\/\/www.dshs.texas.gov\/sites\/default\/files\/injury\/EMST-Registries\/Data\/DSHS-EMSTR-CMV-DataBrief-Jan2025.pdf?utm_source\" target=\"_blank\" rel=\"noopener\">Texas Departamento Estatal de Servicios de Salud<\/a> (DSHS) inform\u00f3 de 9.244 accidentes de veh\u00edculos de motor comerciales (CMV) en 2023. De ellos, 1.43% fueron mortales, mientras que la gran mayor\u00eda fueron no mortales. La mayor\u00eda de las colisiones se produjeron en autopistas y carreteras interestatales, y 37,7% tuvieron lugar entre las 10 p.m. y las 6 a.m., cuando <a href=\"https:\/\/www.mblaw.org\/es\/blog\/por-que-son-tan-peligrosos-los-camioneros-fatigados\/\">fatiga<\/a> y la visibilidad reducida aumentan los riesgos de colisi\u00f3n.<\/p>\n<p>Odessa y la Cuenca P\u00e9rmica circundante registran un intenso tr\u00e1fico de camiones debido a <a href=\"https:\/\/www.mblaw.org\/es\/odessa-accidente-petrolero-abogado\/\">operaciones petrol\u00edferas<\/a> y rutas de larga distancia. Esto crea un mayor riesgo de colisiones graves, como demuestra un tr\u00e1gico caso reciente. El 1 de julio de 2025, sobre las 3:45 de la madrugada, un cami\u00f3n semirremolque que circulaba en direcci\u00f3n sur por FM 181 no se detuvo en el cruce con SH 302. El <a href=\"https:\/\/www.firstalert7.com\/2025\/07\/02\/1-odessa-man-dead-after-semi-involved-crash-ector-county\/?utm_source=\" target=\"_blank\" rel=\"noopener\">un cami\u00f3n choc\u00f3 contra un veh\u00edculo en direcci\u00f3n oeste<\/a> conducido por Ricky Dale Shaw, de 56 a\u00f1os, del Odessa, que muri\u00f3 en el impacto.<\/p>\n<h2><span class=\"ez-toc-section\" id=\"common-types-of-truck-accidents\"><\/span>Tipos habituales de accidentes de cami\u00f3n<span class=\"ez-toc-section-end\"><\/span><\/h2>\n<p>Las colisiones de camiones son a menudo el resultado de alg\u00fan tipo de negligencia por parte del conductor del cami\u00f3n. Cuando un operador de un cami\u00f3n de 18 ruedas no hace las paradas de descanso requeridas o se vuelve <a href=\"https:\/\/www.mblaw.org\/es\/blog\/como-pueden-los-camioneros-evitar-las-distracciones-al-volante\/\">distracciones al volante<\/a>pueden poner en peligro la seguridad de los conductores y pasajeros cercanos. <strong>Estos son algunos de los tipos m\u00e1s comunes de colisiones de camiones que vemos en Odessa.<\/strong><\/p>\n<ul>\n<li>Pr\u00f3rrogas<\/li>\n<li>Accidentes por empotramiento<\/li>\n<li>Carga no garantizada<\/li>\n<li>Accidentes en puntos brillantes<\/li>\n<li>Accidentes con navaja<\/li>\n<li>Colisiones frontales<\/li>\n<li>Colisiones por alcance<\/li>\n<li>Accidentes en intersecciones<\/li>\n<\/ul>\n<p>Ya sea que su colisi\u00f3n haya sido el resultado de un mantenimiento deficiente por parte de un conductor de cami\u00f3n o de otra forma de negligencia, usted tiene el derecho legal de reclamar una indemnizaci\u00f3n con la ayuda de un abogado especializado en accidentes de cami\u00f3n.<\/p>\n<h2><span class=\"ez-toc-section\" id=\"compensation-you-may-be-owed\"><\/span>Indemnizaciones que le pueden corresponder<span class=\"ez-toc-section-end\"><\/span><\/h2>\n<p>Con la ayuda del abogado adecuado, usted puede ser elegible para una indemnizaci\u00f3n por sus gastos m\u00e9dicos, salarios perdidos y da\u00f1os a la propiedad. Las colisiones de camiones pueden causar lesiones graves que requieren tratamientos m\u00e9dicos continuos y rehabilitaci\u00f3n. Su acuerdo puede dar cuenta de los gastos en que incurri\u00f3 e incluso los costos de tratamientos futuros.<\/p>\n<p>Si su caso llega a los tribunales, tambi\u00e9n puede ser indemnizado por da\u00f1os no econ\u00f3micos. Esto puede incluir indemnizaci\u00f3n por dolor y sufrimiento. Si el caso llega a juicio, adem\u00e1s de los da\u00f1os econ\u00f3micos y no econ\u00f3micos, pueden conced\u00e9rsele da\u00f1os punitivos.<\/p>\n<h2><span class=\"ez-toc-section\" id=\"hire-a-truck-accident-lawyer\"><\/span>Contratar a un abogado de accidentes de cami\u00f3n<span class=\"ez-toc-section-end\"><\/span><\/h2>\n<p>Si usted fue herido en un accidente de cami\u00f3n, el primer paso hacia la rendici\u00f3n de cuentas y la indemnizaci\u00f3n comienza con la decisi\u00f3n de contratar a un abogado de accidente de cami\u00f3n. Un <strong>Odessa abogado de accidente de cami\u00f3n<\/strong> aporta a\u00f1os de experiencia ayudando a los clientes a navegar casos complejos de accidentes de camiones. Su conocimiento de las leyes de accidentes de camiones puede resultar fundamental en su caso.<\/p>\n<p>Tanto si su caso se resuelve mediante negociaciones con una compa\u00f1\u00eda de seguros como en un litigio, su abogado puede ser un defensor leal que entienda c\u00f3mo maximizar el tama\u00f1o de su acuerdo, para que no sufra las consecuencias financieras de la negligencia o mala conducta de otra persona.<\/p>\n<h2><span class=\"ez-toc-section\" id=\"faqs\"><\/span>Preguntas frecuentes<span class=\"ez-toc-section-end\"><\/span><\/h2>\n<h3><span class=\"ez-toc-section\" id=\"q-is-it-worth-getting-an-attorney-for-a-truck-accident\"><\/span>P: \u00bfMerece la pena contratar un abogado para un accidente de cami\u00f3n?<span class=\"ez-toc-section-end\"><\/span><\/h3>\n<p><strong>A:<\/strong> Contar con un abogado puede mejorar en gran medida sus posibilidades de obtener una indemnizaci\u00f3n justa tras una colisi\u00f3n con un cami\u00f3n. Las compa\u00f1\u00edas de seguros a menudo hacen todo lo posible para infravalorar las reclamaciones o incluso negar reclamaciones v\u00e1lidas, especialmente si la parte lesionada no est\u00e1 representada por un abogado. Un abogado protege sus derechos y hace el trabajo necesario para que se le pague por los da\u00f1os sufridos.<\/p>\n<h3><span class=\"ez-toc-section\" id=\"q-how-much-will-you-get-paid-if-an-18-wheeler-hits-you-in-texas\"><\/span>P: \u00bfCu\u00e1nto le pagar\u00e1n si le atropella un cami\u00f3n de 18 ruedas en Texas?<span class=\"ez-toc-section-end\"><\/span><\/h3>\n<p><strong>A:<\/strong> Si te atropella un cami\u00f3n de 18 ruedas en <a href=\"https:\/\/www.texas.gov\/\" target=\"_blank\" rel=\"noopener\">Texas<\/a>puede tener derecho a una indemnizaci\u00f3n considerable. Los camiones grandes pueden causar lesiones corporales graves cuando las v\u00edctimas de una colisi\u00f3n de camiones requieren tratamiento m\u00e9dico, rehabilitaci\u00f3n y tiempo fuera del trabajo. Todos esos factores se pueden calcular en una oferta de acuerdo con la ayuda de un abogado.<\/p>\n<h3><span class=\"ez-toc-section\" id=\"q-how-long-will-it-take-to-get-a-settlement-offer\"><\/span>P: \u00bfCu\u00e1nto tiempo se tarda en recibir una oferta de acuerdo?<span class=\"ez-toc-section-end\"><\/span><\/h3>\n<p><strong>A:<\/strong> El tiempo que se tarda en resolver un caso de accidente de cami\u00f3n depende de varios factores, como la complejidad del accidente, la solidez de las pruebas disponibles y si la parte culpable o su aseguradora est\u00e1n dispuestas a llegar a un acuerdo justo. Un abogado puede tomar medidas para evitar retrasos indebidos, pero el calendario de cualquier caso es a menudo impredecible.<\/p>\n<h3><span class=\"ez-toc-section\" id=\"q-what-does-an-attorney-charge-for-a-truck-accident-settlement\"><\/span>P: \u00bfCu\u00e1nto cobra un abogado por una indemnizaci\u00f3n por accidente de cami\u00f3n?<span class=\"ez-toc-section-end\"><\/span><\/h3>\n<p><strong>A:<\/strong> La mayor\u00eda de los abogados de lesiones personales trabajan con honorarios condicionales. Esto significa que s\u00f3lo se les paga una vez que ganan su caso, ya sea a trav\u00e9s de un acuerdo o un veredicto judicial favorable. Entonces restan sus honorarios de esa cantidad en funci\u00f3n de un porcentaje acordado. Los abogados reputados son honestos y transparentes en cuanto a los honorarios, as\u00ed que pregunte sobre las opciones de pago durante su consulta.<\/p>\n<h2><span class=\"ez-toc-section\" id=\"odessa-truck-accident-lawyer\"><\/span>Odessa Abogado de accidente de cami\u00f3n<span class=\"ez-toc-section-end\"><\/span><\/h2>\n<p>Un camionero descuidado o una empresa negligente pueden convertir un semirremolque en un arma mortal. Si usted o un ser querido ha resultado herido en un accidente de cami\u00f3n en Lubbock, <a href=\"https:\/\/www.mblaw.org\/es\/acerca-de\/\">Las Oficinas Legales de Miller &amp; Bicklein, P.C.<\/a>Estamos aqu\u00ed para ayudarle.<\/p>\n<p>Nuestro equipo cuenta con m\u00e1s de 90 a\u00f1os de experiencia combinada en este tipo de proyectos. <a href=\"https:\/\/www.mblaw.org\/es\/casos-recientes-de-mb\/\">casos<\/a> y puede evaluar su caso y luchar por la indemnizaci\u00f3n que se merece mientras usted se centra en curarse. <a href=\"https:\/\/www.mblaw.org\/es\/pongase-en-contacto-con\/\">P\u00f3ngase en contacto con nuestra oficina<\/a> para programar una consulta gratuita y asegurar una representaci\u00f3n legal de confianza.<\/p>","protected":false},"excerpt":{"rendered":"<p>Odessa Truck Accident Attorney As one of the largest cities in the Permian Basin, Odessa sees large amounts of heavy truck traffic daily. This high volume of commercial traffic raises the risk of injury for locals who also rely on those same roads and highways to get to and from and for running errands. If &hellip; <\/p>\n<p class=\"link-more\"><a href=\"https:\/\/www.mblaw.org\/es\/odessa-abogado-de-accidente-de-camion\/\" class=\"more-link\">Seguir leyendo<span class=\"screen-reader-text\"> &#8220;Odessa Truck Accident Lawyer&#8221;<\/span><\/a><\/p>","protected":false},"author":1,"featured_media":0,"parent":0,"menu_order":0,"comment_status":"closed","ping_status":"closed","template":"","meta":{"_acf_changed":false,"footnotes":""},"class_list":["post-2644","page","type-page","status-publish","hentry","entry"],"acf":[],"aioseo_notices":[],"_links":{"self":[{"href":"https:\/\/www.mblaw.org\/es\/wp-json\/wp\/v2\/pages\/2644","targetHints":{"allow":["GET"]}}],"collection":[{"href":"https:\/\/www.mblaw.org\/es\/wp-json\/wp\/v2\/pages"}],"about":[{"href":"https:\/\/www.mblaw.org\/es\/wp-json\/wp\/v2\/types\/page"}],"author":[{"embeddable":true,"href":"https:\/\/www.mblaw.org\/es\/wp-json\/wp\/v2\/users\/1"}],"replies":[{"embeddable":true,"href":"https:\/\/www.mblaw.org\/es\/wp-json\/wp\/v2\/comments?post=2644"}],"version-history":[{"count":2,"href":"https:\/\/www.mblaw.org\/es\/wp-json\/wp\/v2\/pages\/2644\/revisions"}],"predecessor-version":[{"id":2657,"href":"https:\/\/www.mblaw.org\/es\/wp-json\/wp\/v2\/pages\/2644\/revisions\/2657"}],"wp:attachment":[{"href":"https:\/\/www.mblaw.org\/es\/wp-json\/wp\/v2\/media?parent=2644"}],"curies":[{"name":"wp","href":"https:\/\/api.w.org\/{rel}","templated":true}]}}