{"id":2646,"date":"2025-08-27T05:37:54","date_gmt":"2025-08-27T05:37:54","guid":{"rendered":"https:\/\/www.mblaw.org\/?page_id=2646"},"modified":"2025-08-27T05:38:25","modified_gmt":"2025-08-27T05:38:25","slug":"odessa-abogado-de-accidentes-de-trabajo","status":"publish","type":"page","link":"https:\/\/www.mblaw.org\/es\/odessa-abogado-de-accidentes-de-trabajo\/","title":{"rendered":"Odessa Abogado de accidentes de trabajo"},"content":{"rendered":"<p><img loading=\"lazy\" decoding=\"async\" class=\"alignnone wp-image-2652 size-full\" title=\"Odessa Abogado de accidentes de trabajo\" src=\"https:\/\/mblaw.org\/wp-content\/uploads\/2025\/08\/odessa-work-injury-lawyer.webp\" alt=\"Odessa Abogado de accidentes de trabajo\" width=\"1200\" height=\"600\" srcset=\"https:\/\/www.mblaw.org\/wp-content\/uploads\/2025\/08\/odessa-work-injury-lawyer.webp 1200w, https:\/\/www.mblaw.org\/wp-content\/uploads\/2025\/08\/odessa-work-injury-lawyer-300x150.webp 300w, https:\/\/www.mblaw.org\/wp-content\/uploads\/2025\/08\/odessa-work-injury-lawyer-1024x512.webp 1024w, https:\/\/www.mblaw.org\/wp-content\/uploads\/2025\/08\/odessa-work-injury-lawyer-768x384.webp 768w\" sizes=\"auto, (max-width: 1200px) 100vw, 1200px\" \/><\/p>\n<div id=\"ez-toc-container\" class=\"ez-toc-v2_0_82_2 counter-hierarchy ez-toc-counter ez-toc-transparent ez-toc-container-direction\">\n<div class=\"ez-toc-title-container\">\n<p class=\"ez-toc-title ez-toc-toggle\" style=\"cursor:pointer\">\u00cdndice<\/p>\n<span class=\"ez-toc-title-toggle\"><a href=\"#\" class=\"ez-toc-pull-right ez-toc-btn ez-toc-btn-xs ez-toc-btn-default ez-toc-toggle\" aria-label=\"Toggle Table of Content\"><span class=\"ez-toc-js-icon-con\"><span class=\"\"><span class=\"eztoc-hide\" style=\"display:none;\">Toggle<\/span><span class=\"ez-toc-icon-toggle-span\"><svg style=\"fill: #999;color:#999\" xmlns=\"http:\/\/www.w3.org\/2000\/svg\" class=\"list-377408\" width=\"20px\" height=\"20px\" viewbox=\"0 0 24 24\" fill=\"none\"><path d=\"M6 6H4v2h2V6zm14 0H8v2h12V6zM4 11h2v2H4v-2zm16 0H8v2h12v-2zM4 16h2v2H4v-2zm16 0H8v2h12v-2z\" fill=\"currentColor\"><\/path><\/svg><svg style=\"fill: #999;color:#999\" class=\"arrow-unsorted-368013\" xmlns=\"http:\/\/www.w3.org\/2000\/svg\" width=\"10px\" height=\"10px\" viewbox=\"0 0 24 24\" version=\"1.2\" baseprofile=\"tiny\"><path d=\"M18.2 9.3l-6.2-6.3-6.2 6.3c-.2.2-.3.4-.3.7s.1.5.3.7c.2.2.4.3.7.3h11c.3 0 .5-.1.7-.3.2-.2.3-.5.3-.7s-.1-.5-.3-.7zM5.8 14.7l6.2 6.3 6.2-6.3c.2-.2.3-.5.3-.7s-.1-.5-.3-.7c-.2-.2-.4-.3-.7-.3h-11c-.3 0-.5.1-.7.3-.2.2-.3.5-.3.7s.1.5.3.7z\"\/><\/svg><\/span><\/span><\/span><\/a><\/span><\/div>\n<nav><ul class='ez-toc-list ez-toc-list-level-1 eztoc-toggle-hide-by-default' ><li class='ez-toc-page-1 ez-toc-heading-level-2'><a class=\"ez-toc-link ez-toc-heading-1\" href=\"https:\/\/www.mblaw.org\/es\/odessa-abogado-de-accidentes-de-trabajo\/#odessa-work-injury-attorney\" >Odessa Abogado de accidentes de trabajo<\/a><\/li><li class='ez-toc-page-1 ez-toc-heading-level-2'><a class=\"ez-toc-link ez-toc-heading-2\" href=\"https:\/\/www.mblaw.org\/es\/odessa-abogado-de-accidentes-de-trabajo\/#where-injured-workers-turn-for-help-in-odessa\" >D\u00f3nde acuden los trabajadores lesionados en busca de ayuda en Odessa<\/a><ul class='ez-toc-list-level-3' ><li class='ez-toc-heading-level-3'><a class=\"ez-toc-link ez-toc-heading-3\" href=\"https:\/\/www.mblaw.org\/es\/odessa-abogado-de-accidentes-de-trabajo\/#odessa-work-injury\" >Odessa Lesi\u00f3n laboral<\/a><\/li><\/ul><\/li><li class='ez-toc-page-1 ez-toc-heading-level-2'><a class=\"ez-toc-link ez-toc-heading-4\" href=\"https:\/\/www.mblaw.org\/es\/odessa-abogado-de-accidentes-de-trabajo\/#understanding-workplace-injuries-in-odessa\" >Comprender los accidentes laborales en Odessa<\/a><\/li><li class='ez-toc-page-1 ez-toc-heading-level-2'><a class=\"ez-toc-link ez-toc-heading-5\" href=\"https:\/\/www.mblaw.org\/es\/odessa-abogado-de-accidentes-de-trabajo\/#common-types-of-workplace-accidents-in-odessa\" >Tipos comunes de accidentes laborales en Odessa<\/a><\/li><li class='ez-toc-page-1 ez-toc-heading-level-2'><a class=\"ez-toc-link ez-toc-heading-6\" href=\"https:\/\/www.mblaw.org\/es\/odessa-abogado-de-accidentes-de-trabajo\/#compensation-you-may-be-owed\" >Indemnizaciones que le pueden corresponder<\/a><\/li><li class='ez-toc-page-1 ez-toc-heading-level-2'><a class=\"ez-toc-link ez-toc-heading-7\" href=\"https:\/\/www.mblaw.org\/es\/odessa-abogado-de-accidentes-de-trabajo\/#hire-a-work-injury-lawyer\" >Contratar a un abogado especializado en accidentes laborales<\/a><\/li><li class='ez-toc-page-1 ez-toc-heading-level-2'><a class=\"ez-toc-link ez-toc-heading-8\" href=\"https:\/\/www.mblaw.org\/es\/odessa-abogado-de-accidentes-de-trabajo\/#faqs\" >Preguntas frecuentes<\/a><ul class='ez-toc-list-level-3' ><li class='ez-toc-heading-level-3'><a class=\"ez-toc-link ez-toc-heading-9\" href=\"https:\/\/www.mblaw.org\/es\/odessa-abogado-de-accidentes-de-trabajo\/#q-how-much-can-i-get-for-a-work-injury\" >P: \u00bfCu\u00e1nto puedo cobrar por un accidente de trabajo?<\/a><\/li><li class='ez-toc-page-1 ez-toc-heading-level-3'><a class=\"ez-toc-link ez-toc-heading-10\" href=\"https:\/\/www.mblaw.org\/es\/odessa-abogado-de-accidentes-de-trabajo\/#q-how-hard-is-it-to-win-a-work-injury-claim\" >P: \u00bfEs dif\u00edcil ganar una demanda por accidente laboral?<\/a><\/li><li class='ez-toc-page-1 ez-toc-heading-level-3'><a class=\"ez-toc-link ez-toc-heading-11\" href=\"https:\/\/www.mblaw.org\/es\/odessa-abogado-de-accidentes-de-trabajo\/#q-how-long-after-a-work-injury-can-you-seek-compensation-in-texas\" >P: \u00bfCu\u00e1nto tiempo despu\u00e9s de un accidente de trabajo se puede reclamar una indemnizaci\u00f3n en Texas?<\/a><\/li><li class='ez-toc-page-1 ez-toc-heading-level-3'><a class=\"ez-toc-link ez-toc-heading-12\" href=\"https:\/\/www.mblaw.org\/es\/odessa-abogado-de-accidentes-de-trabajo\/#q-what-percentage-do-most-personal-injury-lawyers-take\" >P: \u00bfQu\u00e9 porcentaje se llevan la mayor\u00eda de los abogados de lesiones personales?<\/a><\/li><\/ul><\/li><li class='ez-toc-page-1 ez-toc-heading-level-2'><a class=\"ez-toc-link ez-toc-heading-13\" href=\"https:\/\/www.mblaw.org\/es\/odessa-abogado-de-accidentes-de-trabajo\/#odessa-work-injury-lawyer\" >Odessa Abogado de accidentes de trabajo<\/a><\/li><\/ul><\/nav><\/div>\n<h2><span class=\"ez-toc-section\" id=\"odessa-work-injury-attorney\"><\/span>Odessa Abogado de accidentes de trabajo<span class=\"ez-toc-section-end\"><\/span><\/h2>\n<p>Lesionarse en el trabajo puede marcar el comienzo de un calvario estresante. M\u00e1s all\u00e1 de la necesidad de tratamiento m\u00e9dico inmediato, es posible que le preocupe c\u00f3mo pagar\u00e1 las facturas m\u00e9dicas y el tiempo de baja laboral. En <strong>Odessa abogado de accidentes de trabajo<\/strong> puede guiarle a trav\u00e9s del proceso de reclamaciones por lesiones mediante la gesti\u00f3n de su solicitud de beneficios de compensaci\u00f3n de trabajadores, para que reciba una compensaci\u00f3n justa y oportuna mientras se recupera.<\/p>\n<h2><span class=\"ez-toc-section\" id=\"where-injured-workers-turn-for-help-in-odessa\"><\/span>D\u00f3nde acuden los trabajadores lesionados en busca de ayuda en Odessa<span class=\"ez-toc-section-end\"><\/span><\/h2>\n<p>Cuando los trabajadores lesionados no saben a qui\u00e9n acudir en busca de apoyo en <a href=\"https:\/\/en.wikipedia.org\/wiki\/Odessa,_Texas\" target=\"_blank\" rel=\"noopener\">Odessa<\/a>se basan en <a href=\"https:\/\/www.mblaw.org\/es\/acerca-de\/\">Las Oficinas Legales de Miller &amp; Bicklein, P.C.<\/a>para prestar servicios jur\u00eddicos excepcionales y <a href=\"https:\/\/www.mblaw.org\/es\/casos-recientes-de-mb\/\">resultados<\/a>. Nuestros abogados aportan casi 100 a\u00f1os de experiencia legal combinada en beneficio de nuestros clientes. Conocemos las t\u00e1cticas utilizadas por las compa\u00f1\u00edas de seguros para evitar pagar lo que deber\u00edan, y no tenemos miedo de tomar los grupos de camiones a los tribunales si es necesario para ver que se haga justicia.<\/p>\n<p>Cuando usted trabaja con nuestra empresa, usted est\u00e1 conectado directamente a uno de nuestros abogados principales que nunca le dejar\u00e1 en la oscuridad sobre el estado de su caso. Mantenemos fuertes lazos con las comunidades a las que servimos y regularmente se nos pide que presentemos en seminarios legales. Conf\u00ede en nuestro equipo de litigantes experimentados para hacer lo que sea necesario para que la persona que le caus\u00f3 el da\u00f1o rinda cuentas.<\/p>\n<div class=\"consult-bkg cmn\">\n<div class=\"inr-cmn-box\">\n<div class=\"inr-cmn-box-logo\"><img loading=\"lazy\" decoding=\"async\" src=\"https:\/\/mblaw.org\/wp-content\/uploads\/2024\/11\/ftr-logo-1.webp\" alt=\"ftr-logo-1\" width=\"471\" height=\"158\" \/><\/div>\n<h3><span class=\"ez-toc-section\" id=\"odessa-work-injury\"><\/span><strong>Odessa Lesi\u00f3n laboral<\/strong><span class=\"ez-toc-section-end\"><\/span><\/h3>\n<p>Llame hoy a las Oficinas Legales de Miller &amp; Bicklein al <a href=\"tel:210-366-2400\">210-366-2400<\/a> para una consulta gratuita<\/p>\n<div class=\"inr-cmn-btnbx\">\n<div class=\"inr-cm-btn\"><a href=\"https:\/\/www.mblaw.org\/es\/pongase-en-contacto-con\/\">programar una consulta<\/a><\/div>\n<div class=\"inr-cm-cal\">\n<h6>Llame para una consulta <a href=\"tel:210-366-2400\">210-366-2400<\/a><\/h6>\n<\/div>\n<\/div>\n<\/div>\n<\/div>\n<h2><span class=\"ez-toc-section\" id=\"understanding-workplace-injuries-in-odessa\"><\/span>Comprender los accidentes laborales en Odessa<span class=\"ez-toc-section-end\"><\/span><\/h2>\n<p>La seguridad laboral sigue siendo una grave preocupaci\u00f3n en Texas, y Odessa no es una excepci\u00f3n. En 2023, el estado registr\u00f3 <a href=\"https:\/\/www.tdi.texas.gov\/wc\/safety\/sis\/documents\/2023nfnwrlse.pdf?utm_source\" target=\"_blank\" rel=\"noopener\">175.900 accidentes laborales no mortales<\/a>con una tasa de incidencia de 1,8 por cada 100 trabajadores a tiempo completo.<\/p>\n<p>A nivel local, Odessa inform\u00f3 <a href=\"https:\/\/www.odessatex.com\/workforce\/workforce-data\/?utm_source\" target=\"_blank\" rel=\"noopener\">60.042 personas empleadas<\/a> a trav\u00e9s de industrias en 2024, muchas relacionadas con la energ\u00eda, la atenci\u00f3n sanitaria y la educaci\u00f3n. Con grandes empleadores como Medical Center Health System, Saulsbury Industries y Odessa College, miles de trabajadores se enfrentan a peligros diarios mientras pasan tiempo desde sus hogares en barrios como West Odessa, Parker Heights y University Gardens.<\/p>\n<h2><span class=\"ez-toc-section\" id=\"common-types-of-workplace-accidents-in-odessa\"><\/span>Tipos comunes de accidentes laborales en Odessa<span class=\"ez-toc-section-end\"><\/span><\/h2>\n<p>Tras una lesi\u00f3n laboral, su abogado de lesiones personales puede examinar los detalles de su caso. <strong>Una consideraci\u00f3n importante es la clasificaci\u00f3n de su lesi\u00f3n, que podr\u00eda incluir:<\/strong><\/p>\n<ul>\n<li>Accidentes de veh\u00edculos de empresa<\/li>\n<li>Ca\u00edda de escombros<\/li>\n<li>Accidentes con carretillas elevadoras<\/li>\n<li>Accidentes de elevaci\u00f3n<\/li>\n<li>Cataratas<\/li>\n<li>Resbalones<\/li>\n<li><a href=\"https:\/\/www.mblaw.org\/es\/odessa-accidente-petrolero-abogado\/\">Accidentes en yacimientos petrol\u00edferos<\/a><\/li>\n<\/ul>\n<p>Muchas lesiones en el trabajo dan derecho a prestaciones de compensaci\u00f3n a los trabajadores. En casos menos frecuentes, terceros pueden ser responsables de los da\u00f1os sufridos.<\/p>\n<h2><span class=\"ez-toc-section\" id=\"compensation-you-may-be-owed\"><\/span>Indemnizaciones que le pueden corresponder<span class=\"ez-toc-section-end\"><\/span><\/h2>\n<p>Las prestaciones de compensaci\u00f3n a los trabajadores cubren principalmente el coste de los tratamientos m\u00e9dicos relacionados con la lesi\u00f3n y los pagos que cubren parcialmente los salarios perdidos. Una vez aprobada la reclamaci\u00f3n, el trabajador lesionado puede optar a recibir pagos regulares equivalentes a dos tercios de su salario normal. El reembolso del transporte de ida y vuelta a las visitas m\u00e9dicas tambi\u00e9n es habitual en la compensaci\u00f3n de los trabajadores, junto con las prestaciones para los trabajadores que quedan incapacitados a causa de su lesi\u00f3n.<\/p>\n<h2><span class=\"ez-toc-section\" id=\"hire-a-work-injury-lawyer\"><\/span>Contratar a un abogado especializado en accidentes laborales<span class=\"ez-toc-section-end\"><\/span><\/h2>\n<p>Si se lesion\u00f3 en el trabajo, la decisi\u00f3n de contratar a un abogado especializado en accidentes laborales puede desempe\u00f1ar un papel fundamental en el resultado de su reclamaci\u00f3n por lesiones. Un abogado especializado en accidentes de trabajo Odessa puede evaluar su caso para determinar de d\u00f3nde debe proceder su indemnizaci\u00f3n y <a href=\"https:\/\/www.mblaw.org\/es\/blog\/quien-es-responsable-de-una-lesion-relacionada-con-el-trabajo-en-san-antonio-tx\/\">qui\u00e9n es responsable<\/a> para pagar sus facturas m\u00e9dicas y otros gastos.<\/p>\n<p>Si su reclamaci\u00f3n por lesiones de trabajo requiere la presentaci\u00f3n de beneficios a trav\u00e9s de compensaci\u00f3n de trabajadores, su abogado puede manejar ese proceso, por lo que tiene un riesgo m\u00ednimo de retrasos o denegaciones. Los casos de lesiones laborales pueden involucrar a terceros que comparten la responsabilidad de su lesi\u00f3n. Ya sea que su indemnizaci\u00f3n provenga de la compensaci\u00f3n de los trabajadores o de un <a href=\"https:\/\/www.mblaw.org\/es\/blog\/que-es-una-reclamacion-de-indemnizacion-a-terceros\/\">reclamaci\u00f3n de terceros<\/a>Su abogado puede asegurarse de que reciba las prestaciones o indemnizaciones que le corresponden.<\/p>\n<h2><span class=\"ez-toc-section\" id=\"faqs\"><\/span>Preguntas frecuentes<span class=\"ez-toc-section-end\"><\/span><\/h2>\n<h3><span class=\"ez-toc-section\" id=\"q-how-much-can-i-get-for-a-work-injury\"><\/span>P: \u00bfCu\u00e1nto puedo cobrar por un accidente de trabajo?<span class=\"ez-toc-section-end\"><\/span><\/h3>\n<p><strong>A:<\/strong> La cantidad que puede recibir por un accidente de trabajo depende de la gravedad de su lesi\u00f3n y de c\u00f3mo afecte esa lesi\u00f3n a su capacidad para volver al trabajo. Si usted est\u00e1 incapacitado por cualquier per\u00edodo de tiempo, que puede aumentar significativamente los beneficios que se le debe. Trabajar con un abogado con experiencia en compensaci\u00f3n de trabajadores puede asegurar que la compa\u00f1\u00eda de compensaci\u00f3n de trabajadores de su empleador le ofrezca un acuerdo justo.<\/p>\n<h3><span class=\"ez-toc-section\" id=\"q-how-hard-is-it-to-win-a-work-injury-claim\"><\/span>P: \u00bfEs dif\u00edcil ganar una demanda por accidente laboral?<span class=\"ez-toc-section-end\"><\/span><\/h3>\n<p><strong>A:<\/strong> Conseguir un acuerdo justo a trav\u00e9s de una reclamaci\u00f3n por lesiones laborales no tiene por qu\u00e9 ser dif\u00edcil si cuenta con la s\u00f3lida representaci\u00f3n legal de un abogado que sepa c\u00f3mo reunir pruebas y presentar cuidadosamente las reclamaciones en su nombre. Los abogados aportan a\u00f1os de experiencia ayudando a los trabajadores a proteger sus derechos supervisando el proceso de reclamaci\u00f3n y abordando con decisi\u00f3n las denegaciones y otros contratiempos.<\/p>\n<h3><span class=\"ez-toc-section\" id=\"q-how-long-after-a-work-injury-can-you-seek-compensation-in-texas\"><\/span>P: \u00bfCu\u00e1nto tiempo despu\u00e9s de un accidente de trabajo se puede reclamar una indemnizaci\u00f3n en Texas?<span class=\"ez-toc-section-end\"><\/span><\/h3>\n<p><strong>A:<\/strong> Debe notificar su lesi\u00f3n <a href=\"https:\/\/www.tdi.texas.gov\/wc\/employee\/iefaqe.html\" target=\"_blank\" rel=\"noopener\">en un plazo de 30 d\u00edas<\/a> de la lesi\u00f3n. No actuar a tiempo puede llevar a la denegaci\u00f3n de las prestaciones. Si usted no fue consciente de la lesi\u00f3n hasta semanas m\u00e1s tarde o m\u00e1s, puede trabajar con un abogado para ver si usted todav\u00eda tiene derecho a beneficios bajo compensaci\u00f3n de trabajadores. La medida m\u00e1s segura despu\u00e9s de un accidente de trabajo es notificarlo inmediatamente a su empresa, tanto si cree que tiene una lesi\u00f3n importante como si no.<\/p>\n<h3><span class=\"ez-toc-section\" id=\"q-what-percentage-do-most-personal-injury-lawyers-take\"><\/span>P: \u00bfQu\u00e9 porcentaje se llevan la mayor\u00eda de los abogados de lesiones personales?<span class=\"ez-toc-section-end\"><\/span><\/h3>\n<p><strong>A:<\/strong> El porcentaje que la mayor\u00eda de los abogados de lesiones personales toman var\u00eda considerablemente. Los abogados de lesiones personales trabajan sobre la base de honorarios condicionales, lo que significa que toman un porcentaje de cualquier acuerdo final o veredicto judicial como pago por el tiempo que ponen en un caso. Los abogados basan esa cifra en la cantidad de trabajo que esperan dedicar al caso y en el tiempo que probablemente les lleve llevarlo a t\u00e9rmino.<\/p>\n<h2><span class=\"ez-toc-section\" id=\"odessa-work-injury-lawyer\"><\/span>Odessa Abogado de accidentes de trabajo<span class=\"ez-toc-section-end\"><\/span><\/h2>\n<p>Un accidente laboral puede acarrearle facturas m\u00e9dicas, p\u00e9rdida de salarios e incertidumbre sobre su futuro. Si se ha lesionado en el trabajo en <a href=\"https:\/\/www.texas.gov\/\" target=\"_blank\" rel=\"noopener\">Texas<\/a>puede tener derecho a prestaciones de indemnizaci\u00f3n por accidente de trabajo que cubran el tratamiento y una parte de sus ingresos mientras se recupera.<\/p>\n<p>En <a href=\"https:\/\/www.mblaw.org\/es\/acerca-de\/\">Las Oficinas Legales de Miller &amp; Bicklein, P.C.<\/a>Nuestros abogados aportan m\u00e1s de 90 a\u00f1os de experiencia combinada ayudando a los trabajadores lesionados a obtener los beneficios que se les deben. <a href=\"https:\/\/www.mblaw.org\/es\/pongase-en-contacto-con\/\">P\u00f3ngase en contacto con nuestra oficina<\/a> para programar una consulta gratuita y aprender c\u00f3mo podemos guiarlo a trav\u00e9s del proceso de compensaci\u00f3n de trabajadores.<\/p>","protected":false},"excerpt":{"rendered":"<p>Odessa Work Injury Attorney Being injured at work can mark the beginning of a stressful ordeal. Beyond the need for immediate medical treatment, you may have concerns about how you will pay for your medical bills and time off work. An Odessa work injury lawyer can guide you through the injury claims process by handling &hellip; <\/p>\n<p class=\"link-more\"><a href=\"https:\/\/www.mblaw.org\/es\/odessa-abogado-de-accidentes-de-trabajo\/\" class=\"more-link\">Seguir leyendo<span class=\"screen-reader-text\"> &#8220;Odessa Work Injury Lawyer&#8221;<\/span><\/a><\/p>","protected":false},"author":1,"featured_media":0,"parent":0,"menu_order":0,"comment_status":"closed","ping_status":"closed","template":"","meta":{"_acf_changed":false,"footnotes":""},"class_list":["post-2646","page","type-page","status-publish","hentry","entry"],"acf":[],"aioseo_notices":[],"_links":{"self":[{"href":"https:\/\/www.mblaw.org\/es\/wp-json\/wp\/v2\/pages\/2646","targetHints":{"allow":["GET"]}}],"collection":[{"href":"https:\/\/www.mblaw.org\/es\/wp-json\/wp\/v2\/pages"}],"about":[{"href":"https:\/\/www.mblaw.org\/es\/wp-json\/wp\/v2\/types\/page"}],"author":[{"embeddable":true,"href":"https:\/\/www.mblaw.org\/es\/wp-json\/wp\/v2\/users\/1"}],"replies":[{"embeddable":true,"href":"https:\/\/www.mblaw.org\/es\/wp-json\/wp\/v2\/comments?post=2646"}],"version-history":[{"count":3,"href":"https:\/\/www.mblaw.org\/es\/wp-json\/wp\/v2\/pages\/2646\/revisions"}],"predecessor-version":[{"id":2659,"href":"https:\/\/www.mblaw.org\/es\/wp-json\/wp\/v2\/pages\/2646\/revisions\/2659"}],"wp:attachment":[{"href":"https:\/\/www.mblaw.org\/es\/wp-json\/wp\/v2\/media?parent=2646"}],"curies":[{"name":"wp","href":"https:\/\/api.w.org\/{rel}","templated":true}]}}