{"id":2739,"date":"2025-12-12T06:51:09","date_gmt":"2025-12-12T06:51:09","guid":{"rendered":"https:\/\/www.mblaw.org\/?page_id=2739"},"modified":"2025-12-12T07:07:10","modified_gmt":"2025-12-12T07:07:10","slug":"abogado-especializado-en-accidentes-en-campos-petroleros-de-lubbock","status":"publish","type":"page","link":"https:\/\/www.mblaw.org\/es\/abogado-especializado-en-accidentes-en-campos-petroleros-de-lubbock\/","title":{"rendered":"Abogado especializado en accidentes en campos petroleros Lubbock"},"content":{"rendered":"<p><img loading=\"lazy\" decoding=\"async\" class=\"alignnone wp-image-2753 size-full\" title=\"Abogado especializado en accidentes en campos petroleros Lubbock\" src=\"https:\/\/mblaw.org\/wp-content\/uploads\/2025\/12\/lubbock-oilfield-accident-lawyer.webp\" alt=\"Abogado especializado en accidentes en campos petroleros Lubbock\" width=\"1200\" height=\"600\" srcset=\"https:\/\/www.mblaw.org\/wp-content\/uploads\/2025\/12\/lubbock-oilfield-accident-lawyer.webp 1200w, https:\/\/www.mblaw.org\/wp-content\/uploads\/2025\/12\/lubbock-oilfield-accident-lawyer-300x150.webp 300w, https:\/\/www.mblaw.org\/wp-content\/uploads\/2025\/12\/lubbock-oilfield-accident-lawyer-1024x512.webp 1024w, https:\/\/www.mblaw.org\/wp-content\/uploads\/2025\/12\/lubbock-oilfield-accident-lawyer-768x384.webp 768w, https:\/\/www.mblaw.org\/wp-content\/uploads\/2025\/12\/lubbock-oilfield-accident-lawyer-18x9.webp 18w\" sizes=\"auto, (max-width: 1200px) 100vw, 1200px\" \/><\/p>\n<div id=\"ez-toc-container\" class=\"ez-toc-v2_0_82_2 counter-hierarchy ez-toc-counter ez-toc-transparent ez-toc-container-direction\">\n<div class=\"ez-toc-title-container\">\n<p class=\"ez-toc-title ez-toc-toggle\" style=\"cursor:pointer\">\u00cdndice<\/p>\n<span class=\"ez-toc-title-toggle\"><a href=\"#\" class=\"ez-toc-pull-right ez-toc-btn ez-toc-btn-xs ez-toc-btn-default ez-toc-toggle\" aria-label=\"Toggle Table of Content\"><span class=\"ez-toc-js-icon-con\"><span class=\"\"><span class=\"eztoc-hide\" style=\"display:none;\">Toggle<\/span><span class=\"ez-toc-icon-toggle-span\"><svg style=\"fill: #999;color:#999\" xmlns=\"http:\/\/www.w3.org\/2000\/svg\" class=\"list-377408\" width=\"20px\" height=\"20px\" viewbox=\"0 0 24 24\" fill=\"none\"><path d=\"M6 6H4v2h2V6zm14 0H8v2h12V6zM4 11h2v2H4v-2zm16 0H8v2h12v-2zM4 16h2v2H4v-2zm16 0H8v2h12v-2z\" fill=\"currentColor\"><\/path><\/svg><svg style=\"fill: #999;color:#999\" class=\"arrow-unsorted-368013\" xmlns=\"http:\/\/www.w3.org\/2000\/svg\" width=\"10px\" height=\"10px\" viewbox=\"0 0 24 24\" version=\"1.2\" baseprofile=\"tiny\"><path d=\"M18.2 9.3l-6.2-6.3-6.2 6.3c-.2.2-.3.4-.3.7s.1.5.3.7c.2.2.4.3.7.3h11c.3 0 .5-.1.7-.3.2-.2.3-.5.3-.7s-.1-.5-.3-.7zM5.8 14.7l6.2 6.3 6.2-6.3c.2-.2.3-.5.3-.7s-.1-.5-.3-.7c-.2-.2-.4-.3-.7-.3h-11c-.3 0-.5.1-.7.3-.2.2-.3.5-.3.7s.1.5.3.7z\"\/><\/svg><\/span><\/span><\/span><\/a><\/span><\/div>\n<nav><ul class='ez-toc-list ez-toc-list-level-1 eztoc-toggle-hide-by-default' ><li class='ez-toc-page-1 ez-toc-heading-level-2'><a class=\"ez-toc-link ez-toc-heading-1\" href=\"https:\/\/www.mblaw.org\/es\/abogado-especializado-en-accidentes-en-campos-petroleros-de-lubbock\/#lubbock-oilfield-accident-attorney\" >Abogado especializado en accidentes en campos petroleros Lubbock<\/a><\/li><li class='ez-toc-page-1 ez-toc-heading-level-2'><a class=\"ez-toc-link ez-toc-heading-2\" href=\"https:\/\/www.mblaw.org\/es\/abogado-especializado-en-accidentes-en-campos-petroleros-de-lubbock\/#what-are-the-dangers-of-oilfields\" >\u00bfCu\u00e1les son los peligros de los campos petroleros?<\/a><ul class='ez-toc-list-level-3' ><li class='ez-toc-heading-level-3'><a class=\"ez-toc-link ez-toc-heading-3\" href=\"https:\/\/www.mblaw.org\/es\/abogado-especializado-en-accidentes-en-campos-petroleros-de-lubbock\/#lubbock-oilfield-accident\" >Accidente en el yacimiento petrol\u00edfero Lubbock<\/a><\/li><\/ul><\/li><li class='ez-toc-page-1 ez-toc-heading-level-2'><a class=\"ez-toc-link ez-toc-heading-4\" href=\"https:\/\/www.mblaw.org\/es\/abogado-especializado-en-accidentes-en-campos-petroleros-de-lubbock\/#how-common-are-oilfield-injuries\" >\u00bfQu\u00e9 tan comunes son las lesiones en los campos petroleros?<\/a><\/li><li class='ez-toc-page-1 ez-toc-heading-level-2'><a class=\"ez-toc-link ez-toc-heading-5\" href=\"https:\/\/www.mblaw.org\/es\/abogado-especializado-en-accidentes-en-campos-petroleros-de-lubbock\/#how-a-lubbock-oilfield-accident-attorney-can-help\" >C\u00f3mo puede ayudarle un abogado especializado en accidentes en campos petrol\u00edferos de Lubbock<\/a><\/li><li class='ez-toc-page-1 ez-toc-heading-level-2'><a class=\"ez-toc-link ez-toc-heading-6\" href=\"https:\/\/www.mblaw.org\/es\/abogado-especializado-en-accidentes-en-campos-petroleros-de-lubbock\/#why-victims-shouldnt-rush-or-represent-themselves\" >Por qu\u00e9 las v\u00edctimas no deben precipitarse ni representarse a s\u00ed mismas<\/a><\/li><li class='ez-toc-page-1 ez-toc-heading-level-2'><a class=\"ez-toc-link ez-toc-heading-7\" href=\"https:\/\/www.mblaw.org\/es\/abogado-especializado-en-accidentes-en-campos-petroleros-de-lubbock\/#faqs\" >Preguntas frecuentes<\/a><ul class='ez-toc-list-level-3' ><li class='ez-toc-heading-level-3'><a class=\"ez-toc-link ez-toc-heading-8\" href=\"https:\/\/www.mblaw.org\/es\/abogado-especializado-en-accidentes-en-campos-petroleros-de-lubbock\/#what-are-the-most-common-causes-of-oilfield-accidents-in-texas\" >\u00bfCu\u00e1les son las causas m\u00e1s comunes de los accidentes en los campos petroleros en Texas?<\/a><\/li><li class='ez-toc-page-1 ez-toc-heading-level-3'><a class=\"ez-toc-link ez-toc-heading-9\" href=\"https:\/\/www.mblaw.org\/es\/abogado-especializado-en-accidentes-en-campos-petroleros-de-lubbock\/#who-can-be-held-liable-for-injuries-sustained-in-a-texas-oilfield-accident\" >\u00bfQui\u00e9n puede ser considerado responsable de las lesiones sufridas en un accidente en un yacimiento petrol\u00edfero Texas?<\/a><\/li><li class='ez-toc-page-1 ez-toc-heading-level-3'><a class=\"ez-toc-link ez-toc-heading-10\" href=\"https:\/\/www.mblaw.org\/es\/abogado-especializado-en-accidentes-en-campos-petroleros-de-lubbock\/#what-types-of-compensation-are-available-to-oilfield-workers-injured-on-the-job\" >\u00bfQu\u00e9 tipos de indemnizaci\u00f3n pueden recibir los trabajadores petroleros que sufren accidentes laborales?<\/a><\/li><li class='ez-toc-page-1 ez-toc-heading-level-3'><a class=\"ez-toc-link ez-toc-heading-11\" href=\"https:\/\/www.mblaw.org\/es\/abogado-especializado-en-accidentes-en-campos-petroleros-de-lubbock\/#how-can-a-texas-lawyer-help-manage-an-oilfield-accident-case\" >\u00bfC\u00f3mo puede un abogado especializado en Texas ayudar a gestionar un caso de accidente en un yacimiento petrol\u00edfero?<\/a><\/li><\/ul><\/li><li class='ez-toc-page-1 ez-toc-heading-level-2'><a class=\"ez-toc-link ez-toc-heading-12\" href=\"https:\/\/www.mblaw.org\/es\/abogado-especializado-en-accidentes-en-campos-petroleros-de-lubbock\/#hire-an-oilfield-accident-lawyer\" >Contrate a un abogado especializado en accidentes en campos petroleros<\/a><\/li><\/ul><\/nav><\/div>\n<h2><span class=\"ez-toc-section\" id=\"lubbock-oilfield-accident-attorney\"><\/span>Abogado especializado en accidentes en campos petroleros Lubbock<span class=\"ez-toc-section-end\"><\/span><\/h2>\n<p>Los accidentes en los campos petrol\u00edferos son un problema com\u00fan y grave en Lubbock. La naturaleza de estos lugares de trabajo presenta muchos riesgos. Si ha sufrido un accidente en un lugar como este, p\u00f3ngase en contacto con un <strong>Abogado especializado en accidentes en campos petrol\u00edferos Lubbock<\/strong>. Puede obtener ayuda para navegar por el proceso legal mientras busca justicia.<\/p>\n<p>Aunque el incidente parezca menor o los responsables del sitio web lo traten con indiferencia, tienes opciones. <a href=\"https:\/\/www.mblaw.org\/es\/acerca-de\/\">Las Oficinas Legales de Miller &amp; Bicklein, P.C.<\/a> puede brindarle asistencia cuando desee explorar sus recursos legales. Nuestro equipo de abogados cuenta con m\u00e1s de 90 a\u00f1os de experiencia combinada. Nuestros profesionales legales trabajan de manera estrat\u00e9gica, en\u00e9rgica y \u00e9tica para construir <a href=\"https:\/\/www.mblaw.org\/es\/casos-recientes-de-mb\/\">casos s\u00f3lidos para los clientes<\/a> que han estado involucrados en accidentes.<\/p>\n<h2><span class=\"ez-toc-section\" id=\"what-are-the-dangers-of-oilfields\"><\/span>\u00bfCu\u00e1les son los peligros de los campos petroleros?<span class=\"ez-toc-section-end\"><\/span><\/h2>\n<p>Los yacimientos petrol\u00edferos Lubbock representan una fuente enorme de crecimiento econ\u00f3mico, estabilidad laboral, producci\u00f3n de energ\u00eda e identidad geogr\u00e1fica para esta ciudad y sus habitantes. Sin embargo, la naturaleza intensa y acelerada de estos lugares tambi\u00e9n puede hacer que sean m\u00e1s propensos a sufrir accidentes que otros lugares de trabajo. <strong>Los accidentes comunes pueden incluir, entre otros:<\/strong><\/p>\n<ul>\n<li>Resbalones, tropiezos y ca\u00eddas sobre equipos, cables, alambres, aceite, lodo o <a href=\"https:\/\/www.mblaw.org\/es\/blog\/riesgos-habituales-para-los-trabajadores-de-plataformas-petroliferas\/\">otros peligros<\/a><\/li>\n<li>Accidentes de veh\u00edculos de pasajeros, de trabajo o utilitarios utilizados en las instalaciones.<\/li>\n<li>Explosiones debidas a fallos en los equipos o a la falta de se\u00f1alizaci\u00f3n de las zonas de riesgo.<\/li>\n<li>Quemaduras, exposici\u00f3n al calor o da\u00f1os por humo causados por incendios, chispas o gases de escape.<\/li>\n<li>Exposici\u00f3n a sustancias qu\u00edmicas que causan irritaci\u00f3n de la piel, problemas respiratorios o problemas oculares.<\/li>\n<li>Lesiones tras quedar atrapado entre equipos, veh\u00edculos u otros dispositivos.<\/li>\n<li>Electrocuci\u00f3n debido a cables o placas de circuito expuestos y\/o falta de equipo de seguridad.<\/li>\n<\/ul>\n<p>Estas y otras lesiones pueden ocurrir muy r\u00e1pidamente y sin previo aviso. Incluso si la persona afectada estaba tomando precauciones, la naturaleza de alto riesgo de los lugares de trabajo en los campos petroleros sigue entra\u00f1ando un grave peligro. Cuando una persona involucrada en un incidente como este decide contratar a un abogado especializado en accidentes en campos petroleros, aumenta sus posibilidades de obtener una resoluci\u00f3n justa.<\/p>\n<div class=\"consult-bkg cmn\">\n<div class=\"inr-cmn-box\">\n<div class=\"inr-cmn-box-logo\"><img loading=\"lazy\" decoding=\"async\" src=\"https:\/\/mblaw.org\/wp-content\/uploads\/2024\/11\/ftr-logo-1.webp\" alt=\"ftr-logo-1\" width=\"471\" height=\"158\" \/><\/div>\n<h3><span class=\"ez-toc-section\" id=\"lubbock-oilfield-accident\"><\/span><strong>Accidente en el yacimiento petrol\u00edfero Lubbock<\/strong><span class=\"ez-toc-section-end\"><\/span><\/h3>\n<p>Llame hoy a las Oficinas Legales de Miller &amp; Bicklein al <a href=\"tel:210-366-2400\">210-366-2400<\/a> para una consulta gratuita<\/p>\n<div class=\"inr-cmn-btnbx\">\n<div class=\"inr-cm-btn\"><a href=\"https:\/\/www.mblaw.org\/es\/pongase-en-contacto-con\/\">programar una consulta<\/a><\/div>\n<div class=\"inr-cm-cal\">\n<h6>Llame para una consulta <a href=\"tel:210-366-2400\">210-366-2400<\/a><\/h6>\n<\/div>\n<\/div>\n<\/div>\n<\/div>\n<h2><span class=\"ez-toc-section\" id=\"how-common-are-oilfield-injuries\"><\/span>\u00bfQu\u00e9 tan comunes son las lesiones en los campos petroleros?<span class=\"ez-toc-section-end\"><\/span><\/h2>\n<p>Los Centros para el Control y Prevenci\u00f3n de Enfermedades (CDC) <a href=\"https:\/\/www.cdc.gov\/mmwr\/volumes\/73\/wr\/mm7305a3.htm#:~:text=Results,Natural%20Gas%20Liquid%20Extraction%20subindustry.\" target=\"_blank\" rel=\"noopener\">registr\u00f3 2101 lesiones<\/a> de las industrias de extracci\u00f3n de petr\u00f3leo y gas (OGE) en un periodo reciente de siete a\u00f1os. Esto representa 2,61 TP9T del total de lesiones laborales notificadas durante este tiempo. Teniendo en cuenta el gran n\u00famero de lugares de trabajo para los que los CDC registran tasas, se trata de una parte sustancial de los datos.<\/p>\n<p>En cuanto a los accidentes mortales en el sector del petr\u00f3leo y el gas, <a href=\"https:\/\/hsereview.com\/regional-coverage\/north-america\/explosion-fire-or-burns-leading-cause-of-oil-gas-fatalities?nominify=1\" target=\"_blank\" rel=\"noopener\">Se atribuyeron 41%.<\/a> a explosiones, incendios y quemaduras, con 13 muertes registradas en cinco incidentes. El trece por ciento de <a href=\"https:\/\/www.mblaw.org\/es\/blog\/las-dos-principales-causas-de-mortalidad-entre-los-trabajadores-de-los-yacimientos-petroliferos\/\">muertes<\/a> se debieron a accidentes por golpes. Estos datos sugieren que los accidentes y las muertes en los campos petroleros son un riesgo importante.<\/p>\n<h2><span class=\"ez-toc-section\" id=\"how-a-lubbock-oilfield-accident-attorney-can-help\"><\/span>C\u00f3mo puede ayudarle un abogado especializado en accidentes en campos petrol\u00edferos de Lubbock<span class=\"ez-toc-section-end\"><\/span><\/h2>\n<p>Cuando se produce un accidente en un yacimiento petrol\u00edfero, puede haber mucha confusi\u00f3n e incluso conflictos en cuanto a las medidas adecuadas que se deben tomar. La gravedad de las lesiones, tanto en lo que respecta al da\u00f1o inmediato como a las complicaciones a largo plazo, influye en la forma en que los tribunales de distrito del condado Lubbock, que suelen tramitarlas, pueden recibir las reclamaciones por accidentes en yacimientos petrol\u00edferos.<\/p>\n<p>Dado que la controversia sobre la responsabilidad es habitual en grandes lugares de trabajo con muchos l\u00edderes y normativas superpuestas, es fundamental ponerse en contacto con un profesional que conozca las leyes sobre accidentes en yacimientos petrol\u00edferos en <a href=\"https:\/\/en.wikipedia.org\/wiki\/Lubbock,_Texas\" target=\"_blank\" rel=\"noopener\">Lubbock<\/a>. Los abogados expertos de The Law Offices of Miller &amp; Bicklein, P.C. llevan desde 1994 prestando servicios a v\u00edctimas de lesiones Texas. Saben lo que se necesita para tener \u00e9xito en estos casos y pueden conseguir la m\u00e1xima indemnizaci\u00f3n posible.<\/p>\n<h2><span class=\"ez-toc-section\" id=\"why-victims-shouldnt-rush-or-represent-themselves\"><\/span>Por qu\u00e9 las v\u00edctimas no deben precipitarse ni representarse a s\u00ed mismas<span class=\"ez-toc-section-end\"><\/span><\/h2>\n<p>Cuando una persona sufre una lesi\u00f3n en el lugar de trabajo, a menudo le preocupa superar el problema. El trauma del momento, junto con el posible deseo de volver al trabajo, puede crear una situaci\u00f3n de gran presi\u00f3n que lleve a tomar decisiones precipitadas. La v\u00edctima puede restar importancia al problema o incluso intentar representarse a s\u00ed misma sin el asesoramiento legal adecuado. Esta decisi\u00f3n impulsiva podr\u00eda dar lugar a un error judicial. Consultar a un <strong>Abogado especializado en accidentes en campos petroleros Lubbock<\/strong> de nuestra empresa podr\u00eda revelarle opciones legales que no sab\u00eda que ten\u00eda.<\/p>\n<h2><span class=\"ez-toc-section\" id=\"faqs\"><\/span>Preguntas frecuentes<span class=\"ez-toc-section-end\"><\/span><\/h2>\n<h3><span class=\"ez-toc-section\" id=\"what-are-the-most-common-causes-of-oilfield-accidents-in-texas\"><\/span>\u00bfCu\u00e1les son las causas m\u00e1s comunes de los accidentes en los campos petroleros en Texas?<span class=\"ez-toc-section-end\"><\/span><\/h3>\n<p>Las causas m\u00e1s comunes de accidentes en yacimientos petrol\u00edferos en <a href=\"https:\/\/www.texas.gov\/\" target=\"_blank\" rel=\"noopener\">Texas<\/a> son <a href=\"https:\/\/www.mblaw.org\/es\/lubbock-resbalon-y-caida-abogado\/\">resbalones\/tropezones\/ca\u00eddas<\/a>, accidentes de veh\u00edculos, electrocuci\u00f3n, quemaduras, explosiones e incidentes por golpes o atrapamientos con equipos. Pueden provocar tanto lesiones inmediatas como complicaciones a largo plazo. Estos accidentes pueden deberse a diversos factores, que van desde el mal funcionamiento de los equipos hasta la falta de una formaci\u00f3n adecuada en materia de seguridad y otros errores organizativos.<\/p>\n<h3><span class=\"ez-toc-section\" id=\"who-can-be-held-liable-for-injuries-sustained-in-a-texas-oilfield-accident\"><\/span>\u00bfQui\u00e9n puede ser considerado responsable de las lesiones sufridas en un accidente en un yacimiento petrol\u00edfero Texas?<span class=\"ez-toc-section-end\"><\/span><\/h3>\n<p>Muchas partes pueden ser potencialmente responsables de las lesiones sufridas en un accidente en un yacimiento petrol\u00edfero Texas. Entre ellas se incluyen los empleadores negligentes, los propietarios de inmuebles, los contratistas, los subcontratistas, los fabricantes de equipos y las empresas de veh\u00edculos. Tambi\u00e9n pueden compartir la responsabilidad por un accidente en un yacimiento petrol\u00edfero Texas varias partes, dependiendo de la naturaleza del accidente seg\u00fan lo determinen las autoridades legales.<\/p>\n<h3><span class=\"ez-toc-section\" id=\"what-types-of-compensation-are-available-to-oilfield-workers-injured-on-the-job\"><\/span>\u00bfQu\u00e9 tipos de indemnizaci\u00f3n pueden recibir los trabajadores petroleros que sufren accidentes laborales?<span class=\"ez-toc-section-end\"><\/span><\/h3>\n<p>Existen varios tipos de indemnizaci\u00f3n disponibles para los trabajadores de los campos petroleros que sufren lesiones en el trabajo. Entre ellos se incluyen: <a href=\"https:\/\/www.mblaw.org\/es\/lubbock-abogado-de-compensacion-de-trabajadores\/\">indemnizaci\u00f3n por accidente laboral<\/a> para cubrir los gastos m\u00e9dicos, los salarios perdidos y las discapacidades derivadas del accidente. Tambi\u00e9n puede haber motivos para presentar demandas por da\u00f1os personales contra terceros, que pueden cubrir el dolor y el sufrimiento, la angustia emocional y las p\u00e9rdidas futuras derivadas de los cambios en la vida causados por el accidente.<\/p>\n<h3><span class=\"ez-toc-section\" id=\"how-can-a-texas-lawyer-help-manage-an-oilfield-accident-case\"><\/span>\u00bfC\u00f3mo puede un abogado especializado en Texas ayudar a gestionar un caso de accidente en un yacimiento petrol\u00edfero?<span class=\"ez-toc-section-end\"><\/span><\/h3>\n<p>Un abogado especializado en Texas puede ayudarle a gestionar un caso de accidente en un yacimiento petrol\u00edfero gracias a su profundo conocimiento de la legislaci\u00f3n en materia de accidentes en yacimientos petrol\u00edferos. Un abogado con experiencia en accidentes en yacimientos petrol\u00edferos puede determinar qui\u00e9n es el responsable y a qu\u00e9 indemnizaci\u00f3n tiene derecho. Estos profesionales conocen bien c\u00f3mo suelen tratar estos casos los tribunales Lubbock y pueden defender con confianza sus derechos. Un buen abogado puede proporcionarle asesoramiento jur\u00eddico adecuado a las circunstancias particulares de cada caso.<\/p>\n<h2><span class=\"ez-toc-section\" id=\"hire-an-oilfield-accident-lawyer\"><\/span>Contrate a un abogado especializado en accidentes en campos petroleros<span class=\"ez-toc-section-end\"><\/span><\/h2>\n<p>Un accidente en un yacimiento petrol\u00edfero puede crear una situaci\u00f3n que no solo es dolorosa, sino tambi\u00e9n confusa, frustrante y abrumadora. Con la ayuda de un abogado de confianza especializado en accidentes de The Law Offices of Miller &amp; Bicklein, P.C., podr\u00e1 sentirse seguro al afrontar esta dif\u00edcil situaci\u00f3n. Nuestros abogados luchan con pasi\u00f3n por los derechos de nuestros clientes, bas\u00e1ndose en sus profundos conocimientos jur\u00eddicos y su compromiso con la justicia. Si est\u00e1 listo para empezar a preparar su caso, <a href=\"https:\/\/www.mblaw.org\/es\/pongase-en-contacto-con\/\">Contacte con nosotros<\/a> para una consulta gratuita.<\/p>","protected":false},"excerpt":{"rendered":"<p>Lubbock Oilfield Accident Attorney Oilfield accidents are a common and serious problem in Lubbock. The nature of these worksites presents many risks. If you have been involved in an accident at a site like this, contact a Lubbock oilfield accident lawyer. You can get help navigating the legal process as you seek justice. Even if &hellip; <\/p>\n<p class=\"link-more\"><a href=\"https:\/\/www.mblaw.org\/es\/abogado-especializado-en-accidentes-en-campos-petroleros-de-lubbock\/\" class=\"more-link\">Seguir leyendo<span class=\"screen-reader-text\"> &#8220;Lubbock Oilfield Accident Lawyer&#8221;<\/span><\/a><\/p>","protected":false},"author":1,"featured_media":0,"parent":0,"menu_order":0,"comment_status":"closed","ping_status":"closed","template":"","meta":{"_acf_changed":false,"footnotes":""},"class_list":["post-2739","page","type-page","status-publish","hentry","entry"],"acf":[],"aioseo_notices":[],"_links":{"self":[{"href":"https:\/\/www.mblaw.org\/es\/wp-json\/wp\/v2\/pages\/2739","targetHints":{"allow":["GET"]}}],"collection":[{"href":"https:\/\/www.mblaw.org\/es\/wp-json\/wp\/v2\/pages"}],"about":[{"href":"https:\/\/www.mblaw.org\/es\/wp-json\/wp\/v2\/types\/page"}],"author":[{"embeddable":true,"href":"https:\/\/www.mblaw.org\/es\/wp-json\/wp\/v2\/users\/1"}],"replies":[{"embeddable":true,"href":"https:\/\/www.mblaw.org\/es\/wp-json\/wp\/v2\/comments?post=2739"}],"version-history":[{"count":2,"href":"https:\/\/www.mblaw.org\/es\/wp-json\/wp\/v2\/pages\/2739\/revisions"}],"predecessor-version":[{"id":2755,"href":"https:\/\/www.mblaw.org\/es\/wp-json\/wp\/v2\/pages\/2739\/revisions\/2755"}],"wp:attachment":[{"href":"https:\/\/www.mblaw.org\/es\/wp-json\/wp\/v2\/media?parent=2739"}],"curies":[{"name":"wp","href":"https:\/\/api.w.org\/{rel}","templated":true}]}}