{"id":2788,"date":"2026-01-07T18:32:27","date_gmt":"2026-01-07T18:32:27","guid":{"rendered":"https:\/\/www.mblaw.org\/?page_id=2788"},"modified":"2026-01-07T18:33:05","modified_gmt":"2026-01-07T18:33:05","slug":"abogado-especializado-en-lesiones-graves-en-odessa","status":"publish","type":"page","link":"https:\/\/www.mblaw.org\/es\/abogado-especializado-en-lesiones-graves-en-odessa\/","title":{"rendered":"Abogado especializado en lesiones graves Odessa"},"content":{"rendered":"<p><img loading=\"lazy\" decoding=\"async\" class=\"alignnone wp-image-2797 size-full\" title=\"Abogado especializado en lesiones graves Odessa\" src=\"https:\/\/mblaw.org\/wp-content\/uploads\/2026\/01\/odessa-serious-injury-lawyer.webp\" alt=\"Abogado especializado en lesiones graves Odessa\" width=\"1200\" height=\"600\" srcset=\"https:\/\/www.mblaw.org\/wp-content\/uploads\/2026\/01\/odessa-serious-injury-lawyer.webp 1200w, https:\/\/www.mblaw.org\/wp-content\/uploads\/2026\/01\/odessa-serious-injury-lawyer-300x150.webp 300w, https:\/\/www.mblaw.org\/wp-content\/uploads\/2026\/01\/odessa-serious-injury-lawyer-1024x512.webp 1024w, https:\/\/www.mblaw.org\/wp-content\/uploads\/2026\/01\/odessa-serious-injury-lawyer-768x384.webp 768w, https:\/\/www.mblaw.org\/wp-content\/uploads\/2026\/01\/odessa-serious-injury-lawyer-18x9.webp 18w\" sizes=\"auto, (max-width: 1200px) 100vw, 1200px\" \/><\/p>\n<div id=\"ez-toc-container\" class=\"ez-toc-v2_0_82_2 counter-hierarchy ez-toc-counter ez-toc-transparent ez-toc-container-direction\">\n<div class=\"ez-toc-title-container\">\n<p class=\"ez-toc-title ez-toc-toggle\" style=\"cursor:pointer\">\u00cdndice<\/p>\n<span class=\"ez-toc-title-toggle\"><a href=\"#\" class=\"ez-toc-pull-right ez-toc-btn ez-toc-btn-xs ez-toc-btn-default ez-toc-toggle\" aria-label=\"Toggle Table of Content\"><span class=\"ez-toc-js-icon-con\"><span class=\"\"><span class=\"eztoc-hide\" style=\"display:none;\">Toggle<\/span><span class=\"ez-toc-icon-toggle-span\"><svg style=\"fill: #999;color:#999\" xmlns=\"http:\/\/www.w3.org\/2000\/svg\" class=\"list-377408\" width=\"20px\" height=\"20px\" viewbox=\"0 0 24 24\" fill=\"none\"><path d=\"M6 6H4v2h2V6zm14 0H8v2h12V6zM4 11h2v2H4v-2zm16 0H8v2h12v-2zM4 16h2v2H4v-2zm16 0H8v2h12v-2z\" fill=\"currentColor\"><\/path><\/svg><svg style=\"fill: #999;color:#999\" class=\"arrow-unsorted-368013\" xmlns=\"http:\/\/www.w3.org\/2000\/svg\" width=\"10px\" height=\"10px\" viewbox=\"0 0 24 24\" version=\"1.2\" baseprofile=\"tiny\"><path d=\"M18.2 9.3l-6.2-6.3-6.2 6.3c-.2.2-.3.4-.3.7s.1.5.3.7c.2.2.4.3.7.3h11c.3 0 .5-.1.7-.3.2-.2.3-.5.3-.7s-.1-.5-.3-.7zM5.8 14.7l6.2 6.3 6.2-6.3c.2-.2.3-.5.3-.7s-.1-.5-.3-.7c-.2-.2-.4-.3-.7-.3h-11c-.3 0-.5.1-.7.3-.2.2-.3.5-.3.7s.1.5.3.7z\"\/><\/svg><\/span><\/span><\/span><\/a><\/span><\/div>\n<nav><ul class='ez-toc-list ez-toc-list-level-1 eztoc-toggle-hide-by-default' ><li class='ez-toc-page-1 ez-toc-heading-level-2'><a class=\"ez-toc-link ez-toc-heading-1\" href=\"https:\/\/www.mblaw.org\/es\/abogado-especializado-en-lesiones-graves-en-odessa\/#odessa-serious-injury-attorney\" >Abogado especializado en lesiones graves Odessa<\/a><\/li><li class='ez-toc-page-1 ez-toc-heading-level-2'><a class=\"ez-toc-link ez-toc-heading-2\" href=\"https:\/\/www.mblaw.org\/es\/abogado-especializado-en-lesiones-graves-en-odessa\/#hire-a-serious-injury-lawyer\" >Contrate a un abogado especializado en lesiones graves<\/a><ul class='ez-toc-list-level-3' ><li class='ez-toc-heading-level-3'><a class=\"ez-toc-link ez-toc-heading-3\" href=\"https:\/\/www.mblaw.org\/es\/abogado-especializado-en-lesiones-graves-en-odessa\/#odessa-serious-injury\" >Odessa Lesi\u00f3n grave<\/a><\/li><\/ul><\/li><li class='ez-toc-page-1 ez-toc-heading-level-2'><a class=\"ez-toc-link ez-toc-heading-4\" href=\"https:\/\/www.mblaw.org\/es\/abogado-especializado-en-lesiones-graves-en-odessa\/#reach-out-to-additional-support\" >Busque apoyo adicional<\/a><\/li><li class='ez-toc-page-1 ez-toc-heading-level-2'><a class=\"ez-toc-link ez-toc-heading-5\" href=\"https:\/\/www.mblaw.org\/es\/abogado-especializado-en-lesiones-graves-en-odessa\/#statute-of-limitations\" >Prescripci\u00f3n<\/a><\/li><li class='ez-toc-page-1 ez-toc-heading-level-2'><a class=\"ez-toc-link ez-toc-heading-6\" href=\"https:\/\/www.mblaw.org\/es\/abogado-especializado-en-lesiones-graves-en-odessa\/#faqs\" >Preguntas frecuentes<\/a><ul class='ez-toc-list-level-3' ><li class='ez-toc-heading-level-3'><a class=\"ez-toc-link ez-toc-heading-7\" href=\"https:\/\/www.mblaw.org\/es\/abogado-especializado-en-lesiones-graves-en-odessa\/#what-is-considered-serious-bodily-injury-in-texas\" >\u00bfQu\u00e9 se considera lesi\u00f3n corporal grave en Texas?<\/a><\/li><li class='ez-toc-page-1 ez-toc-heading-level-3'><a class=\"ez-toc-link ez-toc-heading-8\" href=\"https:\/\/www.mblaw.org\/es\/abogado-especializado-en-lesiones-graves-en-odessa\/#what-is-the-hardest-serious-injury-to-prove\" >\u00bfCu\u00e1l es la lesi\u00f3n grave m\u00e1s dif\u00edcil de demostrar?<\/a><\/li><li class='ez-toc-page-1 ez-toc-heading-level-3'><a class=\"ez-toc-link ez-toc-heading-9\" href=\"https:\/\/www.mblaw.org\/es\/abogado-especializado-en-lesiones-graves-en-odessa\/#what-shouldnt-you-say-to-an-injury-lawyer\" >\u00bfQu\u00e9 no debes decirle a un abogado especializado en lesiones?<\/a><\/li><li class='ez-toc-page-1 ez-toc-heading-level-3'><a class=\"ez-toc-link ez-toc-heading-10\" href=\"https:\/\/www.mblaw.org\/es\/abogado-especializado-en-lesiones-graves-en-odessa\/#how-much-can-you-get-for-pain-and-suffering-in-texas\" >\u00bfCu\u00e1nto puede obtener por el dolor y el sufrimiento en Texas?<\/a><\/li><\/ul><\/li><li class='ez-toc-page-1 ez-toc-heading-level-2'><a class=\"ez-toc-link ez-toc-heading-11\" href=\"https:\/\/www.mblaw.org\/es\/abogado-especializado-en-lesiones-graves-en-odessa\/#contact-a-serious-injury-lawyer-today\" >P\u00f3ngase en contacto con un abogado especializado en lesiones graves hoy mismo.<\/a><\/li><\/ul><\/nav><\/div>\n<h2><span class=\"ez-toc-section\" id=\"odessa-serious-injury-attorney\"><\/span>Abogado especializado en lesiones graves Odessa<span class=\"ez-toc-section-end\"><\/span><\/h2>\n<p>Cualquier lesi\u00f3n puede ser muy molesta. Puede arruinarle el d\u00eda, frustrarlo sin fin y llevarlo a tomar decisiones precipitadas que de otra manera no habr\u00eda tomado. Una lesi\u00f3n grave es otra situaci\u00f3n completamente diferente. Las lesiones graves pueden afectar negativamente su vida. Pueden dar lugar a necesidades m\u00e9dicas de por vida, un cambio negativo en su calidad de vida y problemas legales para los responsables. Un <strong>Abogado especializado en lesiones graves Odessa<\/strong> puede ayudarle a construir un caso s\u00f3lido para los da\u00f1os sufridos.<\/p>\n<p>El equipo legal de <a href=\"https:\/\/www.mblaw.org\/es\/acerca-de\/\">Las Oficinas Legales de Miller &amp; Bicklein, P.C.<\/a> entiende lo dif\u00edcil que puede resultar defenderse despu\u00e9s de sufrir una lesi\u00f3n grave. Es importante que las personas adecuadas asuman su responsabilidad, y un <strong>Abogado especializado en lesiones graves Odessa<\/strong> puede ayudarle a construir un caso s\u00f3lido. No querr\u00e1 acabar perdiendo su demanda por lesiones graves por no haber contratado a un buen abogado. Su abogado debe tener experiencia en casos de lesiones graves similares al suyo.<\/p>\n<h2><span class=\"ez-toc-section\" id=\"hire-a-serious-injury-lawyer\"><\/span>Contrate a un abogado especializado en lesiones graves<span class=\"ez-toc-section-end\"><\/span><\/h2>\n<p>Cuando se encuentra en pleno proceso de recuperaci\u00f3n de su lesi\u00f3n, debe contratar a un abogado especializado en lesiones graves para que represente sus intereses y dirija su caso. Este le ayudar\u00e1 a reunir pruebas que demuestren la negligencia y se asegurar\u00e1 de que nadie intente aprovecharse de usted durante este momento tan vulnerable. En el bufete de abogados Miller &amp; Bicklein, P.C., nuestro equipo lleva m\u00e1s de una d\u00e9cada proporcionando a nuestros clientes <a href=\"https:\/\/www.mblaw.org\/es\/casos-recientes-de-mb\/\">servicio dedicado y empat\u00eda<\/a>. Tambi\u00e9n podemos ayudarte.<\/p>\n<p>Es importante comprender lo comunes que pueden ser las lesiones graves a lo largo de Texas, en gran parte como resultado de <a href=\"https:\/\/www.mblaw.org\/es\/odessa-abogado-de-accidente-de-coche\/\">accidentes de tr\u00e1fico<\/a> y <a href=\"https:\/\/www.mblaw.org\/es\/odessa-abogado-de-accidentes-de-trabajo\/\">lesiones laborales<\/a>. Seg\u00fan datos recientes del Departamento de Transporte de Texas, hubo casi <a href=\"https:\/\/www.txdot.gov\/content\/dam\/docs\/division\/trf\/crash-records\/2024\/01.pdf\" target=\"_blank\" rel=\"noopener\">15,000 accidentes con lesiones graves<\/a> en todo el estado en 2023, lo que provoc\u00f3 que m\u00e1s de 18,000 personas sufrieran lesiones graves. La informaci\u00f3n adicional de la OSHA mostr\u00f3 que <a href=\"https:\/\/www.expressnews.com\/news\/texas\/article\/more-people-died-work-texas-20379354.php?utm_content=cta&amp;sid=5b02348a24c17c5e3d90a796&amp;ss=A&amp;st_rid=d3c72afa-4ab9-4dc2-9059-15372ff97a8d&amp;utm_source=newsletter&amp;utm_medium=email&amp;utm_term=news_a&amp;utm_campaign=SAEN_OnOurRadar\" target=\"_blank\" rel=\"noopener\">58 muertes en el lugar de trabajo<\/a> en el estado en 2024.<\/p>\n<div class=\"consult-bkg cmn\">\n<div class=\"inr-cmn-box\">\n<div class=\"inr-cmn-box-logo\"><img loading=\"lazy\" decoding=\"async\" src=\"https:\/\/mblaw.org\/wp-content\/uploads\/2024\/11\/ftr-logo-1.webp\" alt=\"ftr-logo-1\" width=\"471\" height=\"158\" \/><\/div>\n<h3><span class=\"ez-toc-section\" id=\"odessa-serious-injury\"><\/span>Odessa Lesi\u00f3n grave<span class=\"ez-toc-section-end\"><\/span><\/h3>\n<p>Llame hoy a las Oficinas Legales de Miller &amp; Bicklein al <a href=\"tel:210-366-2400\">210-366-2400<\/a> para una consulta gratuita<\/p>\n<div class=\"inr-cmn-btnbx\">\n<div class=\"inr-cm-btn\"><a href=\"https:\/\/www.mblaw.org\/es\/pongase-en-contacto-con\/\">programar una consulta<\/a><\/div>\n<div class=\"inr-cm-cal\">\n<h6>Llame para una consulta <a href=\"tel:210-366-2400\">210-366-2400<\/a><\/h6>\n<\/div>\n<\/div>\n<\/div>\n<\/div>\n<h2><span class=\"ez-toc-section\" id=\"reach-out-to-additional-support\"><\/span>Busque apoyo adicional<span class=\"ez-toc-section-end\"><\/span><\/h2>\n<p>Si sufre una lesi\u00f3n grave en <a href=\"https:\/\/en.wikipedia.org\/wiki\/Odessa,_Texas\" target=\"_blank\" rel=\"noopener\">Odessa<\/a>, es muy probable que tenga que someterse a una intensa fisioterapia y un largo proceso de recuperaci\u00f3n. Quiz\u00e1s le convenga ponerse en contacto con un grupo de fisioterapia local, como Paradigm Physical Therapy o Permian Basin Accident &amp; Injury Clinics. Nunca est\u00e1 de m\u00e1s contar con ayuda cuando se trata de recuperarse de una lesi\u00f3n grave. Tambi\u00e9n puede ser beneficioso hablar con alguien sobre los problemas emocionales que la lesi\u00f3n ha provocado en su vida.<\/p>\n<h2><span class=\"ez-toc-section\" id=\"statute-of-limitations\"><\/span>Prescripci\u00f3n<span class=\"ez-toc-section-end\"><\/span><\/h2>\n<p>Antes de ponerte en contacto con un abogado y empezar a preparar una demanda por da\u00f1os y perjuicios, debes asegurarte de que tu caso cumple con los requisitos de Texas. <a href=\"https:\/\/statutes.capitol.texas.gov\/docs\/cp\/htm\/cp.16.htm\" target=\"_blank\" rel=\"noopener\">prescripci\u00f3n<\/a> para casos de lesiones personales, lo que incluye reclamaciones por lesiones graves. En la mayor\u00eda de los casos, dispone de dos a\u00f1os desde la fecha de la lesi\u00f3n para comenzar a preparar su caso. En ese tiempo, debe establecer los motivos, reunir las pruebas necesarias, ponerse en contacto con un abogado especializado en lesiones graves y presentar su reclamaci\u00f3n para compensar los da\u00f1os y perjuicios que ha sufrido.<\/p>\n<p>Si no puede presentar su demanda antes de que transcurran dos a\u00f1os, es posible que tenga que aceptar el desafortunado hecho de que su caso pueda ser desestimado y que su oportunidad de reclamar da\u00f1os y perjuicios haya terminado. Preparar un caso puede llevar mucho m\u00e1s tiempo de lo que cree, y dos a\u00f1os pueden parecer mucho tiempo ahora, pero en realidad no lo son. Debe empezar lo antes posible.<\/p>\n<h2><span class=\"ez-toc-section\" id=\"faqs\"><\/span>Preguntas frecuentes<span class=\"ez-toc-section-end\"><\/span><\/h2>\n<h3><span class=\"ez-toc-section\" id=\"what-is-considered-serious-bodily-injury-in-texas\"><\/span>\u00bfQu\u00e9 se considera lesi\u00f3n corporal grave en Texas?<span class=\"ez-toc-section-end\"><\/span><\/h3>\n<p>En <a href=\"https:\/\/www.texas.gov\/\" target=\"_blank\" rel=\"noopener\">Texas<\/a>, Cualquier lesi\u00f3n que suponga un riesgo significativo de muerte, una desfiguraci\u00f3n permanente grave o la p\u00e9rdida de un \u00f3rgano puede considerarse una lesi\u00f3n corporal grave. Hay muchas situaciones diferentes que pueden provocar una lesi\u00f3n grave, como un accidente automovil\u00edstico grave, un accidente laboral repentino o un atentado contra su vida. Si sufre una lesi\u00f3n de este tipo, busque atenci\u00f3n m\u00e9dica inmediata y p\u00f3ngase en contacto con un abogado para empezar a preparar el caso.<\/p>\n<h3><span class=\"ez-toc-section\" id=\"what-is-the-hardest-serious-injury-to-prove\"><\/span>\u00bfCu\u00e1l es la lesi\u00f3n grave m\u00e1s dif\u00edcil de demostrar?<span class=\"ez-toc-section-end\"><\/span><\/h3>\n<p>Por lo general, las lesiones graves m\u00e1s dif\u00edciles de demostrar son aquellas que provocan da\u00f1os internos, como <a href=\"https:\/\/www.mblaw.org\/es\/blog\/las-lesiones-cerebrales-traumaticas-pueden-causar-danos-a-largo-plazo\/\">lesiones cerebrales traum\u00e1ticas (LCT)<\/a> y s\u00edndromes de dolor cr\u00f3nico. Carecen de signos visibles claros de da\u00f1o f\u00edsico, pero eso no significa que no est\u00e9s sufriendo un dolor intenso en tu cuerpo. Aseg\u00farate de obtener toda la documentaci\u00f3n m\u00e9dica posible sobre tu lesi\u00f3n, y tu abogado puede incluso traer testigos profesionales para que testifiquen sobre la gravedad de la lesi\u00f3n.<\/p>\n<h3><span class=\"ez-toc-section\" id=\"what-shouldnt-you-say-to-an-injury-lawyer\"><\/span>\u00bfQu\u00e9 no debes decirle a un abogado especializado en lesiones?<span class=\"ez-toc-section-end\"><\/span><\/h3>\n<p>Hay muchas cosas que no debes decirle a un abogado especializado en lesiones. Nunca admitas la culpa por lo que te sucedi\u00f3, ni siquiera te disculpes. No exageres la gravedad de tus lesiones y nunca le mientas a tu abogado sobre lo que sucedi\u00f3. Tu abogado no podr\u00e1 hacer su trabajo correctamente si no conoce todos los detalles de tu caso. No minimices tus lesiones ni tu dolor. S\u00e9 totalmente honesto sobre c\u00f3mo te sientes y qu\u00e9 esperas obtener de tu caso.<\/p>\n<h3><span class=\"ez-toc-section\" id=\"how-much-can-you-get-for-pain-and-suffering-in-texas\"><\/span>\u00bfCu\u00e1nto puede obtener por el dolor y el sufrimiento en Texas?<span class=\"ez-toc-section-end\"><\/span><\/h3>\n<p>En Texas, no hay l\u00edmite para el dolor y el sufrimiento en los casos de lesiones fuera de la negligencia m\u00e9dica. Puede reclamar cualquier cantidad que considere que refleja adecuadamente el dolor que ha sufrido como consecuencia de su lesi\u00f3n grave. Por lo general, cuanto m\u00e1s graves sean sus lesiones, m\u00e1s probabilidades tendr\u00e1 de que se le indemnice por el dolor y el sufrimiento. Su abogado puede ayudarle a calcular una cantidad con la que se sienta c\u00f3modo.<\/p>\n<h2><span class=\"ez-toc-section\" id=\"contact-a-serious-injury-lawyer-today\"><\/span>P\u00f3ngase en contacto con un abogado especializado en lesiones graves hoy mismo.<span class=\"ez-toc-section-end\"><\/span><\/h2>\n<p>Mientras te enfocas en recuperarte de tu lesi\u00f3n grave, debes contar con alguien que se encargue de tu caso, que sepa lo que hace y que se preocupe por el resultado. Es importante contratar a un abogado especializado en lesiones graves con experiencia y determinaci\u00f3n. \u00c9l podr\u00e1 encargarse de tu caso mientras t\u00fa te adaptas a tu nueva normalidad.<\/p>\n<p>En el bufete de abogados Miller &amp; Bicklein, P.C., conocemos las formas m\u00e1s eficaces de ayudarle en su caso. Podemos ayudarle a desarrollar su caso desde el principio, ofrecerle asistencia durante todo el proceso y proteger sus intereses de principio a fin. <a href=\"https:\/\/www.mblaw.org\/es\/pongase-en-contacto-con\/\">P\u00f3ngase en contacto con nosotros<\/a> para hablar con alguien sobre su caso.<\/p>","protected":false},"excerpt":{"rendered":"<p>Odessa Serious Injury Attorney Any time you are injured, it can be infuriating. It can ruin your day, frustrate you to no end, and lead you to make some quick judgments you might otherwise not have made. A serious injury is another situation altogether. Serious injuries can negatively impact your life. They can result in &hellip; <\/p>\n<p class=\"link-more\"><a href=\"https:\/\/www.mblaw.org\/es\/abogado-especializado-en-lesiones-graves-en-odessa\/\" class=\"more-link\">Seguir leyendo<span class=\"screen-reader-text\"> &#8220;Odessa Serious Injury Lawyer&#8221;<\/span><\/a><\/p>","protected":false},"author":1,"featured_media":0,"parent":0,"menu_order":0,"comment_status":"closed","ping_status":"closed","template":"","meta":{"_acf_changed":false,"footnotes":""},"class_list":["post-2788","page","type-page","status-publish","hentry","entry"],"acf":[],"aioseo_notices":[],"_links":{"self":[{"href":"https:\/\/www.mblaw.org\/es\/wp-json\/wp\/v2\/pages\/2788","targetHints":{"allow":["GET"]}}],"collection":[{"href":"https:\/\/www.mblaw.org\/es\/wp-json\/wp\/v2\/pages"}],"about":[{"href":"https:\/\/www.mblaw.org\/es\/wp-json\/wp\/v2\/types\/page"}],"author":[{"embeddable":true,"href":"https:\/\/www.mblaw.org\/es\/wp-json\/wp\/v2\/users\/1"}],"replies":[{"embeddable":true,"href":"https:\/\/www.mblaw.org\/es\/wp-json\/wp\/v2\/comments?post=2788"}],"version-history":[{"count":2,"href":"https:\/\/www.mblaw.org\/es\/wp-json\/wp\/v2\/pages\/2788\/revisions"}],"predecessor-version":[{"id":2804,"href":"https:\/\/www.mblaw.org\/es\/wp-json\/wp\/v2\/pages\/2788\/revisions\/2804"}],"wp:attachment":[{"href":"https:\/\/www.mblaw.org\/es\/wp-json\/wp\/v2\/media?parent=2788"}],"curies":[{"name":"wp","href":"https:\/\/api.w.org\/{rel}","templated":true}]}}