{"id":2790,"date":"2026-01-07T18:00:22","date_gmt":"2026-01-07T18:00:22","guid":{"rendered":"https:\/\/www.mblaw.org\/?page_id=2790"},"modified":"2026-01-07T18:02:22","modified_gmt":"2026-01-07T18:02:22","slug":"abogado-especializado-en-lesiones-laborales-en-lubbock","status":"publish","type":"page","link":"https:\/\/www.mblaw.org\/es\/abogado-especializado-en-lesiones-laborales-en-lubbock\/","title":{"rendered":"Abogado especializado en lesiones laborales Lubbock"},"content":{"rendered":"<p><img loading=\"lazy\" decoding=\"async\" class=\"alignnone wp-image-2799 size-full\" title=\"Abogado especializado en lesiones laborales Lubbock\" src=\"https:\/\/mblaw.org\/wp-content\/uploads\/2026\/01\/lubbock-work-injury-lawyer.webp\" alt=\"Abogado especializado en lesiones laborales Lubbock\" width=\"1200\" height=\"600\" srcset=\"https:\/\/www.mblaw.org\/wp-content\/uploads\/2026\/01\/lubbock-work-injury-lawyer.webp 1200w, https:\/\/www.mblaw.org\/wp-content\/uploads\/2026\/01\/lubbock-work-injury-lawyer-300x150.webp 300w, https:\/\/www.mblaw.org\/wp-content\/uploads\/2026\/01\/lubbock-work-injury-lawyer-1024x512.webp 1024w, https:\/\/www.mblaw.org\/wp-content\/uploads\/2026\/01\/lubbock-work-injury-lawyer-768x384.webp 768w, https:\/\/www.mblaw.org\/wp-content\/uploads\/2026\/01\/lubbock-work-injury-lawyer-18x9.webp 18w\" sizes=\"auto, (max-width: 1200px) 100vw, 1200px\" \/><\/p>\n<div id=\"ez-toc-container\" class=\"ez-toc-v2_0_82_2 counter-hierarchy ez-toc-counter ez-toc-transparent ez-toc-container-direction\">\n<div class=\"ez-toc-title-container\">\n<p class=\"ez-toc-title ez-toc-toggle\" style=\"cursor:pointer\">\u00cdndice<\/p>\n<span class=\"ez-toc-title-toggle\"><a href=\"#\" class=\"ez-toc-pull-right ez-toc-btn ez-toc-btn-xs ez-toc-btn-default ez-toc-toggle\" aria-label=\"Toggle Table of Content\"><span class=\"ez-toc-js-icon-con\"><span class=\"\"><span class=\"eztoc-hide\" style=\"display:none;\">Toggle<\/span><span class=\"ez-toc-icon-toggle-span\"><svg style=\"fill: #999;color:#999\" xmlns=\"http:\/\/www.w3.org\/2000\/svg\" class=\"list-377408\" width=\"20px\" height=\"20px\" viewbox=\"0 0 24 24\" fill=\"none\"><path d=\"M6 6H4v2h2V6zm14 0H8v2h12V6zM4 11h2v2H4v-2zm16 0H8v2h12v-2zM4 16h2v2H4v-2zm16 0H8v2h12v-2z\" fill=\"currentColor\"><\/path><\/svg><svg style=\"fill: #999;color:#999\" class=\"arrow-unsorted-368013\" xmlns=\"http:\/\/www.w3.org\/2000\/svg\" width=\"10px\" height=\"10px\" viewbox=\"0 0 24 24\" version=\"1.2\" baseprofile=\"tiny\"><path d=\"M18.2 9.3l-6.2-6.3-6.2 6.3c-.2.2-.3.4-.3.7s.1.5.3.7c.2.2.4.3.7.3h11c.3 0 .5-.1.7-.3.2-.2.3-.5.3-.7s-.1-.5-.3-.7zM5.8 14.7l6.2 6.3 6.2-6.3c.2-.2.3-.5.3-.7s-.1-.5-.3-.7c-.2-.2-.4-.3-.7-.3h-11c-.3 0-.5.1-.7.3-.2.2-.3.5-.3.7s.1.5.3.7z\"\/><\/svg><\/span><\/span><\/span><\/a><\/span><\/div>\n<nav><ul class='ez-toc-list ez-toc-list-level-1 eztoc-toggle-hide-by-default' ><li class='ez-toc-page-1 ez-toc-heading-level-2'><a class=\"ez-toc-link ez-toc-heading-1\" href=\"https:\/\/www.mblaw.org\/es\/abogado-especializado-en-lesiones-laborales-en-lubbock\/#lubbock-work-injury-attorney\" >Abogado especializado en lesiones laborales Lubbock<\/a><\/li><li class='ez-toc-page-1 ez-toc-heading-level-2'><a class=\"ez-toc-link ez-toc-heading-2\" href=\"https:\/\/www.mblaw.org\/es\/abogado-especializado-en-lesiones-laborales-en-lubbock\/#hire-a-work-injury-lawyer\" >Contratar a un abogado especializado en accidentes laborales<\/a><ul class='ez-toc-list-level-3' ><li class='ez-toc-heading-level-3'><a class=\"ez-toc-link ez-toc-heading-3\" href=\"https:\/\/www.mblaw.org\/es\/abogado-especializado-en-lesiones-laborales-en-lubbock\/#lubbock-work-injury\" >Lubbock Lesi\u00f3n laboral<\/a><\/li><\/ul><\/li><li class='ez-toc-page-1 ez-toc-heading-level-2'><a class=\"ez-toc-link ez-toc-heading-4\" href=\"https:\/\/www.mblaw.org\/es\/abogado-especializado-en-lesiones-laborales-en-lubbock\/#seek-out-physical-therapy-help\" >Busque ayuda de fisioterapia<\/a><\/li><li class='ez-toc-page-1 ez-toc-heading-level-2'><a class=\"ez-toc-link ez-toc-heading-5\" href=\"https:\/\/www.mblaw.org\/es\/abogado-especializado-en-lesiones-laborales-en-lubbock\/#what-to-do-after-a-work-injury-in-texas\" >Qu\u00e9 hacer despu\u00e9s de un accidente laboral en Texas<\/a><\/li><li class='ez-toc-page-1 ez-toc-heading-level-2'><a class=\"ez-toc-link ez-toc-heading-6\" href=\"https:\/\/www.mblaw.org\/es\/abogado-especializado-en-lesiones-laborales-en-lubbock\/#faqs\" >Preguntas frecuentes<\/a><ul class='ez-toc-list-level-3' ><li class='ez-toc-heading-level-3'><a class=\"ez-toc-link ez-toc-heading-7\" href=\"https:\/\/www.mblaw.org\/es\/abogado-especializado-en-lesiones-laborales-en-lubbock\/#can-i-take-legal-action-against-my-employer-for-a-work-injury-in-texas\" >\u00bfPuedo emprender acciones legales contra mi empleador por un accidente laboral en Texas?<\/a><\/li><li class='ez-toc-page-1 ez-toc-heading-level-3'><a class=\"ez-toc-link ez-toc-heading-8\" href=\"https:\/\/www.mblaw.org\/es\/abogado-especializado-en-lesiones-laborales-en-lubbock\/#how-much-does-a-work-injury-lawyer-cost-in-texas\" >\u00bfCu\u00e1nto cuesta un abogado especializado en lesiones laborales en Texas?<\/a><\/li><li class='ez-toc-page-1 ez-toc-heading-level-3'><a class=\"ez-toc-link ez-toc-heading-9\" href=\"https:\/\/www.mblaw.org\/es\/abogado-especializado-en-lesiones-laborales-en-lubbock\/#what-is-the-hardest-work-injury-to-prove\" >\u00bfCu\u00e1l es la lesi\u00f3n laboral m\u00e1s dif\u00edcil de demostrar?<\/a><\/li><li class='ez-toc-page-1 ez-toc-heading-level-3'><a class=\"ez-toc-link ez-toc-heading-10\" href=\"https:\/\/www.mblaw.org\/es\/abogado-especializado-en-lesiones-laborales-en-lubbock\/#how-much-can-you-get-for-a-workplace-injury-in-texas\" >\u00bfCu\u00e1nto puede obtener por una lesi\u00f3n laboral en Texas?<\/a><\/li><\/ul><\/li><li class='ez-toc-page-1 ez-toc-heading-level-2'><a class=\"ez-toc-link ez-toc-heading-11\" href=\"https:\/\/www.mblaw.org\/es\/abogado-especializado-en-lesiones-laborales-en-lubbock\/#contact-a-lawyer-today\" >P\u00f3ngase en contacto con un abogado hoy mismo<\/a><\/li><\/ul><\/nav><\/div>\n<h2><span class=\"ez-toc-section\" id=\"lubbock-work-injury-attorney\"><\/span>Abogado especializado en lesiones laborales Lubbock<span class=\"ez-toc-section-end\"><\/span><\/h2>\n<p>No hay nada de malo en esperar un trato justo y seguridad en el lugar de trabajo. Cuando se ve involucrado en un desafortunado accidente laboral y sufre una lesi\u00f3n, es importante saber cu\u00e1les son sus opciones en cuanto a acciones legales y compensaci\u00f3n. Si nunca ha pasado por algo as\u00ed antes, es comprensible que se sienta confundido y aprensivo. Por eso debe ponerse en contacto con un <strong>Abogado especializado en lesiones laborales Lubbock<\/strong> para conocer cu\u00e1les son sus opciones.<\/p>\n<p>El equipo legal de <a href=\"https:\/\/www.mblaw.org\/es\/acerca-de\/\">Las Oficinas Legales de Miller &amp; Bicklein, P.C.<\/a> entiende lo dif\u00edcil que puede resultar reclamar una indemnizaci\u00f3n por da\u00f1os y perjuicios tras un accidente laboral en Texas. Contar con un <strong>Abogado especializado en lesiones laborales Lubbock<\/strong> a su lado puede simplificar las cosas y darle la tranquilidad de saber que su reclamaci\u00f3n por accidente laboral est\u00e1 siendo gestionada por las personas adecuadas. Un buen abogado especializado en accidentes laborales tiene experiencia. <a href=\"https:\/\/www.mblaw.org\/es\/casos-recientes-de-mb\/\">tratamiento de casos como el suyo<\/a>, as\u00ed como el conocimiento de las leyes estatales sobre lesiones laborales que se aplican a su caso.<\/p>\n<h2><span class=\"ez-toc-section\" id=\"hire-a-work-injury-lawyer\"><\/span>Contratar a un abogado especializado en accidentes laborales<span class=\"ez-toc-section-end\"><\/span><\/h2>\n<p>Si se est\u00e1 recuperando de una lesi\u00f3n sufrida en el trabajo, debe contratar a un abogado especializado en lesiones laborales para que se encargue de su caso y reclame la indemnizaci\u00f3n por da\u00f1os y perjuicios de la forma adecuada. Su prioridad debe ser recuperarse, lo que puede llevar mucho tiempo si su lesi\u00f3n es grave. En el bufete de abogados Miller &amp; Bicklein, P.C., nuestro equipo lleva m\u00e1s de una d\u00e9cada trabajando juntos, proporcionando un servicio personalizado de calidad y una representaci\u00f3n dedicada a todos nuestros clientes. Podemos aportar tranquilidad, concentraci\u00f3n y empat\u00eda a su caso de lesi\u00f3n laboral.<\/p>\n<p>Es importante comprender que las lesiones relacionadas con el trabajo no son infrecuentes en Texas. Seg\u00fan datos recientes recopilados por el Departamento de Seguros de Texas, hubo <a href=\"https:\/\/www.tdi.texas.gov\/wc\/safety\/sis\/fathomepage.html\" target=\"_blank\" rel=\"noopener\">564 accidentes laborales mortales<\/a> en todo el estado en 2023. Datos estad\u00edsticos adicionales mostraron que la tasa de lesiones y enfermedades laborales no mortales ese mismo a\u00f1o fue de <a href=\"https:\/\/www.tdi.texas.gov\/wc\/safety\/sis\/nonfatalhomepag.html\" target=\"_blank\" rel=\"noopener\">1,8 por cada 100 trabajadores a tiempo completo<\/a>. Si sufre una lesi\u00f3n en el lugar de trabajo, debe ponerse en contacto con un abogado de inmediato para conocer cu\u00e1les son sus opciones.<\/p>\n<div class=\"consult-bkg cmn\">\n<div class=\"inr-cmn-box\">\n<div class=\"inr-cmn-box-logo\"><img loading=\"lazy\" decoding=\"async\" src=\"https:\/\/mblaw.org\/wp-content\/uploads\/2024\/11\/ftr-logo-1.webp\" alt=\"ftr-logo-1\" width=\"471\" height=\"158\" \/><\/div>\n<h3><span class=\"ez-toc-section\" id=\"lubbock-work-injury\"><\/span>Lubbock Lesi\u00f3n laboral<span class=\"ez-toc-section-end\"><\/span><\/h3>\n<p>Llame hoy a las Oficinas Legales de Miller &amp; Bicklein al <a href=\"tel:210-366-2400\">210-366-2400<\/a> para una consulta gratuita<\/p>\n<div class=\"inr-cmn-btnbx\">\n<div class=\"inr-cm-btn\"><a href=\"https:\/\/www.mblaw.org\/es\/pongase-en-contacto-con\/\">programar una consulta<\/a><\/div>\n<div class=\"inr-cm-cal\">\n<h6>Llame para una consulta <a href=\"tel:210-366-2400\">210-366-2400<\/a><\/h6>\n<\/div>\n<\/div>\n<\/div>\n<\/div>\n<h2><span class=\"ez-toc-section\" id=\"seek-out-physical-therapy-help\"><\/span>Busque ayuda de fisioterapia<span class=\"ez-toc-section-end\"><\/span><\/h2>\n<p>Dependiendo de la naturaleza de su lesi\u00f3n, es posible que necesite fisioterapia y rehabilitaci\u00f3n intensivas para recuperarse completamente de lo que le ha sucedido. Deber\u00eda considerar ponerse en contacto con un grupo de fisioterapia local, como FYZICAL Therapy &amp; Balance Center o Bryce Olson Physical Therapy. Puede ser bueno tener un objetivo en mente en lo que respecta a la recuperaci\u00f3n. Mientras que su abogado en <a href=\"https:\/\/en.wikipedia.org\/wiki\/Lubbock,_Texas\" target=\"_blank\" rel=\"noopener\">Lubbock<\/a> se encarga de los aspectos legales, t\u00fa debes concentrarte en hacer todo lo posible por mejorar.<\/p>\n<h2><span class=\"ez-toc-section\" id=\"what-to-do-after-a-work-injury-in-texas\"><\/span>Qu\u00e9 hacer despu\u00e9s de un accidente laboral en Texas<span class=\"ez-toc-section-end\"><\/span><\/h2>\n<p>Hay muchos pasos importantes que debe seguir despu\u00e9s de sufrir un accidente laboral para asegurarse de que recibe la indemnizaci\u00f3n adecuada y de que las personas responsables de lo que le ha sucedido rinden cuentas por ello. <a href=\"https:\/\/www.tdi.texas.gov\/wc\/act\/documents\/act89.pdf\" target=\"_blank\" rel=\"noopener\">Texas ley estatal<\/a> permite a los empleadores optar por no participar en <a href=\"https:\/\/www.mblaw.org\/es\/blog\/como-funciona-la-compensacion-de-trabajadores-en-texas\/\">indemnizaci\u00f3n por accidente laboral<\/a>, lo que puede exponerlos a riesgos legales adicionales en caso de accidente laboral. Es necesario que sepa c\u00f3mo protegerse. <strong>Aqu\u00ed hay algunas cosas que puede hacer despu\u00e9s de sufrir un accidente laboral en Texas:<\/strong><\/p>\n<ul>\n<li><strong>Busque atenci\u00f3n m\u00e9dica inmediata.<\/strong> Lo primero en lo que debe pensar es en su propia salud. Llame al 911 y obtenga atenci\u00f3n m\u00e9dica profesional r\u00e1pidamente, incluso si sus lesiones parecen leves. Necesitar\u00e1 documentaci\u00f3n m\u00e9dica de sus lesiones para su reclamaci\u00f3n.<\/li>\n<li><strong>Denuncia el incidente a tu empleador.<\/strong> Tu empleador necesita saber lo que pas\u00f3. Debes reportar el incidente en un plazo de 30 d\u00edas y hacer un seguimiento por escrito con el mayor detalle posible. Esto crea un registro documental que puede ser \u00fatil a la hora de presentar tu reclamaci\u00f3n. Aunque tienes 30 d\u00edas para hacerlo, se recomienda que reportes el incidente lo antes posible.<\/li>\n<li><strong>Documenta todo.<\/strong> Cuanta m\u00e1s documentaci\u00f3n tenga, mejor. Tome fotos de sus lesiones y del lugar del accidente. Hable con los testigos y obtenga sus declaraciones. Guarde todas sus facturas y registros m\u00e9dicos.<\/li>\n<li><strong>Confirme la situaci\u00f3n de su empleador.<\/strong> P\u00f3ngase en contacto con el departamento de recursos humanos de su empresa y averig\u00fce si su empresa tiene contratado un seguro de compensaci\u00f3n laboral. Si no es as\u00ed, debe ponerse en contacto con un abogado para determinar el curso de acci\u00f3n m\u00e1s eficaz para su reclamaci\u00f3n legal.<\/li>\n<\/ul>\n<h2><span class=\"ez-toc-section\" id=\"faqs\"><\/span>Preguntas frecuentes<span class=\"ez-toc-section-end\"><\/span><\/h2>\n<h3><span class=\"ez-toc-section\" id=\"can-i-take-legal-action-against-my-employer-for-a-work-injury-in-texas\"><\/span>\u00bfPuedo emprender acciones legales contra mi empleador por un accidente laboral en Texas?<span class=\"ez-toc-section-end\"><\/span><\/h3>\n<p>S\u00ed, puede emprender acciones legales contra su empleador por una lesi\u00f3n laboral en <a href=\"https:\/\/www.texas.gov\/\" target=\"_blank\" rel=\"noopener\">Texas<\/a>, pero solo si han optado por no suscribirse al seguro de compensaci\u00f3n laboral. Hacerlo es opcional en Texas. Si no est\u00e1 sujeto a la compensaci\u00f3n laboral, puede ponerse en contacto con un <a href=\"https:\/\/www.mblaw.org\/es\/lubbock-abogado-de-compensacion-de-trabajadores\/\">Lubbock abogado de indemnizaci\u00f3n laboral<\/a> y presentar una demanda por negligencia para reclamar los gastos m\u00e9dicos, los salarios perdidos y el da\u00f1o moral. Si su empresa cuenta con un seguro de compensaci\u00f3n laboral, por lo general no podr\u00e1 emprender acciones legales, salvo en circunstancias muy concretas.<\/p>\n<h3><span class=\"ez-toc-section\" id=\"how-much-does-a-work-injury-lawyer-cost-in-texas\"><\/span>\u00bfCu\u00e1nto cuesta un abogado especializado en lesiones laborales en Texas?<span class=\"ez-toc-section-end\"><\/span><\/h3>\n<p>No se puede saber cu\u00e1nto puede costar una lesi\u00f3n laboral en Texas, ya que cada caso de lesi\u00f3n laboral es diferente y tiene sus propios factores contribuyentes. Esos factores pueden influir directamente en el costo total de su caso, incluyendo los honorarios de su abogado. Muchos abogados especializados en lesiones personales en Texas trabajan a comisi\u00f3n, lo que significa que solo les pagar\u00e1 si ganan el caso. El porcentaje que se llevan de su indemnizaci\u00f3n en caso de ganar se determina generalmente de antemano.<\/p>\n<h3><span class=\"ez-toc-section\" id=\"what-is-the-hardest-work-injury-to-prove\"><\/span>\u00bfCu\u00e1l es la lesi\u00f3n laboral m\u00e1s dif\u00edcil de demostrar?<span class=\"ez-toc-section-end\"><\/span><\/h3>\n<p>En un accidente laboral, las lesiones m\u00e1s dif\u00edciles de demostrar son aquellas que provocan da\u00f1os en los tejidos blandos, s\u00edndromes de dolor cr\u00f3nico y trastornos psicol\u00f3gicos. Las tres lesiones son dif\u00edciles de demostrar f\u00edsicamente y pueden presentar s\u00edntomas subjetivos. Por eso es tan importante contar con documentaci\u00f3n m\u00e9dica de sus lesiones. Si un profesional m\u00e9dico afirma que usted padece estas afecciones, su palabra puede tener bastante peso.<\/p>\n<h3><span class=\"ez-toc-section\" id=\"how-much-can-you-get-for-a-workplace-injury-in-texas\"><\/span>\u00bfCu\u00e1nto puede obtener por una lesi\u00f3n laboral en Texas?<span class=\"ez-toc-section-end\"><\/span><\/h3>\n<p>Si su empresa no cuenta con un seguro de compensaci\u00f3n laboral, no hay l\u00edmite en la cantidad de da\u00f1os y perjuicios que puede reclamar en una demanda por negligencia contra su empresa. Puede solicitar una indemnizaci\u00f3n por salarios perdidos, gastos m\u00e9dicos, <a href=\"https:\/\/www.mblaw.org\/es\/blog\/que-son-las-lesiones-emocionales-relacionadas-con-el-trabajo\/\">angustia emocional<\/a>, y el dolor y el sufrimiento. Puede reclamar cualquier cantidad que considere adecuada para reflejar todo lo que ha sufrido a causa del accidente.<\/p>\n<h2><span class=\"ez-toc-section\" id=\"contact-a-lawyer-today\"><\/span>P\u00f3ngase en contacto con un abogado hoy mismo<span class=\"ez-toc-section-end\"><\/span><\/h2>\n<p>En el bufete de abogados Miller &amp; Bicklein, P.C., podemos ayudarle a preparar su caso tras sufrir un accidente laboral. <a href=\"https:\/\/www.mblaw.org\/es\/pongase-en-contacto-con\/\">P\u00f3ngase en contacto con nosotros<\/a> Hablar con alguien que pueda ayudar.<\/p>","protected":false},"excerpt":{"rendered":"<p>Lubbock Work Injury Attorney There is nothing wrong with expecting fair treatment and safety in the workplace. When you are involved in an unfortunate workplace accident and suffer an injury, it\u2019s important to know what your options are regarding legal action and compensation. If you\u2019ve never been through something like this before, it\u2019s understandable to &hellip; <\/p>\n<p class=\"link-more\"><a href=\"https:\/\/www.mblaw.org\/es\/abogado-especializado-en-lesiones-laborales-en-lubbock\/\" class=\"more-link\">Seguir leyendo<span class=\"screen-reader-text\"> &#8220;Lubbock Work Injury Lawyer&#8221;<\/span><\/a><\/p>","protected":false},"author":1,"featured_media":0,"parent":0,"menu_order":0,"comment_status":"closed","ping_status":"closed","template":"","meta":{"_acf_changed":false,"footnotes":""},"class_list":["post-2790","page","type-page","status-publish","hentry","entry"],"acf":[],"aioseo_notices":[],"_links":{"self":[{"href":"https:\/\/www.mblaw.org\/es\/wp-json\/wp\/v2\/pages\/2790","targetHints":{"allow":["GET"]}}],"collection":[{"href":"https:\/\/www.mblaw.org\/es\/wp-json\/wp\/v2\/pages"}],"about":[{"href":"https:\/\/www.mblaw.org\/es\/wp-json\/wp\/v2\/types\/page"}],"author":[{"embeddable":true,"href":"https:\/\/www.mblaw.org\/es\/wp-json\/wp\/v2\/users\/1"}],"replies":[{"embeddable":true,"href":"https:\/\/www.mblaw.org\/es\/wp-json\/wp\/v2\/comments?post=2790"}],"version-history":[{"count":3,"href":"https:\/\/www.mblaw.org\/es\/wp-json\/wp\/v2\/pages\/2790\/revisions"}],"predecessor-version":[{"id":2802,"href":"https:\/\/www.mblaw.org\/es\/wp-json\/wp\/v2\/pages\/2790\/revisions\/2802"}],"wp:attachment":[{"href":"https:\/\/www.mblaw.org\/es\/wp-json\/wp\/v2\/media?parent=2790"}],"curies":[{"name":"wp","href":"https:\/\/api.w.org\/{rel}","templated":true}]}}