{"id":32,"date":"2022-01-06T11:58:58","date_gmt":"2022-01-06T11:58:58","guid":{"rendered":"https:\/\/www.mblaw.org\/?page_id=32"},"modified":"2025-03-03T05:30:50","modified_gmt":"2025-03-03T05:30:50","slug":"descargo-de-responsabilidad","status":"publish","type":"page","link":"https:\/\/www.mblaw.org\/es\/descargo-de-responsabilidad\/","title":{"rendered":"Descargo de responsabilidad"},"content":{"rendered":"<p><!--The information you obtain at this site is not, nor is it intended to be, legal advice. You should consult an attorney for advice regarding your individual situation. We invite you to contact us and welcome your calls, letters and electronic mail. Contacting us does not create an attorney-client relationship. Please do not send any confidential information to us until such time as an attorney-client relationship has been established.--><\/p>\n<p>Este sitio web s\u00f3lo pretende ofrecer informaci\u00f3n general. Nada de lo contenido en este sitio web pretende proporcionar asesoramiento jur\u00eddico. Al utilizar este sitio web, usted reconoce y acepta que no ha establecido una relaci\u00f3n abogado-cliente con The Law Offices of Miller &amp; Bicklein, P.C. y que no confiar\u00e1 en ninguna informaci\u00f3n contenida en este sitio web. A menos que y hasta que un acuerdo formal de retenci\u00f3n haya sido plenamente ejecutado entre The Law Offices of Miller &amp; Bicklein, P.C. y usted, no tomaremos ninguna acci\u00f3n en su nombre. Tenga en cuenta que todos los casos tienen plazos o \"estatutos de limitaciones\" en los que debe presentar una demanda o cargo administrativo. Nuestra capacidad para analizar su caso potencial depende enteramente de la exactitud de la informaci\u00f3n que usted nos proporcione. Los veredictos\/acuerdos no constituyen una garant\u00eda o predicci\u00f3n sobre el resultado de su caso y pueden no representar la disposici\u00f3n final del caso v\u00eda apelaci\u00f3n, acuerdo o por otros medios. Cada caso es diferente y ning\u00fan abogado puede garantizarle un resultado favorable.<\/p>","protected":false},"excerpt":{"rendered":"<p>This website is intended to provide general information only. Nothing contained in this website is intended to provide legal advice. By using this website you acknowledge and agree that you have not formed an attorney-client relationship with The Law Offices of Miller &#038; Bicklein, P.C. and will not rely on any information contained on this &hellip; <\/p>\n<p class=\"link-more\"><a href=\"https:\/\/www.mblaw.org\/es\/descargo-de-responsabilidad\/\" class=\"more-link\">Seguir leyendo<span class=\"screen-reader-text\"> &#8220;Disclaimer&#8221;<\/span><\/a><\/p>","protected":false},"author":1,"featured_media":0,"parent":0,"menu_order":0,"comment_status":"closed","ping_status":"closed","template":"","meta":{"_acf_changed":false,"footnotes":""},"class_list":["post-32","page","type-page","status-publish","hentry","entry"],"acf":[],"aioseo_notices":[],"_links":{"self":[{"href":"https:\/\/www.mblaw.org\/es\/wp-json\/wp\/v2\/pages\/32","targetHints":{"allow":["GET"]}}],"collection":[{"href":"https:\/\/www.mblaw.org\/es\/wp-json\/wp\/v2\/pages"}],"about":[{"href":"https:\/\/www.mblaw.org\/es\/wp-json\/wp\/v2\/types\/page"}],"author":[{"embeddable":true,"href":"https:\/\/www.mblaw.org\/es\/wp-json\/wp\/v2\/users\/1"}],"replies":[{"embeddable":true,"href":"https:\/\/www.mblaw.org\/es\/wp-json\/wp\/v2\/comments?post=32"}],"version-history":[{"count":3,"href":"https:\/\/www.mblaw.org\/es\/wp-json\/wp\/v2\/pages\/32\/revisions"}],"predecessor-version":[{"id":1880,"href":"https:\/\/www.mblaw.org\/es\/wp-json\/wp\/v2\/pages\/32\/revisions\/1880"}],"wp:attachment":[{"href":"https:\/\/www.mblaw.org\/es\/wp-json\/wp\/v2\/media?parent=32"}],"curies":[{"name":"wp","href":"https:\/\/api.w.org\/{rel}","templated":true}]}}